{"id":17707,"date":"2023-12-08T17:39:45","date_gmt":"2023-12-08T16:39:45","guid":{"rendered":"https:\/\/luxul.lu\/horizontales-klappbett\/"},"modified":"2023-12-08T17:39:48","modified_gmt":"2023-12-08T16:39:48","slug":"horizontales-klappbett","status":"publish","type":"page","link":"https:\/\/luxbed.lu\/de\/horizontales-klappbett\/","title":{"rendered":"Horizontales Klappbett"},"content":{"rendered":"<div class=\"wpb-content-wrapper\"><p>[vc_row css=&#8220;.vc_custom_1500912588648{margin-bottom: 5vh !important;}&#8220; el_class=&#8220;z-index-h position-relative&#8220;][vc_column]\n\t\t<div id=\"wd-5fb7a86f2d5b0\" class=\"title-wrapper wd-wpb wd-set-mb reset-last-child  wd-rs-5fb7a86f2d5b0 wd-title-color-primary wd-title-style-default text-center vc_custom_1605871820340 wd-width-enabled wd-underline-colored\" style=\"--wd-max-width: 60%;\">\n\t\t\t\t\t\t\t\n\t\t\t\t<div class=\"title-subtitle  subtitle-color-primary font-default subtitle-style-default wd-font-weight-600 wd-fontsize-xs\">Die besten horizontalen Klappbetten in Luxemburg!<\/div>\n\t\t\t\n\t\t\t<div class=\"liner-continer\">\n\t\t\t\t<h1 class=\"woodmart-title-container title  wd-font-weight- wd-fontsize-l\" >Horizontales Ausziehbett: Platzsparend par excellence<\/h1>\n\t\t\t\t\t\t\t<\/div>\n\t\t\t\n\t\t\t\n\t\t\t\n\t\t<\/div>\n\t\t\n\t\t[vc_column_text text_larger=&#8220;no&#8220;]<\/p>\n<p style=\"text-align: center;\"><strong>Das horizontale Ausziehbett<\/strong> bietet alle Vorteile eines klassischen Ausziehbetts, garantiert aber noch mehr Platzersparnis! F\u00fcr ein Schlafzimmer, ein Wohnzimmer oder ein B\u00fcro ist es das ideale M\u00f6belst\u00fcck, um Ihre Wohnung <strong>effektiv einzurichten<\/strong>. Das Bett ist in verschiedenen Gr\u00f6\u00dfen erh\u00e4ltlich, sodass jeder das passende Modell f\u00fcr sich finden kann.<\/p>\n<p>[\/vc_column_text][vc_raw_html]W2pnbS1mZWF0dXJlZC1jYXJvdXNlbCB0aXRsZT0iV2FzIHVuc2VyZSBLdW5kZW4gw7xiZXIgdW5zZXJlIFByb2R1a3RlIGRlbmtlbiEiIGFsbC1yZXZpZXdzLXBhZ2U9Ii9hdmlzIl0=[\/vc_raw_html][\/vc_column][\/vc_row][vc_row css=&#8220;.vc_custom_1612609483200{padding-top: 40px !important;}&#8220; mobile_bg_img_hidden=&#8220;no&#8220; tablet_bg_img_hidden=&#8220;no&#8220; woodmart_parallax=&#8220;0&#8243; woodmart_gradient_switch=&#8220;no&#8220; row_reverse_mobile=&#8220;0&#8243; row_reverse_tablet=&#8220;0&#8243; woodmart_disable_overflow=&#8220;0&#8243;][vc_column]\t\t\t<div id=\"\" class=\"wd-products-element wd-wpb\">\n\t\t\t\n\t\t\n\t\t\t\t\t<div class=\"products wd-products  grid-columns-2 elements-grid wd-grid-g products-bordered-grid title-line-two\" data-paged=\"1\" data-atts=\"{&quot;taxonomies&quot;:&quot;207&quot;,&quot;items_per_page&quot;:&quot;99&quot;,&quot;columns&quot;:&quot;2&quot;,&quot;sale_countdown&quot;:&quot;0&quot;,&quot;stock_progress_bar&quot;:&quot;0&quot;,&quot;highlighted_products&quot;:&quot;0&quot;,&quot;products_bordered_grid&quot;:&quot;1&quot;,&quot;exclude&quot;:&quot;7420&quot;,&quot;force_not_ajax&quot;:&quot;no&quot;}\" data-source=\"shortcode\" data-columns=\"2\" data-grid-gallery=\"\" style=\"--wd-col-lg:2;--wd-col-md:2;--wd-col-sm:2;--wd-gap-lg:20px;--wd-gap-sm:10px;\">\n\t\t\t<div class=\"wd-product wd-with-labels wd-hover-standard wd-col product-grid-item product type-product post-18703 status-publish instock product_cat-horizontales-schrankbett product_cat-schrankbett product_cat-schrankbett-mit-sofa has-post-thumbnail sale taxable shipping-taxable purchasable product-type-simple\" data-loop=\"1\" data-id=\"18703\">\n\t\n\t\n<div class=\"product-wrapper\">\n\t<div class=\"product-element-top wd-quick-shop\">\n\t\t<a href=\"https:\/\/luxbed.lu\/de\/horizontales-schrankbett-2-sitzer\/\" class=\"product-image-link\">\n\t\t\t<div class=\"product-labels labels-rectangular\"><span class=\"onsale product-label\">-47%<\/span><\/div><img loading=\"lazy\" decoding=\"async\" width=\"500\" height=\"500\" src=\"https:\/\/luxbed.lu\/wp-content\/uploads\/2020\/10\/lit-escamotable-horizontal-2-places-avec-canape-001-500x500.png\" class=\"attachment-woocommerce_thumbnail size-woocommerce_thumbnail\" alt=\"Lit escamotable luxul |\" srcset=\"https:\/\/luxbed.lu\/wp-content\/uploads\/2020\/10\/lit-escamotable-horizontal-2-places-avec-canape-001-500x500.png 500w, https:\/\/luxbed.lu\/wp-content\/uploads\/2020\/10\/lit-escamotable-horizontal-2-places-avec-canape-001-350x350.png 350w, https:\/\/luxbed.lu\/wp-content\/uploads\/2020\/10\/lit-escamotable-horizontal-2-places-avec-canape-001-300x300.png 300w, https:\/\/luxbed.lu\/wp-content\/uploads\/2020\/10\/lit-escamotable-horizontal-2-places-avec-canape-001-150x150.png 150w, https:\/\/luxbed.lu\/wp-content\/uploads\/2020\/10\/lit-escamotable-horizontal-2-places-avec-canape-001-768x768.png 768w, https:\/\/luxbed.lu\/wp-content\/uploads\/2020\/10\/lit-escamotable-horizontal-2-places-avec-canape-001.png 924w\" sizes=\"auto, (max-width: 500px) 100vw, 500px\" title=\"\">\t\t<\/a>\n\n\t\t\t\t\t<div class=\"hover-img\">\n\t\t\t\t<a href=\"https:\/\/luxbed.lu\/de\/horizontales-schrankbett-2-sitzer\/\" aria-label=\"Product image\">\n\t\t\t\t\t<img loading=\"lazy\" decoding=\"async\" width=\"500\" height=\"500\" src=\"https:\/\/luxbed.lu\/wp-content\/uploads\/2020\/10\/lit-escamotable-horizontal-2-places-avec-canape-002-500x500.png\" class=\"attachment-woocommerce_thumbnail size-woocommerce_thumbnail\" alt=\"Lit escamotable luxul |\" srcset=\"https:\/\/luxbed.lu\/wp-content\/uploads\/2020\/10\/lit-escamotable-horizontal-2-places-avec-canape-002-500x500.png 500w, https:\/\/luxbed.lu\/wp-content\/uploads\/2020\/10\/lit-escamotable-horizontal-2-places-avec-canape-002-350x350.png 350w, https:\/\/luxbed.lu\/wp-content\/uploads\/2020\/10\/lit-escamotable-horizontal-2-places-avec-canape-002-300x300.png 300w, https:\/\/luxbed.lu\/wp-content\/uploads\/2020\/10\/lit-escamotable-horizontal-2-places-avec-canape-002-1024x1024.png 1024w, https:\/\/luxbed.lu\/wp-content\/uploads\/2020\/10\/lit-escamotable-horizontal-2-places-avec-canape-002-150x150.png 150w, https:\/\/luxbed.lu\/wp-content\/uploads\/2020\/10\/lit-escamotable-horizontal-2-places-avec-canape-002-768x768.png 768w, https:\/\/luxbed.lu\/wp-content\/uploads\/2020\/10\/lit-escamotable-horizontal-2-places-avec-canape-002.png 1080w\" sizes=\"auto, (max-width: 500px) 100vw, 500px\" title=\"\">\t\t\t\t<\/a>\n\t\t\t<\/div>\n\t\t\t\n\t\t<div class=\"wd-buttons wd-pos-r-t\">\n\t\t\t\t\t\t\t\t\t\t\t\t\t\t<\/div>\n\t<\/div>\n\n\t\n\t\n\t<h3 class=\"wd-entities-title\"><a href=\"https:\/\/luxbed.lu\/de\/horizontales-schrankbett-2-sitzer\/\">Horizontales Schrankbett 2-Sitzer<\/a><\/h3>\n\t\t\t\n\t<div class='jdgm-widget jdgm-preview-badge' data-id='18703'>\n\t<\/div>\n\n\t<span class=\"price\"><del aria-hidden=\"true\"><span class=\"woocommerce-Price-amount amount\"><bdi>2.167,75<span class=\"woocommerce-Price-currencySymbol\">&euro;<\/span><\/bdi><\/span><\/del> <span class=\"screen-reader-text\">Urspr\u00fcnglicher Preis war: 2.167,75&euro;<\/span><ins aria-hidden=\"true\"><span class=\"woocommerce-Price-amount amount\"><bdi>1.148,91<span class=\"woocommerce-Price-currencySymbol\">&euro;<\/span><\/bdi><\/span><\/ins><span class=\"screen-reader-text\">Aktueller Preis ist: 1.148,91&euro;.<\/span><\/span>\n\n\t<div class=\"wd-add-btn wd-add-btn-replace\">\n\t\t\n\t\t<a href=\"?add-to-cart=18703\" aria-describedby=\"woocommerce_loop_add_to_cart_link_describedby_18703\" data-quantity=\"1\" class=\"button product_type_simple add_to_cart_button ajax_add_to_cart add-to-cart-loop\" data-product_id=\"18703\" data-product_sku=\"LX030\" aria-label=\"In den Warenkorb legen: \u201eHorizontales Schrankbett 2-Sitzer\u201c\" rel=\"nofollow\" data-success_message=\"\u201eHorizontales Schrankbett 2-Sitzer\u201c wurde deinem Warenkorb hinzugef\u00fcgt\"><span>In den Warenkorb<\/span><\/a>\t<span id=\"woocommerce_loop_add_to_cart_link_describedby_18703\" class=\"screen-reader-text\">\n\t\t\t<\/span>\n\t<\/div>\n\n\t\n\t\n\t\t<\/div>\n<\/div>\n<div class=\"wd-product wd-with-labels wd-hover-standard wd-col product-grid-item product type-product post-18701 status-publish instock product_cat-horizontales-schrankbett product_cat-schrankbett has-post-thumbnail sale taxable shipping-taxable purchasable product-type-simple\" data-loop=\"2\" data-id=\"18701\">\n\t\n\t\n<div class=\"product-wrapper\">\n\t<div class=\"product-element-top wd-quick-shop\">\n\t\t<a href=\"https:\/\/luxbed.lu\/de\/schrankbett-horizontal-1-platz\/\" class=\"product-image-link\">\n\t\t\t<div class=\"product-labels labels-rectangular\"><span class=\"onsale product-label\">-47%<\/span><\/div><img loading=\"lazy\" decoding=\"async\" width=\"500\" height=\"500\" src=\"https:\/\/luxbed.lu\/wp-content\/uploads\/2020\/10\/lit-escamotable-horizontal-un-place-ferme\u0301e-500x500.png\" class=\"attachment-woocommerce_thumbnail size-woocommerce_thumbnail\" alt=\"Lit escamotable luxul |\" srcset=\"https:\/\/luxbed.lu\/wp-content\/uploads\/2020\/10\/lit-escamotable-horizontal-un-place-ferme\u0301e-500x500.png 500w, https:\/\/luxbed.lu\/wp-content\/uploads\/2020\/10\/lit-escamotable-horizontal-un-place-ferme\u0301e-350x350.png 350w, https:\/\/luxbed.lu\/wp-content\/uploads\/2020\/10\/lit-escamotable-horizontal-un-place-ferme\u0301e-300x300.png 300w, https:\/\/luxbed.lu\/wp-content\/uploads\/2020\/10\/lit-escamotable-horizontal-un-place-ferme\u0301e-150x150.png 150w, https:\/\/luxbed.lu\/wp-content\/uploads\/2020\/10\/lit-escamotable-horizontal-un-place-ferme\u0301e-768x768.png 768w, https:\/\/luxbed.lu\/wp-content\/uploads\/2020\/10\/lit-escamotable-horizontal-un-place-ferme\u0301e.png 924w\" sizes=\"auto, (max-width: 500px) 100vw, 500px\" title=\"\">\t\t<\/a>\n\n\t\t\t\t\t<div class=\"hover-img\">\n\t\t\t\t<a href=\"https:\/\/luxbed.lu\/de\/schrankbett-horizontal-1-platz\/\" aria-label=\"Product image\">\n\t\t\t\t\t<img loading=\"lazy\" decoding=\"async\" width=\"500\" height=\"500\" src=\"https:\/\/luxbed.lu\/wp-content\/uploads\/2020\/10\/lit-escamotable-horizontal-un-place-ouverte-500x500.png\" class=\"attachment-woocommerce_thumbnail size-woocommerce_thumbnail\" alt=\"Lit escamotable luxul |\" srcset=\"https:\/\/luxbed.lu\/wp-content\/uploads\/2020\/10\/lit-escamotable-horizontal-un-place-ouverte-500x500.png 500w, https:\/\/luxbed.lu\/wp-content\/uploads\/2020\/10\/lit-escamotable-horizontal-un-place-ouverte-350x350.png 350w, https:\/\/luxbed.lu\/wp-content\/uploads\/2020\/10\/lit-escamotable-horizontal-un-place-ouverte-300x300.png 300w, https:\/\/luxbed.lu\/wp-content\/uploads\/2020\/10\/lit-escamotable-horizontal-un-place-ouverte-150x150.png 150w, https:\/\/luxbed.lu\/wp-content\/uploads\/2020\/10\/lit-escamotable-horizontal-un-place-ouverte-768x768.png 768w, https:\/\/luxbed.lu\/wp-content\/uploads\/2020\/10\/lit-escamotable-horizontal-un-place-ouverte.png 924w\" sizes=\"auto, (max-width: 500px) 100vw, 500px\" title=\"\">\t\t\t\t<\/a>\n\t\t\t<\/div>\n\t\t\t\n\t\t<div class=\"wd-buttons wd-pos-r-t\">\n\t\t\t\t\t\t\t\t\t\t\t\t\t\t<\/div>\n\t<\/div>\n\n\t\n\t\n\t<h3 class=\"wd-entities-title\"><a href=\"https:\/\/luxbed.lu\/de\/schrankbett-horizontal-1-platz\/\">Schrankbett horizontal 1 Platz<\/a><\/h3>\n\t\t\t\n\t<div class='jdgm-widget jdgm-preview-badge' data-id='18701'>\n\t<\/div>\n\n\t<span class=\"price\"><del aria-hidden=\"true\"><span class=\"woocommerce-Price-amount amount\"><bdi>1.869,66<span class=\"woocommerce-Price-currencySymbol\">&euro;<\/span><\/bdi><\/span><\/del> <span class=\"screen-reader-text\">Urspr\u00fcnglicher Preis war: 1.869,66&euro;<\/span><ins aria-hidden=\"true\"><span class=\"woocommerce-Price-amount amount\"><bdi>990,92<span class=\"woocommerce-Price-currencySymbol\">&euro;<\/span><\/bdi><\/span><\/ins><span class=\"screen-reader-text\">Aktueller Preis ist: 990,92&euro;.<\/span><\/span>\n\n\t<div class=\"wd-add-btn wd-add-btn-replace\">\n\t\t\n\t\t<a href=\"?add-to-cart=18701\" aria-describedby=\"woocommerce_loop_add_to_cart_link_describedby_18701\" data-quantity=\"1\" class=\"button product_type_simple add_to_cart_button ajax_add_to_cart add-to-cart-loop\" data-product_id=\"18701\" data-product_sku=\"LX010\" aria-label=\"In den Warenkorb legen: \u201eSchrankbett horizontal 1 Platz\u201c\" rel=\"nofollow\" data-success_message=\"\u201eSchrankbett horizontal 1 Platz\u201c wurde deinem Warenkorb hinzugef\u00fcgt\"><span>In den Warenkorb<\/span><\/a>\t<span id=\"woocommerce_loop_add_to_cart_link_describedby_18701\" class=\"screen-reader-text\">\n\t\t\t<\/span>\n\t<\/div>\n\n\t\n\t\n\t\t<\/div>\n<\/div>\n<div class=\"wd-product wd-with-labels wd-hover-standard wd-col product-grid-item product type-product post-18705 status-publish last instock product_cat-horizontales-schrankbett product_cat-schrankbett has-post-thumbnail sale taxable shipping-taxable purchasable product-type-simple\" data-loop=\"3\" data-id=\"18705\">\n\t\n\t\n<div class=\"product-wrapper\">\n\t<div class=\"product-element-top wd-quick-shop\">\n\t\t<a href=\"https:\/\/luxbed.lu\/de\/optimales-horizontales-schrankbett-mit-moebliertem-schrank\/\" class=\"product-image-link\">\n\t\t\t<div class=\"product-labels labels-rectangular\"><span class=\"onsale product-label\">-47%<\/span><\/div><img loading=\"lazy\" decoding=\"async\" width=\"500\" height=\"500\" src=\"https:\/\/luxbed.lu\/wp-content\/uploads\/2020\/10\/lit-escamotable-horizontal-optimal-1-place-avec-armoire-sur-meuble-fermee-1-500x500.png\" class=\"attachment-woocommerce_thumbnail size-woocommerce_thumbnail\" alt=\"Lit escamotable luxul |\" srcset=\"https:\/\/luxbed.lu\/wp-content\/uploads\/2020\/10\/lit-escamotable-horizontal-optimal-1-place-avec-armoire-sur-meuble-fermee-1-500x500.png 500w, https:\/\/luxbed.lu\/wp-content\/uploads\/2020\/10\/lit-escamotable-horizontal-optimal-1-place-avec-armoire-sur-meuble-fermee-1-350x350.png 350w, https:\/\/luxbed.lu\/wp-content\/uploads\/2020\/10\/lit-escamotable-horizontal-optimal-1-place-avec-armoire-sur-meuble-fermee-1-300x300.png 300w, https:\/\/luxbed.lu\/wp-content\/uploads\/2020\/10\/lit-escamotable-horizontal-optimal-1-place-avec-armoire-sur-meuble-fermee-1-1024x1024.png 1024w, https:\/\/luxbed.lu\/wp-content\/uploads\/2020\/10\/lit-escamotable-horizontal-optimal-1-place-avec-armoire-sur-meuble-fermee-1-150x150.png 150w, https:\/\/luxbed.lu\/wp-content\/uploads\/2020\/10\/lit-escamotable-horizontal-optimal-1-place-avec-armoire-sur-meuble-fermee-1-768x768.png 768w, https:\/\/luxbed.lu\/wp-content\/uploads\/2020\/10\/lit-escamotable-horizontal-optimal-1-place-avec-armoire-sur-meuble-fermee-1.png 1080w\" sizes=\"auto, (max-width: 500px) 100vw, 500px\" title=\"\">\t\t<\/a>\n\n\t\t\t\t\t<div class=\"hover-img\">\n\t\t\t\t<a href=\"https:\/\/luxbed.lu\/de\/optimales-horizontales-schrankbett-mit-moebliertem-schrank\/\" aria-label=\"Product image\">\n\t\t\t\t\t<img loading=\"lazy\" decoding=\"async\" width=\"500\" height=\"500\" src=\"https:\/\/luxbed.lu\/wp-content\/uploads\/2020\/10\/lit-escamotable-horizontal-optimal-1-place-avec-armoire-sur-meuble-ouvert-500x500.png\" class=\"attachment-woocommerce_thumbnail size-woocommerce_thumbnail\" alt=\"Lit escamotable luxul |\" srcset=\"https:\/\/luxbed.lu\/wp-content\/uploads\/2020\/10\/lit-escamotable-horizontal-optimal-1-place-avec-armoire-sur-meuble-ouvert-500x500.png 500w, https:\/\/luxbed.lu\/wp-content\/uploads\/2020\/10\/lit-escamotable-horizontal-optimal-1-place-avec-armoire-sur-meuble-ouvert-350x350.png 350w, https:\/\/luxbed.lu\/wp-content\/uploads\/2020\/10\/lit-escamotable-horizontal-optimal-1-place-avec-armoire-sur-meuble-ouvert-300x300.png 300w, https:\/\/luxbed.lu\/wp-content\/uploads\/2020\/10\/lit-escamotable-horizontal-optimal-1-place-avec-armoire-sur-meuble-ouvert-1024x1024.png 1024w, https:\/\/luxbed.lu\/wp-content\/uploads\/2020\/10\/lit-escamotable-horizontal-optimal-1-place-avec-armoire-sur-meuble-ouvert-150x150.png 150w, https:\/\/luxbed.lu\/wp-content\/uploads\/2020\/10\/lit-escamotable-horizontal-optimal-1-place-avec-armoire-sur-meuble-ouvert-768x768.png 768w, https:\/\/luxbed.lu\/wp-content\/uploads\/2020\/10\/lit-escamotable-horizontal-optimal-1-place-avec-armoire-sur-meuble-ouvert.png 1080w\" sizes=\"auto, (max-width: 500px) 100vw, 500px\" title=\"\">\t\t\t\t<\/a>\n\t\t\t<\/div>\n\t\t\t\n\t\t<div class=\"wd-buttons wd-pos-r-t\">\n\t\t\t\t\t\t\t\t\t\t\t\t\t\t<\/div>\n\t<\/div>\n\n\t\n\t\n\t<h3 class=\"wd-entities-title\"><a href=\"https:\/\/luxbed.lu\/de\/optimales-horizontales-schrankbett-mit-moebliertem-schrank\/\">Optimales horizontales Schrankbett mit m\u00f6bliertem Schrank<\/a><\/h3>\n\t\t\t\n\t<div class='jdgm-widget jdgm-preview-badge' data-id='18705'>\n\t<\/div>\n\n\t<span class=\"price\"><del aria-hidden=\"true\"><span class=\"woocommerce-Price-amount amount\"><bdi>2.386,22<span class=\"woocommerce-Price-currencySymbol\">&euro;<\/span><\/bdi><\/span><\/del> <span class=\"screen-reader-text\">Urspr\u00fcnglicher Preis war: 2.386,22&euro;<\/span><ins aria-hidden=\"true\"><span class=\"woocommerce-Price-amount amount\"><bdi>1.264,69<span class=\"woocommerce-Price-currencySymbol\">&euro;<\/span><\/bdi><\/span><\/ins><span class=\"screen-reader-text\">Aktueller Preis ist: 1.264,69&euro;.<\/span><\/span>\n\n\t<div class=\"wd-add-btn wd-add-btn-replace\">\n\t\t\n\t\t<a href=\"?add-to-cart=18705\" aria-describedby=\"woocommerce_loop_add_to_cart_link_describedby_18705\" data-quantity=\"1\" class=\"button product_type_simple add_to_cart_button ajax_add_to_cart add-to-cart-loop\" data-product_id=\"18705\" data-product_sku=\"LX011\" aria-label=\"In den Warenkorb legen: \u201eOptimales horizontales Schrankbett mit m\u00f6bliertem Schrank\u201c\" rel=\"nofollow\" data-success_message=\"\u201eOptimales horizontales Schrankbett mit m\u00f6bliertem Schrank\u201c wurde deinem Warenkorb hinzugef\u00fcgt\"><span>In den Warenkorb<\/span><\/a>\t<span id=\"woocommerce_loop_add_to_cart_link_describedby_18705\" class=\"screen-reader-text\">\n\t\t\t<\/span>\n\t<\/div>\n\n\t\n\t\n\t\t<\/div>\n<\/div>\n<div class=\"wd-product wd-with-labels wd-hover-standard wd-col product-grid-item product type-product post-18698 status-publish first instock product_cat-horizontales-schrankbett product_cat-schrankbett product_cat-schrankbett-mit-sofa has-post-thumbnail sale taxable shipping-taxable purchasable product-type-simple\" data-loop=\"4\" data-id=\"18698\">\n\t\n\t\n<div class=\"product-wrapper\">\n\t<div class=\"product-element-top wd-quick-shop\">\n\t\t<a href=\"https:\/\/luxbed.lu\/de\/horizontales-schrankbett-2-plaetze-schrank-uebermoebel\/\" class=\"product-image-link\">\n\t\t\t<div class=\"product-labels labels-rectangular\"><span class=\"onsale product-label\">-47%<\/span><\/div><img loading=\"lazy\" decoding=\"async\" width=\"500\" height=\"500\" src=\"https:\/\/luxbed.lu\/wp-content\/uploads\/2020\/10\/Lit-escamotable-horizontal-2-places-avec-canape-gri-vue-500x500.png\" class=\"attachment-woocommerce_thumbnail size-woocommerce_thumbnail\" alt=\"Lit escamotable luxul |\" srcset=\"https:\/\/luxbed.lu\/wp-content\/uploads\/2020\/10\/Lit-escamotable-horizontal-2-places-avec-canape-gri-vue-500x500.png 500w, https:\/\/luxbed.lu\/wp-content\/uploads\/2020\/10\/Lit-escamotable-horizontal-2-places-avec-canape-gri-vue-350x350.png 350w, https:\/\/luxbed.lu\/wp-content\/uploads\/2020\/10\/Lit-escamotable-horizontal-2-places-avec-canape-gri-vue-300x300.png 300w, https:\/\/luxbed.lu\/wp-content\/uploads\/2020\/10\/Lit-escamotable-horizontal-2-places-avec-canape-gri-vue-1024x1024.png 1024w, https:\/\/luxbed.lu\/wp-content\/uploads\/2020\/10\/Lit-escamotable-horizontal-2-places-avec-canape-gri-vue-150x150.png 150w, https:\/\/luxbed.lu\/wp-content\/uploads\/2020\/10\/Lit-escamotable-horizontal-2-places-avec-canape-gri-vue-768x768.png 768w, https:\/\/luxbed.lu\/wp-content\/uploads\/2020\/10\/Lit-escamotable-horizontal-2-places-avec-canape-gri-vue.png 1080w\" sizes=\"auto, (max-width: 500px) 100vw, 500px\" title=\"\">\t\t<\/a>\n\n\t\t\n\t\t<div class=\"wd-buttons wd-pos-r-t\">\n\t\t\t\t\t\t\t\t\t\t\t\t\t\t<\/div>\n\t<\/div>\n\n\t\n\t\n\t<h3 class=\"wd-entities-title\"><a href=\"https:\/\/luxbed.lu\/de\/horizontales-schrankbett-2-plaetze-schrank-uebermoebel\/\">Horizontales Schrankbett 2 Pl\u00e4tze Schrank \u00dcberm\u00f6bel<\/a><\/h3>\n\t\t\t\n\t<div class='jdgm-widget jdgm-preview-badge' data-id='18698'>\n\t<\/div>\n\n\t<span class=\"price\"><del aria-hidden=\"true\"><span class=\"woocommerce-Price-amount amount\"><bdi>2.602,45<span class=\"woocommerce-Price-currencySymbol\">&euro;<\/span><\/bdi><\/span><\/del> <span class=\"screen-reader-text\">Urspr\u00fcnglicher Preis war: 2.602,45&euro;<\/span><ins aria-hidden=\"true\"><span class=\"woocommerce-Price-amount amount\"><bdi>1.379,30<span class=\"woocommerce-Price-currencySymbol\">&euro;<\/span><\/bdi><\/span><\/ins><span class=\"screen-reader-text\">Aktueller Preis ist: 1.379,30&euro;.<\/span><\/span>\n\n\t<div class=\"wd-add-btn wd-add-btn-replace\">\n\t\t\n\t\t<a href=\"?add-to-cart=18698\" aria-describedby=\"woocommerce_loop_add_to_cart_link_describedby_18698\" data-quantity=\"1\" class=\"button product_type_simple add_to_cart_button ajax_add_to_cart add-to-cart-loop\" data-product_id=\"18698\" data-product_sku=\"LX031\" aria-label=\"In den Warenkorb legen: \u201eHorizontales Schrankbett 2 Pl\u00e4tze Schrank \u00dcberm\u00f6bel\u201c\" rel=\"nofollow\" data-success_message=\"\u201eHorizontales Schrankbett 2 Pl\u00e4tze Schrank \u00dcberm\u00f6bel\u201c wurde deinem Warenkorb hinzugef\u00fcgt\"><span>In den Warenkorb<\/span><\/a>\t<span id=\"woocommerce_loop_add_to_cart_link_describedby_18698\" class=\"screen-reader-text\">\n\t\t\t<\/span>\n\t<\/div>\n\n\t\n\t\n\t\t<\/div>\n<\/div>\n\t\t\t<\/div>\n\t\t\t<\/div>[vc_empty_space height=&#8220;64px&#8220; woodmart_hide_large=&#8220;0&#8243; woodmart_hide_medium=&#8220;0&#8243; woodmart_hide_small=&#8220;0&#8243; woodmart_hide_extra_small=&#8220;0&#8243;][vc_column_text text_larger=&#8220;no&#8220;]<\/p>\n<h2>Das horizontale Klappbett: ein praktisches M\u00f6belst\u00fcck<\/h2>\n<p>[\/vc_column_text][vc_column_text text_larger=&#8220;no&#8220;]Unsere <strong>horizontalen Klappbetten<\/strong> sind so konzipiert, dass sie <strong>praktisch<\/strong> und <strong>einfach zu benutzen<\/strong> sind. So k\u00f6nnen Sie es im t\u00e4glichen Gebrauch leicht handhaben. Ob Einzel- oder Doppelbett, der horizontale Bettschrank ist ein kleines Kuschelnest f\u00fcr eine oder mehrere Personen.<\/p>\n<p>Sie k\u00f6nnen aus einer Palette von Farben w\u00e4hlen, um <strong>die \u00c4sthetik<\/strong> Ihres M\u00f6belst\u00fccks ganz nach Ihren W\u00fcnschen zu <strong>gestalten<\/strong>. Mit einer maximalen Breite von ca. 200 cm nimmt dieses <strong>vielseitige<\/strong> M\u00f6belst\u00fcck nicht viel Platz weg und ist ein ideales Bett auch f\u00fcr den gelegentlichen Gebrauch.[\/vc_column_text][\/vc_column][\/vc_row]<\/p>\n<\/div>","protected":false},"excerpt":{"rendered":"<p>[vc_row css=&#8220;.vc_custom_1500912588648{margin-bottom: 5vh !important;}&#8220; el_class=&#8220;z-index-h position-relative&#8220;][vc_column][vc_column_text text_larger=&#8220;no&#8220;] Das horizontale Ausziehbett bietet alle Vorteile eines klassischen Ausziehbetts, garantiert aber noch mehr<\/p>\n","protected":false},"author":1,"featured_media":0,"parent":0,"menu_order":0,"comment_status":"closed","ping_status":"closed","template":"","meta":{"footnotes":""},"class_list":["post-17707","page","type-page","status-publish","hentry"],"_links":{"self":[{"href":"https:\/\/luxbed.lu\/de\/wp-json\/wp\/v2\/pages\/17707","targetHints":{"allow":["GET"]}}],"collection":[{"href":"https:\/\/luxbed.lu\/de\/wp-json\/wp\/v2\/pages"}],"about":[{"href":"https:\/\/luxbed.lu\/de\/wp-json\/wp\/v2\/types\/page"}],"author":[{"embeddable":true,"href":"https:\/\/luxbed.lu\/de\/wp-json\/wp\/v2\/users\/1"}],"replies":[{"embeddable":true,"href":"https:\/\/luxbed.lu\/de\/wp-json\/wp\/v2\/comments?post=17707"}],"version-history":[{"count":2,"href":"https:\/\/luxbed.lu\/de\/wp-json\/wp\/v2\/pages\/17707\/revisions"}],"predecessor-version":[{"id":17721,"href":"https:\/\/luxbed.lu\/de\/wp-json\/wp\/v2\/pages\/17707\/revisions\/17721"}],"wp:attachment":[{"href":"https:\/\/luxbed.lu\/de\/wp-json\/wp\/v2\/media?parent=17707"}],"curies":[{"name":"wp","href":"https:\/\/api.w.org\/{rel}","templated":true}]}}