{"id":17734,"date":"2023-12-08T17:39:51","date_gmt":"2023-12-08T16:39:51","guid":{"rendered":"https:\/\/luxul.lu\/datenschutzrichtlinie\/"},"modified":"2023-12-08T17:39:51","modified_gmt":"2023-12-08T16:39:51","slug":"datenschutzrichtlinie","status":"publish","type":"page","link":"https:\/\/luxbed.lu\/de\/datenschutzrichtlinie\/","title":{"rendered":"Datenschutzrichtlinie"},"content":{"rendered":"<div class=\"wpb-content-wrapper\"><p>[vc_row full_width=&#8220;stretch_row&#8220; css=&#8220;.vc_custom_1604668853882{margin-top: -40px !important;margin-bottom: 2vh !important;padding-top: 8vh !important;padding-bottom: 8vh !important;background-color: #f8f8f8 !important;}&#8220; mobile_bg_img_hidden=&#8220;no&#8220; tablet_bg_img_hidden=&#8220;no&#8220; woodmart_parallax=&#8220;0&#8243; woodmart_gradient_switch=&#8220;no&#8220; row_reverse_mobile=&#8220;0&#8243; row_reverse_tablet=&#8220;0&#8243; woodmart_disable_overflow=&#8220;0&#8243;][vc_column width=&#8220;1\/2&#8243; offset=&#8220;vc_col-sm-offset-3&#8243; css=&#8220;.vc_custom_1527239539599{padding-top: 0px !important;}&#8220;]\n\t\t<div id=\"wd-6041fbdf73f36\" class=\"title-wrapper wd-wpb wd-set-mb reset-last-child  wd-rs-6041fbdf73f36 wd-title-color-default wd-title-style-default text-center vc_custom_1614937087902 wd-underline-colored\">\n\t\t\t\n\t\t\t<div class=\"liner-continer\">\n\t\t\t\t<h1 class=\"woodmart-title-container title  wd-font-weight- wd-fontsize-l\" >Datenschutzrichtlinie<\/h1>\n\t\t\t\t\t\t\t<\/div>\n\t\t\t\n\t\t\t\n\t\t\t\n\t\t<\/div>\n\t\t\n\t\t[\/vc_column][\/vc_row][vc_row css=&#8220;.vc_custom_1528700414903{margin-right: 0px !important;margin-bottom: 25px !important;margin-left: 0px !important;border-top-width: 1px !important;border-right-width: 1px !important;border-bottom-width: 1px !important;border-left-width: 1px !important;padding-top: 30px !important;padding-right: 15px !important;padding-bottom: 30px !important;padding-left: 15px !important;background-color: #ffffff !important;border-left-color: #e7e7e7 !important;border-left-style: solid !important;border-right-color: #e7e7e7 !important;border-right-style: solid !important;border-top-color: #e7e7e7 !important;border-top-style: solid !important;border-bottom-color: #e7e7e7 !important;border-bottom-style: solid !important;}&#8220;][vc_column css=&#8220;.vc_custom_1527238251732{padding-top: 0px !important;}&#8220;]\t\t\t<div id=\"wd-5fa54fe9ae64e\" class=\"wd-text-block-wrapper wd-wpb wd-rs-5fa54fe9ae64e color-scheme-dark text-left vc_custom_1604669423767\">\n\t\t\t\t<div class=\"woodmart-title-container woodmart-text-block reset-last-child font-primary wd-font-weight-600 \">\n\t\t\t\t\t<span class=\"color-primary\">1.<\/span> Cookie-Richtlinie und -Verwendung\t\t\t\t<\/div>\n\n\t\t\t\t\t\t\t<\/div>\n\t\t[vc_column_text css=&#8220;.vc_custom_1604669622214{margin-bottom: 0px !important;}&#8220; el_class=&#8220;text-larger&#8220; text_larger=&#8220;no&#8220;]Diese Richtlinie zur Verwendung von Cookies soll Sie dar\u00fcber informieren, wie  <strong>luxul.lu<\/strong>  Ihre Browserdaten oder andere Informationen im Zusammenhang mit dem Zugriff auf und der Nutzung der Website verwendet  <strong>luxul.lu<\/strong>  und andere Medien (Werbebanner, E-Mails&#8230;) der Website  <strong>luxul.lu<\/strong>Sie k\u00f6nnen diese Informationen direkt oder \u00fcber Werbeinhalte auf anderen Websites nutzen.Dort finden Sie auch Informationen \u00fcber Ihre Rechte und wie Sie diese aus\u00fcben k\u00f6nnen.<\/p>\n<p>Diese Informationen werden in \u00dcbereinstimmung mit den geltenden Vorschriften weitergegeben, insbesondere der EU-Richtlinie \u00fcber die Verarbeitung personenbezogener Daten und den Schutz der Privatsph\u00e4re in der elektronischen Kommunikation (2002\/58\/EG), nach der die Speicherung, der Erhalt und der Zugriff auf Informationen \u00fcber Ihr Endger\u00e4t zul\u00e4ssig ist, sofern Sie \u00fcber die Zwecke der Verarbeitung dieser Informationen gem\u00e4\u00df der Allgemeinen Datenschutzverordnung (EU) 2016\/679 (die &#8222;DSGVO&#8220;) informiert wurden und, vorbehaltlich wesentlicher Cookies, Ihre Zustimmung dazu gegeben haben.<\/p>\n<p>Durch die Zustimmung zu diesen Cookie-Richtlinien erlauben Sie <strong>luxul.lu<\/strong>, eine sogenannte &#8222;Cookie&#8220;-Datei auf Ihrer Festplatte zu speichern. Cookies sind kleine Textdateien (ca. 4KB), durch die bestimmte Informationen an unsere Website <strong>luxul.lu<\/strong> zur\u00fcckgesendet werden.<\/p>\n<p>Diese Cookies werden auf der delegierten Festplatte Ihres Browsers (Computer, Smartphone, Tablet&#8230;) gespeichert, wenn Sie <strong>luxul.lu<\/strong> besuchen. Cookies erm\u00f6glichen es insbesondere, Informationen \u00fcber Ihre Surfgewohnheiten und Ihre Ger\u00e4te zu speichern und abzurufen und Sie auf der Grundlage dieser Informationen wiederzuerkennen.<\/p>\n<p>Die durch diese Cookies erhaltenen Daten k\u00f6nnen insbesondere die Anzahl der von Ihnen besuchten Seiten, die von Ihnen gew\u00e4hlte Sprache, die Stadt, in der sich Ihre IP-Adresse f\u00fcr die Verbindung mit unserer Website befindet, betreffen.  <strong>luxul.lu<\/strong>Die Daten werden in der Regel nicht an Dritte weitergegeben, sondern nur an den Betreiber oder die Art des Endger\u00e4ts, von dem aus Sie die Website besuchen, wie z. B. die H\u00e4ufigkeit und Wiederkehr Ihrer Besuche, die Dauer Ihrer Besuche, den von Ihnen verwendeten Browser, den Betreiber oder die Art des Endger\u00e4ts, von dem aus Ihr Besuch erfolgt.<\/p>\n<p>Diese sogenannten Cookies werden verwendet, um Ihre Benutzererfahrung und die Effizienz unserer <strong>luxul.lu-Website<\/strong> zu verbessern. Cookies erm\u00f6glichen es uns nicht, Sie namentlich zu identifizieren. Sie speichern allgemein Informationen \u00fcber Ihre Vorlieben und Ihre Navigation auf unserer Website <strong>luxul.lu<\/strong>, die wir bei Ihren sp\u00e4teren Besuchen lesen k\u00f6nnen. Diese Daten sind ausschlie\u00dflich f\u00fcr den internen Gebrauch von <strong>luxul.lu<\/strong> bestimmt und werden unter keinen Umst\u00e4nden an Dritte weitergegeben.<\/p>\n<p>Generell gibt es verschiedene Gr\u00fcnde f\u00fcr die Verwendung von Cookies.<\/p>\n<p>1) Unentbehrliche Cookies<\/p>\n<p>2) Entbehrliche Cookies<\/p>\n<p>1) Einige Cookies sind f\u00fcr das ordnungsgem\u00e4\u00dfe Funktionieren der Website <strong>luxul.lu<\/strong> notwendig und erm\u00f6glichen den Zugriff auf die Website und das Einloggen unter Verwendung wesentlicher Funktionen. Notwendige Cookies&#8220; dienen ausschlie\u00dflich dem Zweck, die Kommunikation auf elektronischem Wege zu erm\u00f6glichen und zu erleichtern. Sie sind f\u00fcr das Funktionieren unserer Website unerl\u00e4sslich  <strong>luxul.lu <\/strong>und werden verwendet, um Ihnen zu erm\u00f6glichen, sich in Ihr Konto einzuloggen, die angeforderte Seite in einem f\u00fcr Ihren Bildschirm geeigneten Format anzuzeigen oder um unsere Seite optimal funktionieren zu lassen und Ihre Navigation auf folgende Weise zu erleichtern:<\/p>\n<p>&#8211; die Qualit\u00e4t und Sicherheit Ihrer Navigation auf der Website <strong>luxul.lu<\/strong> zu gew\u00e4hrleisten, insbesondere w\u00e4hrend des Bestellvorgangs eines Artikels oder um die Ladezeit der verschiedenen Komponenten der Seite zu messen;<\/p>\n<p>&#8211; Behalten Sie die in den daf\u00fcr vorgesehenen Feldern eingegebenen Informationen bei, wenn Sie die Seite wechseln ;<\/p>\n<p>&#8211; Ihnen erm\u00f6glichen, w\u00e4hrend der gesamten Dauer Ihrer Sitzung auf demselben Hostserver zu bleiben ;<\/p>\n<p>In \u00dcbereinstimmung mit den geltenden Vorschriften werden sie verwendet, ohne dass Ihre Zustimmung erforderlich ist. Sie k\u00f6nnen sie jedoch \u00fcber die Einstellungen Ihres Browsers entfernen. Infolgedessen k\u00f6nnen sich Ihre Benutzererfahrung und die Sicherheit Ihrer Navigation verschlechtern. Au\u00dferdem k\u00f6nnen bestimmte Seiten und Funktionen unserer Website unzug\u00e4nglich sein (Konto, Warenkorb, etc.).Andere Cookies sind ebenfalls notwendig, um Ihr Surf-Erlebnis zu verbessern auf  <strong>luxul.lu<\/strong>.[\/vc_column_text][\/vc_column][\/vc_row][vc_row css=&#8220;.vc_custom_1528700432537{margin-right: 0px !important;margin-bottom: 25px !important;margin-left: 0px !important;border-top-width: 1px !important;border-right-width: 1px !important;border-bottom-width: 1px !important;border-left-width: 1px !important;padding-top: 30px !important;padding-right: 15px !important;padding-bottom: 30px !important;padding-left: 15px !important;background-color: #ffffff !important;border-left-color: #e7e7e7 !important;border-left-style: solid !important;border-right-color: #e7e7e7 !important;border-right-style: solid !important;border-top-color: #e7e7e7 !important;border-top-style: solid !important;border-bottom-color: #e7e7e7 !important;border-bottom-style: solid !important;}&#8220;][vc_column css=&#8220;.vc_custom_1527238251732{padding-top: 0px !important;}&#8220;]\t\t\t<div id=\"wd-5fa550c065f04\" class=\"wd-text-block-wrapper wd-wpb wd-rs-5fa550c065f04 color-scheme-dark text-left vc_custom_1604669640260\">\n\t\t\t\t<div class=\"woodmart-title-container woodmart-text-block reset-last-child font-primary wd-font-weight-600 \">\n\t\t\t\t\t<span class=\"color-primary\">2a.<\/span>  Mit &#8222;Verbesserungs-Cookies&#8220; k\u00f6nnen Sie :\t\t\t\t<\/div>\n\n\t\t\t\t\t\t\t<\/div>\n\t\t[vc_column_text css=&#8220;.vc_custom_1604669694001{margin-bottom: 0px !important;}&#8220; text_larger=&#8220;no&#8220;]- Daten \u00fcber Ihr Besuchsverhalten auf unserer Website <strong>luxul.lu<\/strong> zu sammeln und zu analysieren, um deren Funktionsweise zu verbessern;<\/p>\n<p>&#8211; Bereitstellung von Premium-Diensten zur Verbesserung Ihrer Nutzererfahrung, wie z. B. L\u00f6sungen, Live-Chat &#8222;WhatsApp SMS&#8220; ;<\/p>\n<p>&#8211; <strong>luxul.lu<\/strong> sichern, indem Sie z. B. Aktivit\u00e4ten au\u00dferhalb der Norm aufdecken.<\/p>\n<p>Gem\u00e4\u00df den geltenden Vorschriften werden sie mit Ihrer Zustimmung verwendet. Diese Cookies sind f\u00fcr den Betrieb der Website nicht unbedingt erforderlich. Die Ablehnung dieser Cookies kann jedoch dazu f\u00fchren, dass die Nutzung der Premium-Dienste, mit denen wir Ihre Nutzererfahrung verbessern, schwierig oder fehlerhaft ist.<\/p>\n<p>Andere Cookies werden verwendet, um Ihnen <strong>luxul.lu-Angebote<\/strong> zu erm\u00f6glichen, die mit Ihren Interessen in Verbindung stehen.[\/vc_column_text][\/vc_column][\/vc_row][vc_row css=&#8220;.vc_custom_1528700436855{margin-right: 0px !important;margin-bottom: 25px !important;margin-left: 0px !important;border-top-width: 1px !important;border-right-width: 1px !important;border-bottom-width: 1px !important;border-left-width: 1px !important;padding-top: 30px !important;padding-right: 15px !important;padding-bottom: 30px !important;padding-left: 15px !important;background-color: #ffffff !important;border-left-color: #e7e7e7 !important;border-left-style: solid !important;border-right-color: #e7e7e7 !important;border-right-style: solid !important;border-top-color: #e7e7e7 !important;border-top-style: solid !important;border-bottom-color: #e7e7e7 !important;border-bottom-style: solid !important;}&#8220;][vc_column css=&#8220;.vc_custom_1527238251732{padding-top: 0px !important;}&#8220;]\t\t\t<div id=\"wd-5fa5513d654fa\" class=\"wd-text-block-wrapper wd-wpb wd-rs-5fa5513d654fa color-scheme-dark text-left vc_custom_1604669769530\">\n\t\t\t\t<div class=\"woodmart-title-container woodmart-text-block reset-last-child font-primary wd-font-weight-600 \">\n\t\t\t\t\t<span class=\"color-primary\">2b.<\/span>  Die &#8222;Werbe- und Personalisierungs-Cookies&#8220;.\t\t\t\t<\/div>\n\n\t\t\t\t\t\t\t<\/div>\n\t\t[vc_column_text css=&#8220;.vc_custom_1604669780311{margin-bottom: 0px !important;}&#8220; el_class=&#8220;text-larger&#8220; text_larger=&#8220;no&#8220;]Ihr Zweck ist es, Ihnen Inhalte und Angebote anzubieten, die Ihren Interessen auf der Website <strong>luxul.lu<\/strong> entsprechen, und die Relevanz unserer Anzeigen auf den Websites unserer Partner zu verbessern. Wenn Sie diese Cookies ablehnen, werden die Inhalte und Angebote, die wir Ihnen anbieten, nicht mehr auf Ihre Pr\u00e4ferenzen zugeschnitten sein und k\u00f6nnen daher weniger relevant sein.<\/p>\n<p>Gem\u00e4\u00df den geltenden Vorschriften werden sie auch mit Ihrer Zustimmung verwendet.Diese Cookies sind f\u00fcr das Funktionieren der Website nicht unbedingt erforderlich, aber sie sind notwendig, um Angebote bereitzustellen, die mit Ihren Vorlieben und Interessen in Zusammenhang stehen. Sie werden insbesondere verwendet, um Ihnen zu erm\u00f6glichen, personalisierte Inhalte zu erhalten, indem :<\/p>\n<p>&#8211; Erhalten von Besuchsdaten \u00fcber die Nutzung der Website und die aufgerufenen Seiten ;<\/p>\n<p>&#8211; Erm\u00f6glicht die Verfolgung eines erfolgten Klicks bis zu den Seiten der betreffenden Website; &#8211; Verbessert die Relevanz von digitalen Kampagnen ;<\/p>\n<p>&#8211; Identifiziert Besucher unserer Website, die von einer Werbekampagne kommen, die sich auf einer Website eines Drittanbieters befindet.<\/p>\n<p>Andere Cookies schlie\u00dflich erm\u00f6glichen es Ihnen, <strong>luxul.lu-Inhalte<\/strong> in sozialen Netzwerken und auf anderen Websites Dritter zu teilen (die &#8222;Cookies von Dritten&#8220;).[\/vc_column_text][\/vc_column][\/vc_row][vc_row css=&#8220;.vc_custom_1528700440423{margin-right: 0px !important;margin-bottom: 25px !important;margin-left: 0px !important;border-top-width: 1px !important;border-right-width: 1px !important;border-bottom-width: 1px !important;border-left-width: 1px !important;padding-top: 30px !important;padding-right: 15px !important;padding-bottom: 30px !important;padding-left: 15px !important;background-color: #ffffff !important;border-left-color: #e7e7e7 !important;border-left-style: solid !important;border-right-color: #e7e7e7 !important;border-right-style: solid !important;border-top-color: #e7e7e7 !important;border-top-style: solid !important;border-bottom-color: #e7e7e7 !important;border-bottom-style: solid !important;}&#8220;][vc_column css=&#8220;.vc_custom_1527238251732{padding-top: 0px !important;}&#8220;]\t\t\t<div id=\"wd-5fa5515b67df0\" class=\"wd-text-block-wrapper wd-wpb wd-rs-5fa5515b67df0 color-scheme-dark text-left vc_custom_1604669801482\">\n\t\t\t\t<div class=\"woodmart-title-container woodmart-text-block reset-last-child font-primary wd-font-weight-600 \">\n\t\t\t\t\t<span class=\"color-primary\">2c.<\/span>  Cookies von Dritten&#8220;.\t\t\t\t<\/div>\n\n\t\t\t\t\t\t\t<\/div>\n\t\t[vc_column_text css=&#8220;.vc_custom_1604669925258{margin-bottom: 0px !important;}&#8220; el_class=&#8220;text-larger&#8220; text_larger=&#8220;no&#8220;]Sie erm\u00f6glichen den Zugriff auf und die Nutzung von Software-Tools und Plattformen (wie soziale Netzwerke, Video-Streaming-L\u00f6sungen &#8230;), die von Dritten angeboten werden, von unserer Website aus und verbessern so die Gastfreundschaft unserer Website.  <strong>luxul.lu<\/strong>  und bei seiner F\u00f6rderung durch das Teilen von Inhalten von  <strong>luxul.lu<\/strong>  zu Plattformen von Drittanbietern.<\/p>\n<p>In diesem Fall sind die Daten \u00fcber die Besucher der Seite, ihre Navigation oder ihre Handlungen in Verbindung mit den Inhalten, mit denen sie interagieren, f\u00fcr diese Drittplattformen zug\u00e4nglich. <strong>luxul.lu<\/strong> f\u00fcgt verschiedene soziale Module ein, die es erm\u00f6glichen, die Inhalte der verschiedenen Plattformen, die sie bereitstellen, zu beanspruchen. In diesem Fall gelten die Plattformen, die diese verschiedenen Module bereitstellen, als f\u00fcr die Verarbeitung Verantwortliche im Sinne der DSGVO, wenn sie die Zwecke und Mittel der Verarbeitung gem\u00e4\u00df ihrer Datenschutzrichtlinie festlegen. So st\u00fctzen sich einige Funktionen der Website auf Dienste, die von diesen Dritten angeboten werden, und hinterlegen Cookies. Die Websites, die diese Cookies von Drittanbietern, Anwendungsschaltfl\u00e4chen oder Erweiterungen bereitstellen, k\u00f6nnen Sie anhand dieser Schaltfl\u00e4che identifizieren, auch wenn diese nicht verwendet wird, w\u00e4hrend Sie unsere Website besuchen.<\/p>\n<p>Gem\u00e4\u00df den geltenden Vorschriften werden sie auch mit Ihrer Zustimmung verwendet.<strong>luxul.lu l\u00e4dt<\/strong> Sie daher ein, die Datenschutzrichtlinien dieser Drittparteien zu lesen:<\/p>\n<p>&#8211; Facebook<\/p>\n<p>&#8211; Instagram<\/p>\n<p>&#8211; Linkedin<\/p>\n<p>&#8211; Twitter<\/p>\n<p>&#8211; Youtube<\/p>\n<p>&#8211; Pinterest<\/p>\n<p>Sie k\u00f6nnen der Verwendung von Cookies jederzeit widersprechen, indem Sie Ihren Browser entsprechend einstellen. Bitte beachten Sie, dass dies bedeuten kann, dass Sie nicht alle Funktionen unserer Website nutzen werden, und dass jegliche Fehlfunktionen von <strong>luxul.lu<\/strong>, die durch diese Manipulation verursacht werden, nicht als von unserem Herausgeber verursacht angesehen werden k\u00f6nnen.<\/p>\n<p>Zu Ihrer Information k\u00f6nnen Sie unter den folgenden Links die Schritte finden, die Sie befolgen m\u00fcssen, um Ihre Browsereinstellungen so zu konfigurieren, dass Sie die Speicherung von Cookies ablehnen k\u00f6nnen:<\/p>\n<p>Browser Google Chrome<\/p>\n<p>Browser Mozilla Firefox<\/p>\n<p>Safari-Browser (Apple)<\/p>\n<p>Browser Internet Explorer<\/p>\n<p>Browser Opera<\/p>\n<p>Welche Rechte haben Sie in Bezug auf Ihre vertraulichen personenbezogenen Daten?<\/p>\n<p>&#8211; Recht auf Information,<\/p>\n<p>&#8211; Recht auf Ver\u00e4nderung und Vernichtung,<\/p>\n<p>&#8211; Recht auf Einschr\u00e4nkung des Kaufprozesses,<\/p>\n<p>&#8211; Recht auf Widerspruch des Kaufprozesses,<\/p>\n<p>&#8211; Recht auf Daten\u00fcbertragung.<\/p>\n<p>Wenn Sie Fragen zu Ihren Rechten haben, einschlie\u00dflich aller Antr\u00e4ge auf Aus\u00fcbung der Ihnen gesetzlich zustehenden Rechte, kontaktieren Sie uns bitte per E-Mail an <a href=\"mailto:info@luxul.lu\">infot@luxul.lu<\/a>.[\/vc_column_text][\/vc_column][\/vc_row]<\/p>\n<\/div>","protected":false},"excerpt":{"rendered":"<p>[vc_row full_width=&#8220;stretch_row&#8220; css=&#8220;.vc_custom_1604668853882{margin-top: -40px !important;margin-bottom: 2vh !important;padding-top: 8vh !important;padding-bottom: 8vh !important;background-color: #f8f8f8 !important;}&#8220; mobile_bg_img_hidden=&#8220;no&#8220; tablet_bg_img_hidden=&#8220;no&#8220; woodmart_parallax=&#8220;0&#8243; woodmart_gradient_switch=&#8220;no&#8220; row_reverse_mobile=&#8220;0&#8243; row_reverse_tablet=&#8220;0&#8243; woodmart_disable_overflow=&#8220;0&#8243;][vc_column<\/p>\n","protected":false},"author":1,"featured_media":0,"parent":0,"menu_order":0,"comment_status":"closed","ping_status":"open","template":"","meta":{"footnotes":""},"class_list":["post-17734","page","type-page","status-publish","hentry"],"_links":{"self":[{"href":"https:\/\/luxbed.lu\/de\/wp-json\/wp\/v2\/pages\/17734","targetHints":{"allow":["GET"]}}],"collection":[{"href":"https:\/\/luxbed.lu\/de\/wp-json\/wp\/v2\/pages"}],"about":[{"href":"https:\/\/luxbed.lu\/de\/wp-json\/wp\/v2\/types\/page"}],"author":[{"embeddable":true,"href":"https:\/\/luxbed.lu\/de\/wp-json\/wp\/v2\/users\/1"}],"replies":[{"embeddable":true,"href":"https:\/\/luxbed.lu\/de\/wp-json\/wp\/v2\/comments?post=17734"}],"version-history":[{"count":2,"href":"https:\/\/luxbed.lu\/de\/wp-json\/wp\/v2\/pages\/17734\/revisions"}],"predecessor-version":[{"id":17736,"href":"https:\/\/luxbed.lu\/de\/wp-json\/wp\/v2\/pages\/17734\/revisions\/17736"}],"wp:attachment":[{"href":"https:\/\/luxbed.lu\/de\/wp-json\/wp\/v2\/media?parent=17734"}],"curies":[{"name":"wp","href":"https:\/\/api.w.org\/{rel}","templated":true}]}}