{"id":17769,"date":"2023-12-08T17:43:40","date_gmt":"2023-12-08T16:43:40","guid":{"rendered":"https:\/\/luxul.lu\/rechtliche-hinweise\/"},"modified":"2024-01-08T11:15:24","modified_gmt":"2024-01-08T10:15:24","slug":"rechtliche-hinweise","status":"publish","type":"page","link":"https:\/\/luxbed.lu\/de\/rechtliche-hinweise\/","title":{"rendered":"Rechtliche Hinweise"},"content":{"rendered":"<div class=\"wpb-content-wrapper\"><p>[vc_row full_width=&#8220;stretch_row&#8220; css=&#8220;.vc_custom_1604668653055{margin-top: -40px !important;margin-bottom: 2vh !important;padding-top: 8vh !important;padding-bottom: 8vh !important;background-color: #f8f8f8 !important;}&#8220; mobile_bg_img_hidden=&#8220;no&#8220; tablet_bg_img_hidden=&#8220;no&#8220; woodmart_parallax=&#8220;0&#8243; woodmart_gradient_switch=&#8220;no&#8220; row_reverse_mobile=&#8220;0&#8243; row_reverse_tablet=&#8220;0&#8243; woodmart_disable_overflow=&#8220;0&#8243;][vc_column width=&#8220;1\/2&#8243; offset=&#8220;vc_col-sm-offset-3&#8243; css=&#8220;.vc_custom_1527239539599{padding-top: 0px !important;}&#8220;]\n\t\t<div id=\"wd-6041fc08032ff\" class=\"title-wrapper wd-wpb wd-set-mb reset-last-child  wd-rs-6041fc08032ff wd-title-color-default wd-title-style-default text-center vc_custom_1614937108016 wd-underline-colored\">\n\t\t\t\n\t\t\t<div class=\"liner-continer\">\n\t\t\t\t<h1 class=\"woodmart-title-container title  wd-font-weight- wd-fontsize-l\" >RECHTLICHE HINWEISE<\/h1>\n\t\t\t\t\t\t\t<\/div>\n\t\t\t\n\t\t\t\n\t\t\t\n\t\t<\/div>\n\t\t\n\t\t[\/vc_column][\/vc_row][vc_row css=&#8220;.vc_custom_1528700414903{margin-right: 0px !important;margin-bottom: 25px !important;margin-left: 0px !important;border-top-width: 1px !important;border-right-width: 1px !important;border-bottom-width: 1px !important;border-left-width: 1px !important;padding-top: 30px !important;padding-right: 15px !important;padding-bottom: 30px !important;padding-left: 15px !important;background-color: #ffffff !important;border-left-color: #e7e7e7 !important;border-left-style: solid !important;border-right-color: #e7e7e7 !important;border-right-style: solid !important;border-top-color: #e7e7e7 !important;border-top-style: solid !important;border-bottom-color: #e7e7e7 !important;border-bottom-style: solid !important;}&#8220;][vc_column css=&#8220;.vc_custom_1527238251732{padding-top: 0px !important;}&#8220;]\t\t\t<div id=\"wd-5fa54b29a5a8d\" class=\"wd-text-block-wrapper wd-wpb wd-rs-5fa54b29a5a8d color-scheme-dark text-left vc_custom_1604668215498\">\n\t\t\t\t<div class=\"woodmart-title-container woodmart-text-block reset-last-child font-primary wd-font-weight-600 \">\n\t\t\t\t\t<span class=\"color-primary\">1.<\/span> Identit\u00e4t\t\t\t\t<\/div>\n\n\t\t\t\t\t\t\t<\/div>\n\t\t[vc_column_text css=&#8220;.vc_custom_1660734496777{margin-bottom: 0px !important;}&#8220; el_class=&#8220;text-larger&#8220; text_larger=&#8220;no&#8220; woodmart_inline=&#8220;no&#8220;]Die Seite luxul.lu ist eine Versandhandelsseite der Gesellschaft LUXUL SARL<\/p>\n<p>Hauptsitz: 32A Qaui de la Moselle, 5553, Remich, LU<\/p>\n<p>Zulassungsnummer: 10129255<\/p>\n<p>Telefon: <a href=\"tel:+352621966084\"><br \/>\n  <strong>+352621966084<\/strong><br \/>\n<\/a> Montag bis Freitag von 9.30 bis 19.00 Uhr[\/vc_column_text][vc_single_image image=&#8220;18672&#8243; img_size=&#8220;200&#215;200&#8243; parallax_scroll=&#8220;no&#8220; woodmart_inline=&#8220;no&#8220;][\/vc_column][\/vc_row][vc_row css=&#8220;.vc_custom_1528700432537{margin-right: 0px !important;margin-bottom: 25px !important;margin-left: 0px !important;border-top-width: 1px !important;border-right-width: 1px !important;border-bottom-width: 1px !important;border-left-width: 1px !important;padding-top: 30px !important;padding-right: 15px !important;padding-bottom: 30px !important;padding-left: 15px !important;background-color: #ffffff !important;border-left-color: #e7e7e7 !important;border-left-style: solid !important;border-right-color: #e7e7e7 !important;border-right-style: solid !important;border-top-color: #e7e7e7 !important;border-top-style: solid !important;border-bottom-color: #e7e7e7 !important;border-bottom-style: solid !important;}&#8220;][vc_column css=&#8220;.vc_custom_1527238251732{padding-top: 0px !important;}&#8220;]\t\t\t<div id=\"wd-5fa54b50e7f45\" class=\"wd-text-block-wrapper wd-wpb wd-rs-5fa54b50e7f45 color-scheme-dark text-left vc_custom_1604668246185\">\n\t\t\t\t<div class=\"woodmart-title-container woodmart-text-block reset-last-child font-primary wd-font-weight-600 \">\n\t\t\t\t\t<span class=\"color-primary\">2.<\/span> Kontakt\t\t\t\t<\/div>\n\n\t\t\t\t\t\t\t<\/div>\n\t\t[vc_column_text css=&#8220;.vc_custom_1660734516365{margin-bottom: 0px !important;}&#8220; text_larger=&#8220;no&#8220; woodmart_inline=&#8220;no&#8220;]Unsere Kundenbetreuung ist per E-Mail auf der Seite <a href=\"https:\/\/luxul.lu\/de\/kontaktieren-sie-uns\/\" target=\"_blank\" rel=\"noopener\">Kontakt<\/a> der Website erreichbar.<br \/>\nTelefon: <a href=\"tel:+352621966084\"><br \/>\n  <strong>+352621966084<\/strong><br \/>\n<\/a> Montag bis Freitag von 9.30 bis 19.00 Uhr[\/vc_column_text][\/vc_column][\/vc_row][vc_row css=&#8220;.vc_custom_1528700436855{margin-right: 0px !important;margin-bottom: 25px !important;margin-left: 0px !important;border-top-width: 1px !important;border-right-width: 1px !important;border-bottom-width: 1px !important;border-left-width: 1px !important;padding-top: 30px !important;padding-right: 15px !important;padding-bottom: 30px !important;padding-left: 15px !important;background-color: #ffffff !important;border-left-color: #e7e7e7 !important;border-left-style: solid !important;border-right-color: #e7e7e7 !important;border-right-style: solid !important;border-top-color: #e7e7e7 !important;border-top-style: solid !important;border-bottom-color: #e7e7e7 !important;border-bottom-style: solid !important;}&#8220;][vc_column css=&#8220;.vc_custom_1527238251732{padding-top: 0px !important;}&#8220;]\t\t\t<div id=\"wd-5fa54b90397bf\" class=\"wd-text-block-wrapper wd-wpb wd-rs-5fa54b90397bf color-scheme-dark text-left vc_custom_1604668316510\">\n\t\t\t\t<div class=\"woodmart-title-container woodmart-text-block reset-last-child font-primary wd-font-weight-600 \">\n\t\t\t\t\t<span class=\"color-primary\">3.<\/span> Hoster\t\t\t\t<\/div>\n\n\t\t\t\t\t\t\t<\/div>\n\t\t[vc_column_text css=&#8220;.vc_custom_1649073373099{margin-bottom: 0px !important;}&#8220; el_class=&#8220;text-larger&#8220; text_larger=&#8220;no&#8220; woodmart_inline=&#8220;no&#8220;]Die Internetseite <strong>luxul.lu<\/strong> wird auf dem Server der Gesellschaft OVH Vps, mit Sitz in 2 rue Kellermann, 59100 Roubaix &#8211; Frankreich, gehostet.<\/p>\n<p>SAS mit einem Kapital von 10.069.020 \u20ac.<br \/>\nRCS Lille M\u00e9tropole 424 761 419 00045<br \/>\nAPE-Code 2620Z<br \/>\nTVA-NUMMER: FR 22 424 761 419<br \/>\nLeiter der Ver\u00f6ffentlichung: Octave KLABA[\/vc_column_text][\/vc_column][\/vc_row][vc_row css=&#8220;.vc_custom_1528700440423{margin-right: 0px !important;margin-bottom: 25px !important;margin-left: 0px !important;border-top-width: 1px !important;border-right-width: 1px !important;border-bottom-width: 1px !important;border-left-width: 1px !important;padding-top: 30px !important;padding-right: 15px !important;padding-bottom: 30px !important;padding-left: 15px !important;background-color: #ffffff !important;border-left-color: #e7e7e7 !important;border-left-style: solid !important;border-right-color: #e7e7e7 !important;border-right-style: solid !important;border-top-color: #e7e7e7 !important;border-top-style: solid !important;border-bottom-color: #e7e7e7 !important;border-bottom-style: solid !important;}&#8220;][vc_column css=&#8220;.vc_custom_1527238251732{padding-top: 0px !important;}&#8220;]\t\t\t<div id=\"wd-5fa54c20b1557\" class=\"wd-text-block-wrapper wd-wpb wd-rs-5fa54c20b1557 color-scheme-dark text-left vc_custom_1604668453740\">\n\t\t\t\t<div class=\"woodmart-title-container woodmart-text-block reset-last-child font-primary wd-font-weight-600 \">\n\t\t\t\t\t<span class=\"color-primary\">4.<\/span> Pers\u00f6nliche Daten\t\t\t\t<\/div>\n\n\t\t\t\t\t\t\t<\/div>\n\t\t[vc_column_text css=&#8220;.vc_custom_1604668480029{margin-bottom: 0px !important;}&#8220; el_class=&#8220;text-larger&#8220; text_larger=&#8220;no&#8220;]Die von &#8222;luxul&#8220; bei jeder Bestellung des K\u00e4ufers verlangten Informationen sind f\u00fcr die Verwaltung seiner Bestellung notwendig. Gem\u00e4\u00df dem Gesetz &#8222;Informatique et Libert\u00e9s&#8220; Nr. 78-17 vom 6. Januar 1978 hat der K\u00e4ufer ein Recht auf Zugang, Berichtigung, Widerspruch und L\u00f6schung der ihn betreffenden Daten bei absolument design.<\/p>\n<p>Die gesammelten Informationen waren Gegenstand einer Konformit\u00e4tserkl\u00e4rung an die CNIL.[\/vc_column_text][\/vc_column][\/vc_row][vc_row css=&#8220;.vc_custom_1528700444689{margin-right: 0px !important;margin-bottom: 25px !important;margin-left: 0px !important;border-top-width: 1px !important;border-right-width: 1px !important;border-bottom-width: 1px !important;border-left-width: 1px !important;padding-top: 30px !important;padding-right: 15px !important;padding-bottom: 30px !important;padding-left: 15px !important;background-color: #ffffff !important;border-left-color: #e7e7e7 !important;border-left-style: solid !important;border-right-color: #e7e7e7 !important;border-right-style: solid !important;border-top-color: #e7e7e7 !important;border-top-style: solid !important;border-bottom-color: #e7e7e7 !important;border-bottom-style: solid !important;}&#8220;][vc_column css=&#8220;.vc_custom_1527238251732{padding-top: 0px !important;}&#8220;]\t\t\t<div id=\"wd-5fa54c49c60a0\" class=\"wd-text-block-wrapper wd-wpb wd-rs-5fa54c49c60a0 color-scheme-dark text-left vc_custom_1604668494760\">\n\t\t\t\t<div class=\"woodmart-title-container woodmart-text-block reset-last-child font-primary wd-font-weight-600 \">\n\t\t\t\t\t<span class=\"color-primary\">5.<\/span> Urheberrechte\t\t\t\t<\/div>\n\n\t\t\t\t\t\t\t<\/div>\n\t\t[vc_column_text css=&#8220;.vc_custom_1654892340354{margin-bottom: 0px !important;}&#8220; el_class=&#8220;text-larger&#8220; text_larger=&#8220;no&#8220; woodmart_inline=&#8220;no&#8220;]In Anwendung des franz\u00f6sischen Code de la Propri\u00e9t\u00e9 Intellectuelle und, allgemeiner, der Bestimmungen zum Schutz der Urheberrechte, ist es Ihnen untersagt, die Daten, die Pr\u00e4sentation oder die Organisation der Website f\u00fcr einen anderen als privaten Gebrauch in jeglicher Form zu reproduzieren, ohne die vorherige schriftliche Genehmigung von luxul.lu zu H\u00e4nden der Direktion.  <strong>Herr DURMUS<\/strong>.<\/p>\n<p>Der Internetnutzer kann entscheiden, \u00fcber die Angebote von &#8222;luxul.lu&#8220; informiert zu werden, indem er sich f\u00fcr den Newsletter anmeldet. Wenn der K\u00e4ufer diese Vorschl\u00e4ge nicht mehr erhalten m\u00f6chte, kann er luxul.lu \u00fcber <a href=\"https:\/\/luxul.lu\/de\/kontaktieren-sie-uns\/\" target=\"_blank\" rel=\"noopener\">unsere Kontaktseite<\/a> dar\u00fcber informieren oder die Abmeldung direkt \u00fcber sein Kundenkonto verwalten.[\/vc_column_text][\/vc_column][\/vc_row]<\/p>\n<\/div>","protected":false},"excerpt":{"rendered":"<p>[vc_row full_width=&#8220;stretch_row&#8220; css=&#8220;.vc_custom_1604668653055{margin-top: -40px !important;margin-bottom: 2vh !important;padding-top: 8vh !important;padding-bottom: 8vh !important;background-color: #f8f8f8 !important;}&#8220; mobile_bg_img_hidden=&#8220;no&#8220; tablet_bg_img_hidden=&#8220;no&#8220; woodmart_parallax=&#8220;0&#8243; woodmart_gradient_switch=&#8220;no&#8220; row_reverse_mobile=&#8220;0&#8243; row_reverse_tablet=&#8220;0&#8243; woodmart_disable_overflow=&#8220;0&#8243;][vc_column<\/p>\n","protected":false},"author":1,"featured_media":0,"parent":0,"menu_order":0,"comment_status":"closed","ping_status":"closed","template":"","meta":{"footnotes":""},"class_list":["post-17769","page","type-page","status-publish","hentry"],"_links":{"self":[{"href":"https:\/\/luxbed.lu\/de\/wp-json\/wp\/v2\/pages\/17769","targetHints":{"allow":["GET"]}}],"collection":[{"href":"https:\/\/luxbed.lu\/de\/wp-json\/wp\/v2\/pages"}],"about":[{"href":"https:\/\/luxbed.lu\/de\/wp-json\/wp\/v2\/types\/page"}],"author":[{"embeddable":true,"href":"https:\/\/luxbed.lu\/de\/wp-json\/wp\/v2\/users\/1"}],"replies":[{"embeddable":true,"href":"https:\/\/luxbed.lu\/de\/wp-json\/wp\/v2\/comments?post=17769"}],"version-history":[{"count":2,"href":"https:\/\/luxbed.lu\/de\/wp-json\/wp\/v2\/pages\/17769\/revisions"}],"predecessor-version":[{"id":17774,"href":"https:\/\/luxbed.lu\/de\/wp-json\/wp\/v2\/pages\/17769\/revisions\/17774"}],"wp:attachment":[{"href":"https:\/\/luxbed.lu\/de\/wp-json\/wp\/v2\/media?parent=17769"}],"curies":[{"name":"wp","href":"https:\/\/api.w.org\/{rel}","templated":true}]}}