{"id":17772,"date":"2023-12-08T17:43:40","date_gmt":"2023-12-08T16:43:40","guid":{"rendered":"https:\/\/luxul.lu\/faq\/"},"modified":"2023-12-08T17:43:41","modified_gmt":"2023-12-08T16:43:41","slug":"faq","status":"publish","type":"page","link":"https:\/\/luxbed.lu\/de\/faq\/","title":{"rendered":"FAQ"},"content":{"rendered":"<div class=\"wpb-content-wrapper\"><p>[vc_row full_width=&#8220;stretch_row&#8220; css=&#8220;.vc_custom_1604673752186{margin-top: -40px !important;margin-bottom: 8vh !important;padding-top: 2vh !important;padding-bottom: 3vh !important;background-color: #173c71 !important;}&#8220; mobile_bg_img_hidden=&#8220;no&#8220; tablet_bg_img_hidden=&#8220;no&#8220; woodmart_parallax=&#8220;0&#8243; woodmart_gradient_switch=&#8220;no&#8220; row_reverse_mobile=&#8220;0&#8243; row_reverse_tablet=&#8220;0&#8243; woodmart_disable_overflow=&#8220;0&#8243;][vc_column woodmart_color_scheme=&#8220;light&#8220; offset=&#8220;vc_col-lg-offset-3 vc_col-lg-6 vc_col-md-offset-3 vc_col-md-6&#8243; mobile_bg_img_hidden=&#8220;no&#8220; tablet_bg_img_hidden=&#8220;no&#8220; woodmart_parallax=&#8220;0&#8243; woodmart_sticky_column=&#8220;false&#8220; parallax_scroll=&#8220;no&#8220; mobile_reset_margin=&#8220;no&#8220; tablet_reset_margin=&#8220;no&#8220;][vc_icon icon_fontawesome=&#8220;far fa-lightbulb&#8220; color=&#8220;custom&#8220; background_style=&#8220;rounded&#8220; background_color=&#8220;white&#8220; size=&#8220;lg&#8220; align=&#8220;center&#8220; custom_color=&#8220;#ff5e2b&#8220;][vc_custom_heading text=&#8220;H\u00e4ufig gestellte Fragen&#8220; font_container=&#8220;tag:h1|font_size:48|text_align:center|color:%23ffffff&#8220; use_theme_fonts=&#8220;yes&#8220; css=&#8220;.vc_custom_1604675951285{margin-bottom: 10px !important;}&#8220;][vc_column_text el_class=&#8220;text-larger&#8220; css=&#8220;.vc_custom_1609590704107{margin-bottom: 0px !important;padding-right: 9% !important;padding-left: 9% !important;}&#8220; text_larger=&#8220;no&#8220;]<\/p>\n<p style=\"text-align: center;\">Suchen Sie Informationen \u00fcber unsere Produkte? Sehen Sie sich das Thema an, das Sie interessiert! Wenn Sie die Antwort auf Ihre Frage nicht gefunden haben, <a href=\"https:\/\/luxul.lu\/de\/kontaktieren-sie-uns\/\" target=\"_blank\" rel=\"noopener\">schreiben Sie uns<\/a>!<\/p>\n<p>[\/vc_column_text][\/vc_column][\/vc_row][vc_row][vc_column width=&#8220;1\/6&#8243;][\/vc_column][vc_column width=&#8220;2\/3&#8243;][vc_toggle title=&#8220;Warum sollte man sich f\u00fcr ein ausziehbares Bett entscheiden?&#8220; style=&#8220;round_outline&#8220; color=&#8220;orange&#8220; size=&#8220;lg&#8220;]Ein Klappbett ist sehr vorteilhaft, vor allem f\u00fcr Menschen, die nicht viel Platz haben! Dank dieser Art von Bettw\u00e4sche m\u00fcssen Sie sich nicht mehr um die Zirkulation im Raum k\u00fcmmern. Sie k\u00f6nnten den Platz, den Sie freigeben, sobald Sie Ihr Bett umklappen, f\u00fcr andere Zwecke nutzen.[\/vc_toggle][vc_separator][vc_toggle title=&#8220;Welche Dienstleistungen bieten Sie an?&#8220; style=&#8220;round_outline&#8220; color=&#8220;orange&#8220; size=&#8220;lg&#8220;]Wir liefern nach Luxemburg, Frankreich und in die Schweiz.[\/vc_toggle][vc_separator][vc_toggle title=&#8220;Sind die Lieferung und der Aufbau kostenlos?&#8220; style=&#8220;round_outline&#8220; color=&#8220;orange&#8220; size=&#8220;lg&#8220;]Nein, die Lieferung und der Aufbau sind extra.[\/vc_toggle][vc_separator][vc_toggle title=&#8220;Kann ich die Montage selbst durchf\u00fchren?&#8220; style=&#8220;round_outline&#8220; color=&#8220;orange&#8220; size=&#8220;lg&#8220;]Ja, Sie k\u00f6nnen die Montage ganz einfach mit der Montageanleitung durchf\u00fchren, die Sie auf unserer Website herunterladen k\u00f6nnen. Dort finden Sie alle Anleitungen zu unserem Sortiment.[\/vc_toggle][vc_separator][vc_toggle title=&#8220;Kann ich mein Klappbett selbst platzieren oder verschieben?&#8220; style=&#8220;round_outline&#8220; color=&#8220;orange&#8220; size=&#8220;lg&#8220;]Nat\u00fcrlich muss man nur die technische Anleitung befolgen und ein bisschen handwerklich begabt sein? [\/vc_toggle][vc_separator][vc_toggle title=&#8220;Wie viel Gewicht kann ein luxul Klappbett maximal tragen?&#8220; style=&#8220;round_outline&#8220; color=&#8220;orange&#8220; size=&#8220;lg&#8220;]Das maximale Gewicht, das ein luxul 2-Sitzer-Klappbett tragen kann, betr\u00e4gt 300 kg, f\u00fcr das 1-Sitzer-Bett sind es 150 kg.[\/vc_toggle][vc_separator][vc_toggle title=&#8220;Welche Zahlungsarten bieten Sie an?&#8220; style=&#8220;round_outline&#8220; color=&#8220;orange&#8220; size=&#8220;lg&#8220;]Um Ihre Bestellung abzuschlie\u00dfen, werden Sie um eine Zahlung von 80% per \u00dcberweisung oder Kreditkarte gebeten. Dies geschieht in Ihrem pers\u00f6nlichen Bereich (der noch eingerichtet werden muss) und ist absolut sicher. Der Rest ist am Tag der Lieferung zu bezahlen, entweder in bar oder per Kreditkarte.[\/vc_toggle][vc_separator][vc_toggle title=&#8220;Wie kann ich mit Ihnen Kontakt aufnehmen?&#8220; style=&#8220;round_outline&#8220; color=&#8220;orange&#8220; size=&#8220;lg&#8220;]Indem Sie auf den folgenden Link klicken: <a href=\"https:\/\/luxul.lu\/de\/kontaktieren-sie-uns\/\" target=\"_blank\" rel=\"noopener noreferrer\">Kontaktieren Sie uns<\/a>[\/vc_toggle][vc_separator][vc_toggle title=&#8220;Wie lange ist die Garantiezeit?&#8220; style=&#8220;round_outline&#8220; color=&#8220;orange&#8220; size=&#8220;lg&#8220;]Alle luxul-M\u00f6bel haben eine 5-j\u00e4hrige Garantie.[\/vc_toggle][vc_separator][vc_toggle title=&#8220;Wo befindet sich das Gesch\u00e4ft luxul?&#8220; style=&#8220;round_outline&#8220; color=&#8220;orange&#8220; size=&#8220;lg&#8220;]Unser Showroom befindet sich in 32A Qaui de la Moselle, 5553, Remich, LU. (Um die Ausstellungsmodelle in unserem Showroom zu sehen :<br \/>\nge\u00f6ffnet nach Vereinbarung von Montag bis Sonntag zwischen 9-20 Uhr. Vereinbaren Sie einen Termin unter <a href=\"tel:+352621966084\"><br \/>\n  <strong>+352621966084<\/strong><br \/>\n<\/a> )[\/vc_toggle][vc_separator][vc_toggle title=&#8220;Kann ich meine eigene Matratze verwenden?&#8220; style=&#8220;round_outline&#8220; color=&#8220;orange&#8220; size=&#8220;lg&#8220;]Ja, Sie k\u00f6nnen eine Matratze Ihrer Wahl verwenden, die weniger als 25 cm dick ist.[\/vc_toggle][vc_separator][vc_toggle title=&#8220;Kann ich mein Klappbett mitnehmen, wenn ich umziehe?&#8220; style=&#8220;round_outline&#8220; color=&#8220;orange&#8220; size=&#8220;lg&#8220;]Ihr Bett ist mobil und kann in einen anderen Raum in Ihrem Haus gebracht oder bei einem Umzug mitgenommen werden.[\/vc_toggle][vc_separator][vc_toggle title=&#8220;Wo ist meine Bestellung?&#8220; style=&#8220;round_outline&#8220; color=&#8220;orange&#8220; size=&#8220;lg&#8220;]Wir stellen einen Artikel erst her, nachdem er bestellt wurde. Unsere Produktion passt sich also der Nachfrage an. Derzeit gibt es eine hohe Nachfrage, was die Wartezeiten erkl\u00e4rt. Wir tun alles, um diese Zeiten so kurz wie m\u00f6glich zu halten, damit wir Sie so schnell wie m\u00f6glich bedienen k\u00f6nnen![\/vc_toggle][vc_separator][\/vc_column][vc_column width=&#8220;1\/6&#8243;][\/vc_column][\/vc_row]<\/p>\n<\/div>","protected":false},"excerpt":{"rendered":"<p>[vc_row full_width=&#8220;stretch_row&#8220; css=&#8220;.vc_custom_1604673752186{margin-top: -40px !important;margin-bottom: 8vh !important;padding-top: 2vh !important;padding-bottom: 3vh !important;background-color: #173c71 !important;}&#8220; mobile_bg_img_hidden=&#8220;no&#8220; tablet_bg_img_hidden=&#8220;no&#8220; woodmart_parallax=&#8220;0&#8243; woodmart_gradient_switch=&#8220;no&#8220; row_reverse_mobile=&#8220;0&#8243; row_reverse_tablet=&#8220;0&#8243; woodmart_disable_overflow=&#8220;0&#8243;][vc_column<\/p>\n","protected":false},"author":1,"featured_media":0,"parent":0,"menu_order":0,"comment_status":"closed","ping_status":"closed","template":"","meta":{"footnotes":""},"class_list":["post-17772","page","type-page","status-publish","hentry"],"_links":{"self":[{"href":"https:\/\/luxbed.lu\/de\/wp-json\/wp\/v2\/pages\/17772","targetHints":{"allow":["GET"]}}],"collection":[{"href":"https:\/\/luxbed.lu\/de\/wp-json\/wp\/v2\/pages"}],"about":[{"href":"https:\/\/luxbed.lu\/de\/wp-json\/wp\/v2\/types\/page"}],"author":[{"embeddable":true,"href":"https:\/\/luxbed.lu\/de\/wp-json\/wp\/v2\/users\/1"}],"replies":[{"embeddable":true,"href":"https:\/\/luxbed.lu\/de\/wp-json\/wp\/v2\/comments?post=17772"}],"version-history":[{"count":2,"href":"https:\/\/luxbed.lu\/de\/wp-json\/wp\/v2\/pages\/17772\/revisions"}],"predecessor-version":[{"id":17780,"href":"https:\/\/luxbed.lu\/de\/wp-json\/wp\/v2\/pages\/17772\/revisions\/17780"}],"wp:attachment":[{"href":"https:\/\/luxbed.lu\/de\/wp-json\/wp\/v2\/media?parent=17772"}],"curies":[{"name":"wp","href":"https:\/\/api.w.org\/{rel}","templated":true}]}}