{"id":17781,"date":"2023-12-08T17:43:42","date_gmt":"2023-12-08T16:43:42","guid":{"rendered":"https:\/\/luxul.lu\/garantie\/"},"modified":"2023-12-08T17:43:42","modified_gmt":"2023-12-08T16:43:42","slug":"garantie","status":"publish","type":"page","link":"https:\/\/luxbed.lu\/de\/garantie\/","title":{"rendered":"Garantie"},"content":{"rendered":"<div class=\"wpb-content-wrapper\"><p>[vc_row full_width=&#8220;stretch_row&#8220; css=&#8220;.vc_custom_1604673752186{margin-top: -40px !important;margin-bottom: 8vh !important;padding-top: 2vh !important;padding-bottom: 3vh !important;background-color: #173c71 !important;}&#8220; mobile_bg_img_hidden=&#8220;no&#8220; tablet_bg_img_hidden=&#8220;no&#8220; woodmart_parallax=&#8220;0&#8243; woodmart_gradient_switch=&#8220;no&#8220; row_reverse_mobile=&#8220;0&#8243; row_reverse_tablet=&#8220;0&#8243; woodmart_disable_overflow=&#8220;0&#8243;][vc_column woodmart_color_scheme=&#8220;light&#8220; offset=&#8220;vc_col-lg-offset-3 vc_col-lg-6 vc_col-md-offset-3 vc_col-md-6&#8243; mobile_bg_img_hidden=&#8220;no&#8220; tablet_bg_img_hidden=&#8220;no&#8220; woodmart_parallax=&#8220;0&#8243; woodmart_sticky_column=&#8220;false&#8220; parallax_scroll=&#8220;no&#8220; mobile_reset_margin=&#8220;no&#8220; tablet_reset_margin=&#8220;no&#8220;][vc_icon icon_fontawesome=&#8220;fas fa-hands-helping&#8220; color=&#8220;custom&#8220; background_style=&#8220;rounded&#8220; background_color=&#8220;white&#8220; size=&#8220;lg&#8220; align=&#8220;center&#8220; custom_color=&#8220;#ff5e2b&#8220;][vc_custom_heading text=&#8220;Garantie&#8220; font_container=&#8220;tag:h1|font_size:48|text_align:center|color:%23ffffff&#8220; use_theme_fonts=&#8220;yes&#8220; css=&#8220;.vc_custom_1604677674995{margin-bottom: 10px !important;}&#8220;][vc_column_text el_class=&#8220;text-larger&#8220; css=&#8220;.vc_custom_1606416858668{margin-bottom: 0px !important;padding-right: 9% !important;padding-left: 9% !important;}&#8220; text_larger=&#8220;no&#8220;]<\/p>\n<p style=\"text-align: center;\">Ihre Zufriedenheit zu garantieren, ist unsere Priorit\u00e4t!<\/p>\n<p>[\/vc_column_text][\/vc_column][\/vc_row][vc_row][vc_column][vc_column_text text_larger=&#8220;no&#8220; woodmart_inline=&#8220;no&#8220;]<\/p>\n<ol>\n<li><strong>  Garantie<\/strong><\/li>\n<\/ol>\n<p><strong>luxul<\/strong> Klappbetten zeichnen sich auf dem Markt durch ihre Qualit\u00e4t aus, denn sie bieten Ihnen nicht nur den wahren Komfort eines unbeweglichen Bettes, sondern sind auch unvergleichlich robust. <strong>luxul<\/strong> verwendet die besten Materialien und hochwertigsten Mechanismen, um Haltbarkeit, Zuverl\u00e4ssigkeit und Widerstandsf\u00e4higkeit zu gew\u00e4hrleisten. Wir garantieren Ihnen eine hohe Qualit\u00e4t bei den verwendeten Materialien und eine sorgf\u00e4ltige Verarbeitung f\u00fcr eine dauerhafte und solide Nutzung Ihres Klappbettes.<\/p>\n<p>Alle <strong>luxul-M\u00f6bel<\/strong> haben eine 5-j\u00e4hrige Garantie.<\/p>\n<ol start=\"2\">\n<li><strong>  Allgemeines<\/strong><\/li>\n<\/ol>\n<p>Die gesetzliche Garantie gegen versteckte M\u00e4ngel gilt zwei Jahre lang gem\u00e4\u00df Artikel 1641 bis 1649 des B\u00fcrgerlichen Gesetzbuches. Es sieht vor, dass <strong>luxul<\/strong> das Produkt gegen alle versteckten M\u00e4ngel garantiert, die es f\u00fcr den vorgesehenen Zweck ungeeignet machen. Der Kunde hat dann die M\u00f6glichkeit, zwischen einer Preisminderung oder der Aufl\u00f6sung des Verkaufs zu w\u00e4hlen.<\/p>\n<p>Der Kunde muss, wenn er <strong>luxul<\/strong> bez\u00fcglich der gesetzlichen Konformit\u00e4tsgarantie in Anspruch nehmen will, dies \u00fcber unseren Kundendienst unter den folgenden Kontaktdaten tun:<\/p>\n<p>&#8211; Direkt in Ihrem personalisierten Kundenbereich, der auf der Website zug\u00e4nglich ist,<\/p>\n<p>&#8211; Per Telefon unter 06 24 23 35 41<\/p>\n<p>&#8211; E-Mail-Adresse: contact@luxul.lu<\/p>\n<p>&#8211; Per Post (zur Sicherheit empfehlen wir jedoch einen Brief mit Empfangsbest\u00e4tigung) an die folgende Adresse:<\/p>\n<p><strong>luxul<\/strong>, 32A Qaui de la Moselle, 5553, Remich, LU<\/p>\n<ol start=\"3\">\n<li><strong>  Gesetzliche Bestimmungen<\/strong><\/li>\n<\/ol>\n<p>Gesetzliche Konformit\u00e4tsgarantie gem\u00e4\u00df Artikel L217-4 des Verbraucherschutzgesetzes (Code de la consommation)<\/p>\n<p>&#8222;Der Verk\u00e4ufer liefert ein vertragskonformes Gut und haftet f\u00fcr die bei der Lieferung vorhandenen Konformit\u00e4tsm\u00e4ngel.<\/p>\n<p>Er haftet auch f\u00fcr Konformit\u00e4tsm\u00e4ngel, die sich aus der Verpackung, der Montageanleitung oder der Installation ergeben, wenn diese durch den Vertrag zu seinen Lasten ging oder unter seiner Verantwortung durchgef\u00fchrt wurde.&#8220;<\/p>\n<p>Gesetzliche Konformit\u00e4tsgarantie gem\u00e4\u00df Artikel L217-5 des Verbraucherschutzgesetzes (Code de la consommation)<\/p>\n<p>&#8222;Die Immobilie entspricht dem Vertrag:<\/p>\n<p>1\u00b0 ob es sich f\u00fcr den Gebrauch eignet, der gew\u00f6hnlich von einem \u00e4hnlichen Gut erwartet wird, und gegebenenfalls :<\/p>\n<p>&#8211; wenn er der vom Verk\u00e4ufer gegebenen Beschreibung entspricht und die Eigenschaften besitzt, die er dem K\u00e4ufer in Form von Mustern oder Modellen pr\u00e4sentiert hat;<\/p>\n<p>&#8211; ob er die Eigenschaften aufweist, die ein K\u00e4ufer in Anbetracht der \u00f6ffentlichen Erkl\u00e4rungen des Verk\u00e4ufers, des Herstellers oder seines Vertreters, insbesondere in der Werbung oder auf dem Etikett, berechtigterweise erwarten kann;<\/p>\n<p>2\u00b0 oder wenn er die von den Parteien einvernehmlich festgelegten Eigenschaften aufweist oder f\u00fcr jeden vom K\u00e4ufer gew\u00fcnschten besonderen Zweck geeignet ist, der dem Verk\u00e4ufer zur Kenntnis gebracht wurde und den dieser akzeptiert hat.&#8220;<\/p>\n<p>Gesetzliche Konformit\u00e4tsgarantie gem\u00e4\u00df Artikel L217-6 des Verbraucherschutzgesetzes (Code de la consommation)<\/p>\n<p>&#8222;Der Verk\u00e4ufer ist nicht an die \u00f6ffentlichen Erkl\u00e4rungen des Herstellers oder seines Vertreters gebunden, wenn nachgewiesen wird, dass er diese nicht kannte und berechtigterweise nicht in der Lage war, sie zu kennen.&#8220;<\/p>\n<p>Gesetzliche Konformit\u00e4tsgarantie gem\u00e4\u00df Artikel L217-7 des Verbraucherschutzgesetzes (Code de la consommation)<\/p>\n<p>&#8222;Bei Konformit\u00e4tsm\u00e4ngeln, die innerhalb von vierundzwanzig Monaten nach der Lieferung des Gutes auftreten, wird vermutet, dass sie bereits zum Zeitpunkt der Lieferung bestanden haben, sofern nicht das Gegenteil bewiesen wird. Bei Waren, die gebraucht verkauft werden, betr\u00e4gt diese Frist sechs Monate. Der Verk\u00e4ufer kann dieser Vermutung entgegenwirken, wenn sie mit der Art des Gutes oder der geltend gemachten Vertragswidrigkeit nicht vereinbar ist.&#8220;<\/p>\n<p>Gesetzliche Konformit\u00e4tsgarantie gem\u00e4\u00df Artikel L217-8 des Verbrauchergesetzbuchs (Code de la consommation)<\/p>\n<p>&#8222;Der K\u00e4ufer hat das Recht zu verlangen, dass das Gut mit dem Vertrag \u00fcbereinstimmt. Er kann die Vertragsm\u00e4\u00dfigkeit jedoch nicht unter Berufung auf einen Mangel bestreiten, den er zum Zeitpunkt des Vertragsschlusses kannte oder nicht ignorieren konnte. Dies gilt auch, wenn der Mangel seinen Ursprung in Materialien hat, die er selbst geliefert hat.&#8220;<\/p>\n<p>Gesetzliche Konformit\u00e4tsgarantie gem\u00e4\u00df Artikel L217-9 des Verbraucherschutzgesetzes (Code de la consommation)<\/p>\n<p>&#8222;Im Falle einer Vertragswidrigkeit hat der K\u00e4ufer die Wahl zwischen Nachbesserung und Ersatzlieferung. Der Verk\u00e4ufer kann jedoch nicht nach der Wahl des K\u00e4ufers verfahren, wenn diese Wahl angesichts des Wertes des Gutes oder der Bedeutung des Mangels zu Kosten f\u00fchrt, die im Vergleich zu der anderen Modalit\u00e4t offensichtlich unverh\u00e4ltnism\u00e4\u00dfig sind. Er ist dann verpflichtet, sofern dies nicht unm\u00f6glich ist, nach der vom K\u00e4ufer nicht gew\u00e4hlten Modalit\u00e4t zu verfahren.&#8220;[\/vc_column_text][\/vc_column][\/vc_row]<\/p>\n<\/div>","protected":false},"excerpt":{"rendered":"<p>[vc_row full_width=&#8220;stretch_row&#8220; css=&#8220;.vc_custom_1604673752186{margin-top: -40px !important;margin-bottom: 8vh !important;padding-top: 2vh !important;padding-bottom: 3vh !important;background-color: #173c71 !important;}&#8220; mobile_bg_img_hidden=&#8220;no&#8220; tablet_bg_img_hidden=&#8220;no&#8220; woodmart_parallax=&#8220;0&#8243; woodmart_gradient_switch=&#8220;no&#8220; row_reverse_mobile=&#8220;0&#8243; row_reverse_tablet=&#8220;0&#8243; woodmart_disable_overflow=&#8220;0&#8243;][vc_column<\/p>\n","protected":false},"author":1,"featured_media":0,"parent":0,"menu_order":0,"comment_status":"closed","ping_status":"closed","template":"","meta":{"footnotes":""},"class_list":["post-17781","page","type-page","status-publish","hentry"],"_links":{"self":[{"href":"https:\/\/luxbed.lu\/de\/wp-json\/wp\/v2\/pages\/17781","targetHints":{"allow":["GET"]}}],"collection":[{"href":"https:\/\/luxbed.lu\/de\/wp-json\/wp\/v2\/pages"}],"about":[{"href":"https:\/\/luxbed.lu\/de\/wp-json\/wp\/v2\/types\/page"}],"author":[{"embeddable":true,"href":"https:\/\/luxbed.lu\/de\/wp-json\/wp\/v2\/users\/1"}],"replies":[{"embeddable":true,"href":"https:\/\/luxbed.lu\/de\/wp-json\/wp\/v2\/comments?post=17781"}],"version-history":[{"count":2,"href":"https:\/\/luxbed.lu\/de\/wp-json\/wp\/v2\/pages\/17781\/revisions"}],"predecessor-version":[{"id":17787,"href":"https:\/\/luxbed.lu\/de\/wp-json\/wp\/v2\/pages\/17781\/revisions\/17787"}],"wp:attachment":[{"href":"https:\/\/luxbed.lu\/de\/wp-json\/wp\/v2\/media?parent=17781"}],"curies":[{"name":"wp","href":"https:\/\/api.w.org\/{rel}","templated":true}]}}