{"id":17801,"date":"2023-12-08T17:43:46","date_gmt":"2023-12-08T16:43:46","guid":{"rendered":"https:\/\/luxul.lu\/lieferung\/"},"modified":"2024-11-18T11:45:53","modified_gmt":"2024-11-18T10:45:53","slug":"lieferung","status":"publish","type":"page","link":"https:\/\/luxbed.lu\/de\/lieferung\/","title":{"rendered":"Lieferung"},"content":{"rendered":"<div class=\"wpb-content-wrapper\"><p>[vc_row full_width=&#8220;stretch_row&#8220; css=&#8220;.vc_custom_1604673752186{margin-top: -40px !important;margin-bottom: 8vh !important;padding-top: 2vh !important;padding-bottom: 3vh !important;background-color: #173c71 !important;}&#8220; mobile_bg_img_hidden=&#8220;no&#8220; tablet_bg_img_hidden=&#8220;no&#8220; woodmart_parallax=&#8220;0&#8243; woodmart_gradient_switch=&#8220;no&#8220; row_reverse_mobile=&#8220;0&#8243; row_reverse_tablet=&#8220;0&#8243; woodmart_disable_overflow=&#8220;0&#8243;][vc_column woodmart_color_scheme=&#8220;light&#8220; offset=&#8220;vc_col-lg-offset-3 vc_col-lg-6 vc_col-md-offset-3 vc_col-md-6&#8243; mobile_bg_img_hidden=&#8220;no&#8220; tablet_bg_img_hidden=&#8220;no&#8220; woodmart_parallax=&#8220;0&#8243; woodmart_sticky_column=&#8220;false&#8220; parallax_scroll=&#8220;no&#8220; mobile_reset_margin=&#8220;no&#8220; tablet_reset_margin=&#8220;no&#8220;][vc_icon icon_fontawesome=&#8220;fas fa-shipping-fast&#8220; color=&#8220;custom&#8220; background_style=&#8220;rounded&#8220; background_color=&#8220;white&#8220; size=&#8220;lg&#8220; align=&#8220;center&#8220; custom_color=&#8220;#ff5e2b&#8220;][vc_custom_heading text=&#8220;Informationen zu Lieferungen&#8220; font_container=&#8220;tag:h1|font_size:48|text_align:center|color:%23ffffff&#8220; use_theme_fonts=&#8220;yes&#8220; css=&#8220;.vc_custom_1604677279622{margin-bottom: 10px !important;}&#8220;][\/vc_column][\/vc_row][vc_row][vc_column][vc_column_text css=&#8220;&#8220; text_larger=&#8220;no&#8220; woodmart_inline=&#8220;no&#8220;]<\/p>\n<p style=\"text-align: left;\"><strong>LIEFERUNG<\/strong><\/p>\n<p>Wir stellen Ihnen das bestellte Produkt 8-12 Wochen nach Zahlungseingang zur Verf\u00fcgung.<\/p>\n<h5><strong>Tarife :<\/strong><\/h5>\n<ul>\n<li>\n<h4 style=\"color: red;\">Lieferung mit Tieflader in Luxemburg und angrenzenden L\u00e4ndern in Luxemburg<br \/>\n(Au\u00dfer Inseln, Korsika, Gebirge)<\/h4>\n<ul>\n<li><strong>180 \u20ac ht f\u00fcr einen Schrankbett<\/strong><\/li>\n<li>Und durch zus\u00e4tzliches Zubeh\u00f6r:\n<ul>\n<li><strong>Sofa: + 30\u20acht<\/strong><\/li>\n<li><strong>Matratze: + 15\u20acht<\/strong><\/li>\n<li><strong>B\u00fccherregal, Schrank: + 30\u20acht<\/strong><\/li>\n<\/ul>\n<\/li>\n<li>Und Installationen sind m\u00f6glich <strong>ab 150\u20acht<\/strong><br \/>\n(Lieferung und Installation erfolgen gleichzeitig).<\/li>\n<\/ul>\n<\/li>\n<\/ul>\n<h4>Bedingungen f\u00fcr die Zug\u00e4nglichkeit des Lieferortes :<\/h4>\n<p>Der K\u00e4ufer muss sich unbedingt vor dem Kauf des Produkts oder der Produkte, die er zu kaufen beabsichtigt, entweder auf unserer Website und\/oder beim Verk\u00e4ufer informieren, um die Erreichbarkeit des Produkts oder der Produkte bis zu seinem Wohnsitz zu \u00fcberpr\u00fcfen:<\/p>\n<ul>\n<li>Keine Lieferung in die Berge, M\u00f6glichkeit der Lieferung an eine Adresse im Stadtzentrum<\/li>\n<li>Lieferung per LKW an die Lieferadresse, wenn diese f\u00fcr 20 m\u00b3-LKWs leicht zug\u00e4nglich ist und wenn diese aufgrund der Wetter- und geografischen Bedingungen zug\u00e4nglich ist.<\/li>\n<li>Es liegt in der Verantwortung des Kunden, eine erreichbare Lieferadresse anzugeben, die den oben genannten Bedingungen entspricht.<\/li>\n<\/ul>\n<p>Bitte kontaktieren Sie uns. <a href=\"tel:+352621966084\"><br \/>\n  <strong>+352621966084<\/strong><br \/>\n<\/a> oder per E-Mail: <a href=\"mailto:info@luxul.lu\">info@luxul.lu<\/a><\/p>\n<p>Die Lieferung erfolgt nach Terminvereinbarung. Ihr Paket wird vor Ihrer Haust\u00fcr abgelegt:<br \/>\n&#8211; An Ihrem Tor f\u00fcr ein Haus,<br \/>\n&#8211; Am Fu\u00dfe Ihres Geb\u00e4udes f\u00fcr ein Geb\u00e4ude. <strong>Lieferzeit:<\/strong><br \/>\nDer Spediteur kontaktiert Sie innerhalb von 24\/72 Stunden nach Versand Ihrer Bestellung, um einen Liefertag zu vereinbaren (Richtzeit f\u00fcr eine Lieferung in Luxemburg). <strong>Liefergebiet:<\/strong><br \/>\nLieferung und Montage sind in ganz Luxemburg m\u00f6glich. Bitte <strong>beachten Sie:<\/strong><br \/>\nBitte stellen Sie in jedem Fall sicher, dass die M\u00f6bel durch die \u00d6ffnungen passen und\/oder dass die Treppen gro\u00df genug sind, um die bestellten M\u00f6bel passieren zu k\u00f6nnen.<br \/>\nDie Lieferadresse (die von der Rechnungsadresse abweichen kann) muss korrekt sein und alle f\u00fcr eine erfolgreiche Lieferung erforderlichen Angaben enthalten.<br \/>\nBevor Sie Ihr Paket abholen, \u00fcberpr\u00fcfen Sie bitte den Zustand der Au\u00dfenverpackung Ihres Pakets.<\/p>\n<p> Wenn Sie Sch\u00e4den an der Verpackung feststellen, sollten Sie die Annahme des Pakets verweigern oder den Schaden umgehend unserem Kundenservice melden.<\/p>\n<p><a href=\"https:\/\/luxul.lu\/cgv\/\" target=\"_blank\" rel=\"noopener\">Klicken Sie hier<\/a> f\u00fcr alle Details zur Lieferung.[\/vc_column_text][\/vc_column][\/vc_row]<\/p>\n<\/div>","protected":false},"excerpt":{"rendered":"<p>[vc_row full_width=&#8220;stretch_row&#8220; css=&#8220;.vc_custom_1604673752186{margin-top: -40px !important;margin-bottom: 8vh !important;padding-top: 2vh !important;padding-bottom: 3vh !important;background-color: #173c71 !important;}&#8220; mobile_bg_img_hidden=&#8220;no&#8220; tablet_bg_img_hidden=&#8220;no&#8220; woodmart_parallax=&#8220;0&#8243; woodmart_gradient_switch=&#8220;no&#8220; row_reverse_mobile=&#8220;0&#8243; row_reverse_tablet=&#8220;0&#8243; woodmart_disable_overflow=&#8220;0&#8243;][vc_column<\/p>\n","protected":false},"author":1,"featured_media":0,"parent":0,"menu_order":0,"comment_status":"closed","ping_status":"closed","template":"","meta":{"footnotes":""},"class_list":["post-17801","page","type-page","status-publish","hentry"],"_links":{"self":[{"href":"https:\/\/luxbed.lu\/de\/wp-json\/wp\/v2\/pages\/17801","targetHints":{"allow":["GET"]}}],"collection":[{"href":"https:\/\/luxbed.lu\/de\/wp-json\/wp\/v2\/pages"}],"about":[{"href":"https:\/\/luxbed.lu\/de\/wp-json\/wp\/v2\/types\/page"}],"author":[{"embeddable":true,"href":"https:\/\/luxbed.lu\/de\/wp-json\/wp\/v2\/users\/1"}],"replies":[{"embeddable":true,"href":"https:\/\/luxbed.lu\/de\/wp-json\/wp\/v2\/comments?post=17801"}],"version-history":[{"count":10,"href":"https:\/\/luxbed.lu\/de\/wp-json\/wp\/v2\/pages\/17801\/revisions"}],"predecessor-version":[{"id":19405,"href":"https:\/\/luxbed.lu\/de\/wp-json\/wp\/v2\/pages\/17801\/revisions\/19405"}],"wp:attachment":[{"href":"https:\/\/luxbed.lu\/de\/wp-json\/wp\/v2\/media?parent=17801"}],"curies":[{"name":"wp","href":"https:\/\/api.w.org\/{rel}","templated":true}]}}