{"id":17822,"date":"2023-12-08T17:43:52","date_gmt":"2023-12-08T16:43:52","guid":{"rendered":"https:\/\/luxul.lu\/ueber\/"},"modified":"2023-12-08T17:43:53","modified_gmt":"2023-12-08T16:43:53","slug":"ueber","status":"publish","type":"page","link":"https:\/\/luxbed.lu\/de\/ueber\/","title":{"rendered":"\u00dcber"},"content":{"rendered":"<div class=\"wpb-content-wrapper\"><p>[vc_row][vc_column][vc_column_text text_larger=&#8220;no&#8220;]<\/p>\n<h1 data-pm-slice=\"1 1 []\" data-en-clipboard=\"true\">Der Experte f\u00fcr platzsparende Klappbetten in Luxemburg! Garantie f\u00fcr Kundenzufriedenheit!<\/h1>\n<div data-pm-slice=\"1 1 []\" data-en-clipboard=\"true\">\n<div data-pm-slice=\"1 1 []\" data-en-clipboard=\"true\">Ausziehbares Bett direkt vom Hersteller. Unsere Auswahl an Schrankbetten entspricht Ihren Bed\u00fcrfnissen. Ihr luxul.lu-Shop bietet Ihnen eine gro\u00dfe Auswahl an Klappbetten! Ideal, um in kleinen R\u00e4umen Platz zu sparen, oder in einem gro\u00dfen B\u00fcro als G\u00e4stebett. Das ausziehbare Bett ist ein geniales M\u00f6belst\u00fcck!<\/div>\n<\/div>\n<div data-pm-slice=\"1 1 []\" data-en-clipboard=\"true\"><\/div>\n<div data-pm-slice=\"1 1 []\" data-en-clipboard=\"true\">\n<div data-pm-slice=\"1 1 []\" data-en-clipboard=\"true\">Garantierte Kundenzufriedenheit zum besten Preis. Qualit\u00e4t kommt zu Ihnen nach Hause<\/div>\n<\/div>\n<p>[\/vc_column_text][\/vc_column][\/vc_row]<\/p>\n<\/div>","protected":false},"excerpt":{"rendered":"<p>[vc_row][vc_column][vc_column_text text_larger=&#8220;no&#8220;] Der Experte f\u00fcr platzsparende Klappbetten in Luxemburg! Garantie f\u00fcr Kundenzufriedenheit! Ausziehbares Bett direkt vom Hersteller. Unsere Auswahl an<\/p>\n","protected":false},"author":1,"featured_media":0,"parent":0,"menu_order":0,"comment_status":"closed","ping_status":"closed","template":"","meta":{"footnotes":""},"class_list":["post-17822","page","type-page","status-publish","hentry"],"_links":{"self":[{"href":"https:\/\/luxbed.lu\/de\/wp-json\/wp\/v2\/pages\/17822","targetHints":{"allow":["GET"]}}],"collection":[{"href":"https:\/\/luxbed.lu\/de\/wp-json\/wp\/v2\/pages"}],"about":[{"href":"https:\/\/luxbed.lu\/de\/wp-json\/wp\/v2\/types\/page"}],"author":[{"embeddable":true,"href":"https:\/\/luxbed.lu\/de\/wp-json\/wp\/v2\/users\/1"}],"replies":[{"embeddable":true,"href":"https:\/\/luxbed.lu\/de\/wp-json\/wp\/v2\/comments?post=17822"}],"version-history":[{"count":2,"href":"https:\/\/luxbed.lu\/de\/wp-json\/wp\/v2\/pages\/17822\/revisions"}],"predecessor-version":[{"id":17826,"href":"https:\/\/luxbed.lu\/de\/wp-json\/wp\/v2\/pages\/17822\/revisions\/17826"}],"wp:attachment":[{"href":"https:\/\/luxbed.lu\/de\/wp-json\/wp\/v2\/media?parent=17822"}],"curies":[{"name":"wp","href":"https:\/\/api.w.org\/{rel}","templated":true}]}}