{"id":17833,"date":"2023-12-08T17:43:54","date_gmt":"2023-12-08T16:43:54","guid":{"rendered":"https:\/\/luxul.lu\/luxul-montageanleitung\/"},"modified":"2024-07-01T14:51:23","modified_gmt":"2024-07-01T12:51:23","slug":"luxul-montageanleitung","status":"publish","type":"page","link":"https:\/\/luxbed.lu\/de\/luxul-montageanleitung\/","title":{"rendered":"Luxul-Montageanleitung"},"content":{"rendered":"<div class=\"wpb-content-wrapper\"><p>[vc_row full_width=&#8220;stretch_row&#8220; css=&#8220;.vc_custom_1604673752186{margin-top: -40px !important;margin-bottom: 8vh !important;padding-top: 2vh !important;padding-bottom: 3vh !important;background-color: #173c71 !important;}&#8220; mobile_bg_img_hidden=&#8220;no&#8220; tablet_bg_img_hidden=&#8220;no&#8220; woodmart_parallax=&#8220;0&#8243; woodmart_gradient_switch=&#8220;no&#8220; row_reverse_mobile=&#8220;0&#8243; row_reverse_tablet=&#8220;0&#8243; woodmart_disable_overflow=&#8220;0&#8243;][vc_column woodmart_color_scheme=&#8220;light&#8220; offset=&#8220;vc_col-lg-offset-3 vc_col-lg-6 vc_col-md-offset-3 vc_col-md-6&#8243; mobile_bg_img_hidden=&#8220;no&#8220; tablet_bg_img_hidden=&#8220;no&#8220; woodmart_parallax=&#8220;0&#8243; woodmart_sticky_column=&#8220;false&#8220; parallax_scroll=&#8220;no&#8220; mobile_reset_margin=&#8220;no&#8220; tablet_reset_margin=&#8220;no&#8220;][vc_icon icon_fontawesome=&#8220;fas fa-tools&#8220; color=&#8220;custom&#8220; background_style=&#8220;rounded&#8220; background_color=&#8220;white&#8220; size=&#8220;lg&#8220; align=&#8220;center&#8220; custom_color=&#8220;#ff5e2b&#8220;][vc_custom_heading text=&#8220;Aufbau und Installation Ihres Schrankbettes&#8220; font_container=&#8220;tag:h1|font_size:36|text_align:center|color:%23ffffff&#8220; use_theme_fonts=&#8220;yes&#8220; css=&#8220;.vc_custom_1607333235104{margin-bottom: 10px !important;}&#8220;][vc_column_text css=&#8220;.vc_custom_1605956557487{margin-bottom: 0px !important;padding-right: 9% !important;padding-left: 9% !important;}&#8220; el_class=&#8220;text-larger&#8220; text_larger=&#8220;no&#8220;]<\/p>\n<p style=\"text-align: center;\">Schnelle und einfache Installation innerhalb weniger Stunden<\/p>\n<p>[\/vc_column_text][\/vc_column][\/vc_row][vc_row][vc_column width=&#8220;2\/3&#8243;][vc_single_image image=&#8220;17163&#8243; img_size=&#8220;full&#8220; parallax_scroll=&#8220;no&#8220;][\/vc_column][vc_column width=&#8220;1\/3&#8243;][vc_column_text text_larger=&#8220;no&#8220;]<\/p>\n<h4>Ich bitte um Hilfe von einem Profi!<\/h4>\n<p>Die Montage kann von den professionellen Technikern von<strong> luxul<\/strong> durchgef\u00fchrt werden. Montagepreise nach Kostenvoranschlag.<\/p>\n<h4>Ich f\u00fchre die Montage selbst durch!<\/h4>\n<p>Einer der Hauptvorteile eines <strong>luxul<\/strong> Schrankbettes ist, dass es f\u00fcr einen einfachen Aufbau und eine einfache Installation konzipiert wurde. Installieren Sie es selbst oder beauftragen Sie einen Heimwerker. Wenn Sie sich mit einigen grundlegenden Werkzeugen auskennen,<strong> k\u00f6nnen Sie die luxul Klappbetten und Schr\u00e4nke in wenigen Stunden aufstellen<\/strong>.<\/p>\n<p>Wir liefern Ihnen eine klare Anleitung f\u00fcr einen einfachen Aufbau, der jeden einzelnen Schritt zeigt. Die Anleitungen, die Ihrem Bett beiliegen, sind leicht zu befolgen und vor allem mit vielen Fotos versehen. Um es f\u00fcr Sie noch praktischer zu machen, sind die Teile der <strong>luxul<\/strong> Klappbetten mit Etiketten und Indikatoren verpackt, die Ihnen w\u00e4hrend des gesamten Installationsprozesses helfen.[\/vc_column_text][\/vc_column][\/vc_row][vc_row css=&#8220;.vc_custom_1500912588648{margin-bottom: 5vh !important;}&#8220; el_class=&#8220;z-index-h position-relative&#8220;][vc_column]\n\t\t<div id=\"wd-6682a592ba238\" class=\"title-wrapper wd-wpb wd-set-mb reset-last-child  wd-rs-6682a592ba238 wd-title-color-primary wd-title-style-default text-center vc_custom_1719838105635 wd-width-enabled wd-underline-colored\" style=\"--wd-max-width: 70%;\">\n\t\t\t\n\t\t\t<div class=\"liner-continer\">\n\t\t\t\t<h2 class=\"woodmart-title-container title  wd-font-weight- wd-fontsize-xl\" >Brauchen Sie Hilfe beim Aufbau Ihres Schrankbettes?<\/h2>\n\t\t\t\t\t\t\t<\/div>\n\t\t\t\n\t\t\t\t\t\t\t<div class=\"title-after_title reset-last-child  wd-fontsize-s\">Alle Montageanleitungen k\u00f6nnen im PDF-Format heruntergeladen werden.<\/div>\n\t\t\t\n\t\t\t\n\t\t<\/div>\n\t\t\n\t\t[\/vc_column][\/vc_row][vc_row][vc_column][vc_column_text css=&#8220;&#8220; text_larger=&#8220;no&#8220; woodmart_inline=&#8220;no&#8220;]<\/p>\n<ul>\n<li>\n<h5><a href=\"\/wp-content\/uploads\/2022\/04\/LX001-Lit-escamotable-superpose%CC%81-horizontal-optimal.pdf\" target=\"_blank\" rel=\"noopener\"><strong>Aufbauanleitung LX001-Horizontales Etagenklappbett<\/strong> otimal<\/a><\/h5>\n<\/li>\n<li>\n<h5><a href=\"\/wp-content\/uploads\/2022\/04\/LX010-Lit-escamotable-horizontal-1-place.pdf\" target=\"_blank\" rel=\"noopener\"><strong>Aufbauanleitung LX010-Horizontales Schrankbett<\/strong> f\u00fcr 1 Person<\/a><\/h5>\n<\/li>\n<li>\n<h5><a href=\"\/wp-content\/uploads\/2022\/04\/LX011-lit-escamotable-horizontal-optimal-avec-armoire-sur-meuble.pdf\" target=\"_blank\" rel=\"noopener\"><strong>Aufbauanleitung LX011-Optimales<\/strong> horizontales <strong>Schrankbett<\/strong> mit Einbauschrank<\/a><\/h5>\n<\/li>\n<li>\n<h5><a href=\"\/wp-content\/uploads\/2022\/04\/LX020-Lit-escamotable-horizontal-2-places.pdf\" target=\"_blank\" rel=\"noopener\"><strong>Aufbauanleitung LX020-Horizontales Klappbett<\/strong> 2-Sitzer<\/a><\/h5>\n<\/li>\n<li>\n<h5><a href=\"\/wp-content\/uploads\/2021\/01\/LX026-Lit-escamotable-horizontal-2-places-3-en-1-combine%CC%81.pdf\" target=\"_blank\" rel=\"noopener\"><strong>Aufbauanleitung LX026-Horizontales Klappbett<\/strong> 2-Sitzer 3-in-1-Kombi<\/a><\/h5>\n<\/li>\n<li>\n<h5><a href=\"\/wp-content\/uploads\/2022\/04\/LX031-lit-escamotable-horizontal-2-places-armoire-sur-meuble-compresse%CC%81.pdf\" target=\"_blank\" rel=\"noopener\"><strong>Aufbauanleitung LX031-Horizontales Klappbett<\/strong> 2-Sitzer Schrank \u00dcberm\u00f6blierung<\/a><\/h5>\n<\/li>\n<li>\n<h5><a href=\"\/wp-content\/uploads\/2022\/04\/LX040-Armoire-lit-escamotable-verticale-1-place.pdf\" target=\"_blank\" rel=\"noopener\"><strong>Aufbauanleitung LX040-Schrank Schrankbett<\/strong> vertikal 1 Platz<\/a><\/h5>\n<\/li>\n<li>\n<h5><a href=\"\/wp-content\/uploads\/2021\/01\/PX045-Lit-escamotable-combine%CC%81-3-en-1-avec-penderie-et-bureau.pdf\" target=\"_blank\" rel=\"noopener\"><strong>Aufbauanleitung LX045-Kombiniertes 3-in-1-Ausziehbett<\/strong> mit Kleiderschrank und Schreibtisch<\/a><\/h5>\n<\/li>\n<li>\n<h5><a href=\"\/wp-content\/uploads\/2022\/04\/LX050-Armoire-lit-escamotable-verticale-2-places-compressed.pdf\" target=\"_blank\" rel=\"noopener\"><strong>Aufbauanleitung LX050-Schrank Schrankbett<\/strong> vertikal 2 Pl\u00e4tze<\/a><\/h5>\n<\/li>\n<li>\n<h5><a href=\"\/wp-content\/uploads\/2022\/04\/LX056-Armoire-lit-escamotable-verticale-XL-2-places.pdf\" target=\"_blank\" rel=\"noopener\"><strong>Aufbauanleitung LX056-Schrank Schrankbett<\/strong> vertikal 2-Sitzer Smart<\/a><\/h5>\n<\/li>\n<li>\n<h5><a href=\"\/wp-content\/uploads\/2022\/04\/LX056-Armoire-lit-escamotable-verticale-XL-2-places.pdf\" target=\"_blank\" rel=\"noopener\"><strong>Aufbauanleitung LX056XL-Schrank Schrankbett<\/strong> vertikal XL 2-Sitzer<\/a><\/h5>\n<\/li>\n<li>\n<h5><a href=\"\/wp-content\/uploads\/2022\/04\/LX150-E%CC%81tage%CC%80res-multiples.pdf\" target=\"_blank\" rel=\"noopener\"><strong>Aufbauanleitung LX0150\/LX0151\/LX0152\/LX0153\/LX0154\/LX0155\/mehrere Regale<\/strong><\/a><\/h5>\n<\/li>\n<li>\n<h5><a href=\"\/wp-content\/uploads\/2022\/04\/LX201-Armoire-colonne-verticale-avec-tiroirs.pdf\" target=\"_blank\" rel=\"noopener\"><strong>Aufbauanleitung LX201-Vertikaler S\u00e4ulenschrank<\/strong> mit Schubladen<\/a><\/h5>\n<\/li>\n<li>\n<h5><a href=\"\/wp-content\/uploads\/2022\/04\/LX202-Armoire-colonne-verticale-2-portes-battantes.pdf\" target=\"_blank\" rel=\"noopener\"><strong>Aufbauanleitung LX202-Vertikaler S\u00e4ulenschrank<\/strong> 2 Fl\u00fcgelt\u00fcren<\/a><\/h5>\n<\/li>\n<li>\n<h5><a href=\"\/wp-content\/uploads\/2022\/04\/LX203-Bibliothe%CC%80que-avec-tiroirs-en-dessous.pdf\" target=\"_blank\" rel=\"noopener\"><strong>Aufbauanleitung LX203-B\u00fccherregal<\/strong> mit Schubladen unten<\/a><\/h5>\n<\/li>\n<li>\n<h5><a href=\"\/wp-content\/uploads\/2022\/04\/LX204-Bibliothe%CC%80que-avec-une-porte-en-dessous.pdf\" target=\"_blank\" rel=\"noopener\"><strong>Aufbauanleitung LX204-B\u00fccherregal<\/strong> mit einer T\u00fcr darunter<\/a><\/h5>\n<\/li>\n<li>\n<h5><a href=\"\/wp-content\/uploads\/2022\/04\/LX205-pratix-bibliotheque-avec-rangements-2-portes-en-bas.pdf\" target=\"_blank\" rel=\"noopener\">Aufbauanleitung LX205-B\u00fccherregal mit Stauraum mit 2 T\u00fcren unten<\/a><\/h5>\n<\/li>\n<li>\n<h5><a href=\"\/wp-content\/uploads\/2022\/04\/LX206-Bibliothe%CC%80que-avec-rangements-a%CC%80-4-portes.pdf\" target=\"_blank\" rel=\"noopener\"><strong>Aufbauanleitung LX206-B\u00fccherregal<\/strong> mit Stauraum mit 4 T\u00fcren<\/a><\/h5>\n<\/li>\n<li>\n<h5><a href=\"\/wp-content\/uploads\/2022\/04\/LX207-Armoire-3-portes-avec-penderie-et-2-tiroirs-en-bas-1.pdf\" target=\"_blank\" rel=\"noopener\">Aufbauanleitung LX207-Schrank 3-t\u00fcrig mit Kleiderschrank und 2 Schubladen unten<\/a><\/h5>\n<\/li>\n<\/ul>\n<h5><\/h5>\n<p>[\/vc_column_text][\/vc_column][\/vc_row][vc_row css=&#8220;.vc_custom_1609522344198{margin-bottom: 5vh !important;padding-top: 5vh !important;}&#8220; el_class=&#8220;z-index-h position-relative&#8220; mobile_bg_img_hidden=&#8220;no&#8220; tablet_bg_img_hidden=&#8220;no&#8220; woodmart_parallax=&#8220;0&#8243; woodmart_gradient_switch=&#8220;no&#8220; row_reverse_mobile=&#8220;0&#8243; row_reverse_tablet=&#8220;0&#8243; woodmart_disable_overflow=&#8220;0&#8243;][vc_column]\n\t\t<div id=\"wd-5fef5c8754914\" class=\"title-wrapper wd-wpb wd-set-mb reset-last-child  wd-rs-5fef5c8754914 wd-title-color-primary wd-title-style-default text-center vc_custom_1609522327864 wd-width-enabled wd-underline-colored\" style=\"--wd-max-width: 60%;\">\n\t\t\t\n\t\t\t<div class=\"liner-continer\">\n\t\t\t\t<h3 class=\"woodmart-title-container title  wd-font-weight- wd-fontsize-xl\" >WICHTIGE WARNUNG<\/h3>\n\t\t\t\t\t\t\t<\/div>\n\t\t\t\n\t\t\t\n\t\t\t\n\t\t<\/div>\n\t\t\n\t\t[vc_column_text text_larger=&#8220;no&#8220;]<\/p>\n<ol>\n<li>Bevor Sie mit der Installation beginnen, lesen Sie unbedingt die Installationsanleitung.<\/li>\n<li>Wenn Sie die Verpackungen des Produkts \u00f6ffnen, legen Sie sie auf den Boden und \u00f6ffnen Sie sie vorsichtig, um das Material nicht zu besch\u00e4digen. Andernfalls k\u00f6nnen Sie die St\u00fccke zerkratzen oder sie fallen lassen und zerbrechen.<\/li>\n<li>Da unsere Produkte aus hochwertigen und erstklassigen Materialien hergestellt werden, k\u00f6nnen einige Teile gro\u00df und schwer sein. Holen Sie sich daher Hilfe von einer zweiten Person, damit Sie sich selbst oder dem Produkt bei der Installation nicht schaden.<\/li>\n<li>Vergleichen Sie die Arten von Schrauben, Metall- und Kunststoffteilen, die aus den Verpackungen kommen werden, mit den Visualisierungen und Zahlen auf dem Installationshandbuch.<\/li>\n<li>Achten Sie darauf, dass Sie die restlichen Holzst\u00fccke, Metallteile und Verpackungsabf\u00e4lle geordnet anordnen.<\/li>\n<li>Wenn Sie sonst darauf treten, erh\u00f6hen Sie das Verletzungsrisiko oder schaffen eine Grundlage f\u00fcr den Verlust von Teilen.<\/li>\n<li>Wenn Sie w\u00e4hrend der Montagephase die richtigen Werkzeuge und Ausr\u00fcstungen verwenden, k\u00f6nnen Sie m\u00f6gliche Gefahren, Sch\u00e4den an Teilen und Zeitverlust vermeiden.<\/li>\n<li>Achten Sie unbedingt darauf, dass Sie die in der Anleitung angegebene Reihenfolge beim Zusammenbau einhalten.<\/li>\n<li>Nach der Installation des Geh\u00e4uses ist es unbedingt erforderlich, die Verbindung des Geh\u00e4uses mit dem Wandmontageger\u00e4t fest herzustellen, bevor die Feder des Mechanismus unter Spannung gesetzt und die beweglichen Teile zusammengebaut werden. \u00d6ffnen Sie auf keinen Fall die Frontseite eines Bettes, das nicht an der Wand befestigt ist.Andernfalls kann das Modul herunterfallen und Verletzungen verursachen.<\/li>\n<li>Bei der Montage der Federspannung des Mechanismus und der beweglichen Teile sollten zus\u00e4tzliche Vorsichtsma\u00dfnahmen getroffen und Arbeitshandschuhe verwendet werden. Andernfalls k\u00f6nnten Ihre Finger eingeklemmt werden und Sie sich verletzen.<\/li>\n<li>F\u00fchren Sie nach der Installation des Produkts die erforderlichen Pr\u00fcfungen durch, versuchen Sie, das Funktionsprinzip des Produkts zu verstehen, und beginnen Sie dann mit der Nutzung des Produkts.<\/li>\n<li>Unsere Kinder sind unsere wertvollsten Lieben; deshalb m\u00fcssen wir sie bei der Installation st\u00e4ndig kontrollieren und sicherstellen, dass sie in einer Entfernung bleiben, aus der sie nicht besch\u00e4digt werden k\u00f6nnen. Wir m\u00fcssen erkl\u00e4ren, wie die Produkte nach der Fertigstellung der Montage verwendet werden.<\/li>\n<li>Wenn Sie Krimskrams, Accessoires usw. auf den Produkten platzieren, sollten diese so positioniert werden, dass sie nicht herunterfallen und wenn sie scharfe Kanten haben, sollten sie so platziert werden, dass sie nicht besch\u00e4digt werden.<\/li>\n<li>Die Verwendung von oberen Betten in unseren Etagenbettmodellen wird f\u00fcr Kinder ab 13 Jahren empfohlen. Es ist zu bedenken, dass die Benutzung durch kleine Kinder zu Unf\u00e4llen f\u00fchren wird.<\/li>\n<li>Bei modellierten Tisch- und Regaloptionen sollten Sie den Tisch und das Regal nicht als Leiter benutzen und nicht darauf steigen oder sich darauf setzen. Die Nichtverwendung von Produkten, die f\u00fcr den vorgesehenen Zweck bestimmt sind, kann zu Verletzungen und Sch\u00e4den am Produkt f\u00fchren.<\/li>\n<\/ol>\n<p>[\/vc_column_text][vc_column_text text_larger=&#8220;no&#8220;]<\/p>\n<h4 style=\"text-align: center;\">Zu Ihrer Sicherheit und Gesundheit , Wir bitten Sie, die oben genannten Punkte zu beachten.<\/h4>\n<h4 style=\"text-align: center;\">Wir hoffen, dass Sie unsere Produkte an Ihren gl\u00fccklichen Tagen sicher, unbeschwert und mit Freude verwenden werden. Sie sind uns wichtig.<\/h4>\n<p>[\/vc_column_text][vc_row_inner][vc_column_inner width=&#8220;1\/6&#8243;][\/vc_column_inner][vc_column_inner width=&#8220;2\/3&#8243;][vc_single_image image=&#8220;17501&#8243; img_size=&#8220;full&#8220; parallax_scroll=&#8220;no&#8220; woodmart_inline=&#8220;no&#8220;][\/vc_column_inner][vc_column_inner width=&#8220;1\/6&#8243;][\/vc_column_inner][\/vc_row_inner][\/vc_column][\/vc_row][vc_row][vc_column][vc_raw_html]W2h0bWxfYmxvY2sgaWQ9Ijc5MDkiXQk=[\/vc_raw_html][\/vc_column][\/vc_row]<\/p>\n<\/div>","protected":false},"excerpt":{"rendered":"<p>[vc_row full_width=&#8220;stretch_row&#8220; css=&#8220;.vc_custom_1604673752186{margin-top: -40px !important;margin-bottom: 8vh !important;padding-top: 2vh !important;padding-bottom: 3vh !important;background-color: #173c71 !important;}&#8220; mobile_bg_img_hidden=&#8220;no&#8220; tablet_bg_img_hidden=&#8220;no&#8220; woodmart_parallax=&#8220;0&#8243; woodmart_gradient_switch=&#8220;no&#8220; row_reverse_mobile=&#8220;0&#8243; row_reverse_tablet=&#8220;0&#8243; woodmart_disable_overflow=&#8220;0&#8243;][vc_column<\/p>\n","protected":false},"author":1,"featured_media":0,"parent":0,"menu_order":0,"comment_status":"closed","ping_status":"closed","template":"","meta":{"footnotes":""},"class_list":["post-17833","page","type-page","status-publish","hentry"],"_links":{"self":[{"href":"https:\/\/luxbed.lu\/de\/wp-json\/wp\/v2\/pages\/17833","targetHints":{"allow":["GET"]}}],"collection":[{"href":"https:\/\/luxbed.lu\/de\/wp-json\/wp\/v2\/pages"}],"about":[{"href":"https:\/\/luxbed.lu\/de\/wp-json\/wp\/v2\/types\/page"}],"author":[{"embeddable":true,"href":"https:\/\/luxbed.lu\/de\/wp-json\/wp\/v2\/users\/1"}],"replies":[{"embeddable":true,"href":"https:\/\/luxbed.lu\/de\/wp-json\/wp\/v2\/comments?post=17833"}],"version-history":[{"count":9,"href":"https:\/\/luxbed.lu\/de\/wp-json\/wp\/v2\/pages\/17833\/revisions"}],"predecessor-version":[{"id":18921,"href":"https:\/\/luxbed.lu\/de\/wp-json\/wp\/v2\/pages\/17833\/revisions\/18921"}],"wp:attachment":[{"href":"https:\/\/luxbed.lu\/de\/wp-json\/wp\/v2\/media?parent=17833"}],"curies":[{"name":"wp","href":"https:\/\/api.w.org\/{rel}","templated":true}]}}