{"id":18483,"date":"2023-12-08T17:53:12","date_gmt":"2023-12-08T16:53:12","guid":{"rendered":"https:\/\/luxul.lu\/verwendung-und-pflege\/"},"modified":"2023-12-08T17:53:27","modified_gmt":"2023-12-08T16:53:27","slug":"verwendung-und-pflege","status":"publish","type":"page","link":"https:\/\/luxbed.lu\/de\/verwendung-und-pflege\/","title":{"rendered":"Verwendung und Pflege"},"content":{"rendered":"<div class=\"wpb-content-wrapper\"><p>[vc_row full_width=&#8220;stretch_row&#8220; css=&#8220;.vc_custom_1604673752186{margin-top: -40px !important;margin-bottom: 8vh !important;padding-top: 2vh !important;padding-bottom: 3vh !important;background-color: #173c71 !important;}&#8220; mobile_bg_img_hidden=&#8220;no&#8220; tablet_bg_img_hidden=&#8220;no&#8220; woodmart_parallax=&#8220;0&#8243; woodmart_gradient_switch=&#8220;no&#8220; row_reverse_mobile=&#8220;0&#8243; row_reverse_tablet=&#8220;0&#8243; woodmart_disable_overflow=&#8220;0&#8243;][vc_column woodmart_color_scheme=&#8220;light&#8220; offset=&#8220;vc_col-lg-offset-3 vc_col-lg-6 vc_col-md-offset-3 vc_col-md-6&#8243; mobile_bg_img_hidden=&#8220;no&#8220; tablet_bg_img_hidden=&#8220;no&#8220; woodmart_parallax=&#8220;0&#8243; woodmart_sticky_column=&#8220;false&#8220; parallax_scroll=&#8220;no&#8220; mobile_reset_margin=&#8220;no&#8220; tablet_reset_margin=&#8220;no&#8220;][vc_icon icon_fontawesome=&#8220;fas fa-tools&#8220; color=&#8220;custom&#8220; background_style=&#8220;rounded&#8220; background_color=&#8220;white&#8220; size=&#8220;lg&#8220; align=&#8220;center&#8220; custom_color=&#8220;#ff5e2b&#8220;][vc_custom_heading text=&#8220;Nutzung und Pflege Ihres Klappbettes&#8220; font_container=&#8220;tag:h1|font_size:36|text_align:center|color:%23ffffff&#8220; use_theme_fonts=&#8220;yes&#8220; css=&#8220;.vc_custom_1614930545558{margin-bottom: 10px !important;}&#8220;][vc_column_text el_class=&#8220;text-larger&#8220; css=&#8220;.vc_custom_1605956557487{margin-bottom: 0px !important;padding-right: 9% !important;padding-left: 9% !important;}&#8220; text_larger=&#8220;no&#8220;]<\/p>\n<p style=\"text-align: center;\">Schnelle und einfache Installation innerhalb weniger Stunden<\/p>\n<p>[\/vc_column_text][\/vc_column][\/vc_row][vc_row css=&#8220;.vc_custom_1609522344198{margin-bottom: 5vh !important;padding-top: 5vh !important;}&#8220; el_class=&#8220;z-index-h position-relative&#8220; mobile_bg_img_hidden=&#8220;no&#8220; tablet_bg_img_hidden=&#8220;no&#8220; woodmart_parallax=&#8220;0&#8243; woodmart_gradient_switch=&#8220;no&#8220; row_reverse_mobile=&#8220;0&#8243; row_reverse_tablet=&#8220;0&#8243; woodmart_disable_overflow=&#8220;0&#8243;][vc_column][vc_column_text text_larger=&#8220;no&#8220;]<\/p>\n<ol>\n<li>Vermeiden Sie es, das Produkt \u00fcber seinen eigentlichen Zweck hinaus zu verwenden.<\/li>\n<li>Transportieren Sie keine Gegenst\u00e4nde auf dem Produkt.<\/li>\n<li>Stehen Sie nicht auf, wenn Sie auf das Produkt treten.<\/li>\n<li>Verwenden Sie Ihr Produkt nicht als Hebehilfe oder Leiter.<\/li>\n<li>Bewegen Sie das Produkt auf einer glatten, ebenen Fl\u00e4che.<\/li>\n<li>Verwenden Sie das Produkt nicht, wenn der Zusammenbau nicht vollst\u00e4ndig abgeschlossen ist.<\/li>\n<li>Stellen Sie sicher, dass alle Schrauben und Teile wie in der Bedienungsanleitung beschrieben angebracht sind.<\/li>\n<li>Sch\u00fctzen Sie Produkte vor brennbaren, s\u00e4urehaltigen, kratzenden und harten Materialien. Und reinigen Sie ihn nicht mit diesen Substanzen<\/li>\n<li>Vermeiden Sie den direkten Kontakt des Produkts mit Feuer. Der Abstand zwischen dem Produkt und der Heizquelle sollte nicht weniger als 1 Meter betragen.<\/li>\n<li>Wenn Sie Ersatzteile oder technische Unterst\u00fctzung ben\u00f6tigen, wenden Sie sich zun\u00e4chst an den Ort, an dem Sie das Produkt gekauft haben.<\/li>\n<li>F\u00fchren Sie keine Arbeiten wie Brechen, Schneiden oder Bohren von anderem Material am Produkt durch.<\/li>\n<li>Neue Produkte k\u00f6nnen einen Anfangsgeruch haben. Dieser Geruch ist harmlos und wird nach kurzer Zeit verschwinden.<\/li>\n<li>Zum Reinigen von Luxul-Produkten verwenden Sie ein weiches, angefeuchtetes Tuch und ein Reinigungsmittel, das das Produkt nicht zerkratzt.<\/li>\n<li>\u00dcberpr\u00fcfen Sie die Lockerung alle drei Monate.<\/li>\n<li>Das Ignorieren dieser Warnungen kann zu schweren Verletzungen f\u00fchren.<\/li>\n<\/ol>\n<p>[\/vc_column_text][\/vc_column][\/vc_row][vc_row][vc_column][vc_raw_html]W2h0bWxfYmxvY2sgaWQ9Ijc5MDkiXQk=[\/vc_raw_html][\/vc_column][\/vc_row]<\/p>\n<\/div>","protected":false},"excerpt":{"rendered":"<p>[vc_row full_width=&#8220;stretch_row&#8220; css=&#8220;.vc_custom_1604673752186{margin-top: -40px !important;margin-bottom: 8vh !important;padding-top: 2vh !important;padding-bottom: 3vh !important;background-color: #173c71 !important;}&#8220; mobile_bg_img_hidden=&#8220;no&#8220; tablet_bg_img_hidden=&#8220;no&#8220; woodmart_parallax=&#8220;0&#8243; woodmart_gradient_switch=&#8220;no&#8220; row_reverse_mobile=&#8220;0&#8243; row_reverse_tablet=&#8220;0&#8243; woodmart_disable_overflow=&#8220;0&#8243;][vc_column<\/p>\n","protected":false},"author":1,"featured_media":0,"parent":0,"menu_order":0,"comment_status":"closed","ping_status":"closed","template":"","meta":{"footnotes":""},"class_list":["post-18483","page","type-page","status-publish","hentry"],"_links":{"self":[{"href":"https:\/\/luxbed.lu\/de\/wp-json\/wp\/v2\/pages\/18483","targetHints":{"allow":["GET"]}}],"collection":[{"href":"https:\/\/luxbed.lu\/de\/wp-json\/wp\/v2\/pages"}],"about":[{"href":"https:\/\/luxbed.lu\/de\/wp-json\/wp\/v2\/types\/page"}],"author":[{"embeddable":true,"href":"https:\/\/luxbed.lu\/de\/wp-json\/wp\/v2\/users\/1"}],"replies":[{"embeddable":true,"href":"https:\/\/luxbed.lu\/de\/wp-json\/wp\/v2\/comments?post=18483"}],"version-history":[{"count":0,"href":"https:\/\/luxbed.lu\/de\/wp-json\/wp\/v2\/pages\/18483\/revisions"}],"wp:attachment":[{"href":"https:\/\/luxbed.lu\/de\/wp-json\/wp\/v2\/media?parent=18483"}],"curies":[{"name":"wp","href":"https:\/\/api.w.org\/{rel}","templated":true}]}}