{"id":18804,"date":"2024-05-16T09:56:27","date_gmt":"2024-05-16T07:56:27","guid":{"rendered":"https:\/\/luxul.lu\/cart\/"},"modified":"2024-11-18T12:01:27","modified_gmt":"2024-11-18T11:01:27","slug":"cart","status":"publish","type":"page","link":"https:\/\/luxbed.lu\/de\/cart\/","title":{"rendered":"Cart"},"content":{"rendered":"<div class=\"wpb-content-wrapper\"><p>[vc_row full_width=&#8220;stretch_row&#8220; css=&#8220;.vc_custom_1609411701617{background-color: rgba(237,247,250,0.42) !important;*background-color: rgb(237,247,250) !important;}&#8220; mobile_bg_img_hidden=&#8220;no&#8220; tablet_bg_img_hidden=&#8220;no&#8220; woodmart_parallax=&#8220;0&#8243; woodmart_gradient_switch=&#8220;no&#8220; row_reverse_mobile=&#8220;0&#8243; row_reverse_tablet=&#8220;0&#8243; woodmart_disable_overflow=&#8220;0&#8243;][vc_column][vc_column_text]\n<p>[\/vc_column_text][\/vc_column][\/vc_row][vc_row css=&#8220;.vc_custom_1609411667000{margin-top: -50px !important;}&#8220; mobile_bg_img_hidden=&#8220;no&#8220; tablet_bg_img_hidden=&#8220;no&#8220; woodmart_parallax=&#8220;0&#8243; woodmart_gradient_switch=&#8220;no&#8220; row_reverse_mobile=&#8220;0&#8243; row_reverse_tablet=&#8220;0&#8243; woodmart_disable_overflow=&#8220;0&#8243;][vc_column][vc_column_text text_larger=&#8220;no&#8220;]<\/p>\r\n<p><strong><style data-type=\"vc_shortcodes-custom-css\">.vc_custom_1605015519851{margin-top: 2vh !important;margin-bottom: 2vh !important;padding-top: 8vh !important;padding-bottom: 8vh !important;}.vc_custom_1605015041230{padding-bottom: 8vh !important;}.vc_custom_1492082802644{padding-top: 0px !important;}.vc_custom_1716194974182{margin-bottom: 30px !important;}.vc_custom_1604696145950{margin-bottom: 30px !important;}.vc_custom_1606486148742{border-right-width: 1px !important;padding-top: 20px !important;padding-right: 10% !important;padding-bottom: 20px !important;padding-left: 10% !important;border-right-color: rgba(129,129,129,0.2) !important;border-right-style: solid !important;}.vc_custom_1606486158905{border-right-width: 1px !important;padding-top: 20px !important;padding-right: 10% !important;padding-bottom: 20px !important;padding-left: 10% !important;border-right-color: rgba(129,129,129,0.2) !important;border-right-style: solid !important;}.vc_custom_1606486073400{padding-top: 20px !important;padding-right: 10% !important;padding-bottom: 20px !important;padding-left: 10% !important;}.vc_custom_1649021452204{margin-bottom: 20px !important;}.vc_custom_1649021463967{margin-bottom: 0px !important;}.vc_custom_1649021470331{margin-bottom: 0px !important;}.vc_custom_1606485742316{margin-bottom: 0px !important;}#wd-603fac4e718b3 .title-subtitle{line-height:28px;font-size:18px;}#wd-5fa5b84842572 .woodmart-title-container{color:#173c71;}#wd-5fa5b84842572 .title-subtitle{line-height:28px;font-size:18px;}#wd-624a120560414 .woodmart-title-container{line-height:46px;font-size:36px;}#wd-624a120560414 .title-subtitle{line-height:28px;font-size:18px;color:#ff5e2b;}@media (max-width: 1199px) {#wd-624a120560414 .woodmart-title-container{line-height:40px;font-size:30px;}}@media (max-width: 767px) {#wd-624a120560414 .woodmart-title-container{line-height:36px;font-size:26px;}}<\/style><div class=\"wpb-content-wrapper\">[vc_row full_width=\"stretch_row_content\" css=\".vc_custom_1605015519851{margin-top: 2vh !important;margin-bottom: 2vh !important;padding-top: 8vh !important;padding-bottom: 8vh !important;}\" mobile_bg_img_hidden=\"no\" tablet_bg_img_hidden=\"no\" woodmart_parallax=\"0\" woodmart_gradient_switch=\"yes\" row_reverse_mobile=\"0\" row_reverse_tablet=\"0\" woodmart_disable_overflow=\"0\" woodmart_color_gradient=\"rgb(255, 253, 255)-26\/rgb(245, 247, 250)-100\/|linear-gradient(bottom , rgb(255, 253, 255) 26% , rgb(245, 247, 250) 100%)|linear|bottom\"][vc_column css=\".vc_custom_1492082802644{padding-top: 0px !important;}\"]\n\t\t<div id=\"wd-664b0e97ea15b\" class=\"title-wrapper wd-wpb wd-set-mb reset-last-child  wd-rs-664b0e97ea15b wd-title-color-primary wd-title-style-default text-center vc_custom_1716194974182 wd-underline-colored\">\n\t\t\t\t\t\t\t\n\t\t\t\t<div class=\"title-subtitle  subtitle-color-primary font-default subtitle-style-default wd-font-weight-500 wd-fontsize-xs\">LESEN SIE DIE KUNDENBEWERTUNGEN F\u00dcR LUXUL<\/div>\n\t\t\t\n\t\t\t<div class=\"liner-continer\">\n\t\t\t\t<h4 class=\"woodmart-title-container title  wd-font-weight- wd-fontsize-xxl\" >Was unsere Kunden \u00fcber unsere Produkte denken!<\/h4>\n\t\t\t\t\t\t\t<\/div>\n\t\t\t\n\t\t\t\n\t\t\t\n\t\t<\/div>\n\t\t\n\t\t\t\t\t<div id=\"wd-69f2448d13abb\" class=\"testimonials testimon-style-boxed color-scheme- wd-fontsize-s testimon-align-center testimon-with-rating  wd-carousel-container wd-carousel-dis-mb wd-off-md wd-off-sm\">\n\t\t\t\t\n\t\t\t\t\t\t\t\t\t<div class=\"wd-carousel-inner\">\n\t\t\t\t\t\t\t\t<div class=\" wd-carousel wd-grid\" data-speed=\"5000\" data-wrap=\"yes\" data-autoplay=\"yes\" data-scroll_per_page=\"yes\" style=\"--wd-col-lg:4;--wd-col-md:4;--wd-col-sm:1;--wd-gap-lg:30px;--wd-gap-sm:10px;\">\n\t\t\t\t\t\t\t\t\t\t\t<div class=\"wd-carousel-wrap\">\n\t\t\t\t\t\n\t\t\t\t\t\n<div class=\"testimonial  wd-carousel-item\">\n\t<div class=\"testimonial-inner\">\n\t\t\n\t\t<div class=\"testimonial-content\">\n\t\t\t<div class=\"testimonial-rating\">\n\t\t\t\t<span class=\"star-rating\">\n\t\t\t\t\t<span style=\"width:100%\"><\/span>\n\t\t\t\t<\/span>\n\t\t\t<\/div>\n\n\t\t\tAusgezeichnetes Produkt von hoher Qualit\u00e4t. Lieferung zum vereinbarten Termin, die Installation wurde von einem echten Profi durchgef\u00fchrt, seri\u00f6s und mit vorbildlicher Freundlichkeit. Ich empfehle es und habe es bereits getan.\n\t\t\t<footer>\n\t\t\t\tThierry Amiech\n\t\t\t\t\t\t\t<\/footer>\n\t\t<\/div>\n\t<\/div>\n<\/div>\n<div class=\"testimonial  wd-carousel-item\">\n\t<div class=\"testimonial-inner\">\n\t\t\n\t\t<div class=\"testimonial-content\">\n\t\t\t<div class=\"testimonial-rating\">\n\t\t\t\t<span class=\"star-rating\">\n\t\t\t\t\t<span style=\"width:100%\"><\/span>\n\t\t\t\t<\/span>\n\t\t\t<\/div>\n\n\t\t\tWir sind auf hohem Niveau! Sorgf\u00e4ltige Verarbeitung, recht einfacher Aufbau: 2 Personen erforderlich. Man fragt sich, warum andere Verk\u00e4ufer 2,5 Mal so viel anbieten, bei geringerer Qualit\u00e4t...zumal man mit <strong>luxul<\/strong> die Farben anpassen kann! Der Verk\u00e4ufer\/Installateur ist vertrauensw\u00fcrdig, professionell und sehr nett!!! ICH EMPFEHLE es!!! erz\u00e4hlen Sie es weiter!\n\t\t\t<footer>\n\t\t\t\tVincent Molto\n\t\t\t\t\t\t\t<\/footer>\n\t\t<\/div>\n\t<\/div>\n<\/div>\n<div class=\"testimonial  wd-carousel-item\">\n\t<div class=\"testimonial-inner\">\n\t\t\n\t\t<div class=\"testimonial-content\">\n\t\t\t<div class=\"testimonial-rating\">\n\t\t\t\t<span class=\"star-rating\">\n\t\t\t\t\t<span style=\"width:100%\"><\/span>\n\t\t\t\t<\/span>\n\t\t\t<\/div>\n\n\t\t\tDa es sich um ein qualitativ hochwertiges Bett handelt, haben wir den Montagedienst in Anspruch genommen. Sie ist sehr professionell. ich empfehle es sehr.\n\t\t\t<footer>\n\t\t\t\tOlivier Madina\n\t\t\t\t\t\t\t<\/footer>\n\t\t<\/div>\n\t<\/div>\n<\/div>\n<div class=\"testimonial  wd-carousel-item\">\n\t<div class=\"testimonial-inner\">\n\t\t\n\t\t<div class=\"testimonial-content\">\n\t\t\t<div class=\"testimonial-rating\">\n\t\t\t\t<span class=\"star-rating\">\n\t\t\t\t\t<span style=\"width:100%\"><\/span>\n\t\t\t\t<\/span>\n\t\t\t<\/div>\n\n\t\t\tWir haben jetzt seit einer Woche unser vertikales Schrankbett und alles ist perfekt. Ich bin kein \"Fake\"!!! Ich habe einen Termin vereinbart, um das Bett abzuholen, und die Person war p\u00fcnktlich. Er half mir beim Laden und beim Aufbau (sehr einfach). Ich rief ihn an, als ich Zweifel hatte, und die Antwort kam sofort.\nKurz gesagt, z\u00f6gern Sie nicht, ich empfehle es weiter. Das Bett sieht sehr hochwertig aus.\n\t\t\t<footer>\n\t\t\t\tFlorian Voute\n\t\t\t\t\t\t\t<\/footer>\n\t\t<\/div>\n\t<\/div>\n<\/div>\n<div class=\"testimonial  wd-carousel-item\">\n\t<div class=\"testimonial-inner\">\n\t\t\n\t\t<div class=\"testimonial-content\">\n\t\t\t<div class=\"testimonial-rating\">\n\t\t\t\t<span class=\"star-rating\">\n\t\t\t\t\t<span style=\"width:100%\"><\/span>\n\t\t\t\t<\/span>\n\t\t\t<\/div>\n\n\t\t\tQualit\u00e4t des Produkts : Sehr gut\nPreis: unschlagbar\nLieferung und Montage vor Ort: makellos bis zur Perfektion\nDer Chef: Super!\nIch empfehle es sehr\n\t\t\t<footer>\n\t\t\t\tVirginie Payen\n\t\t\t\t\t\t\t<\/footer>\n\t\t<\/div>\n\t<\/div>\n<\/div>\n<div class=\"testimonial  wd-carousel-item\">\n\t<div class=\"testimonial-inner\">\n\t\t\n\t\t<div class=\"testimonial-content\">\n\t\t\t<div class=\"testimonial-rating\">\n\t\t\t\t<span class=\"star-rating\">\n\t\t\t\t\t<span style=\"width:100%\"><\/span>\n\t\t\t\t<\/span>\n\t\t\t<\/div>\n\n\t\t\tIch bin sehr zufrieden mit den Produkten von <strong>luxul<\/strong>, ich war sehr \u00fcberrascht von der Qualit\u00e4t des Preises. Ich empfehle diesen 100%ig zuverl\u00e4ssigen Verk\u00e4ufer, soweit es mich betrifft. Kauf von verschiedenen Elementen, St\u00fchlen, Tischen, Schrankbett, B\u00fcrost\u00fchlen, Ausziehtisch, Schrank... Keine b\u00f6sen \u00dcberraschungen, allerdings ist es sehr schwer, was die Materialien angeht, ist es wirklich ein hochwertiges Material.\n\t\t\t<footer>\n\t\t\t\tFabiola EMMANUEL\n\t\t\t\t\t\t\t<\/footer>\n\t\t<\/div>\n\t<\/div>\n<\/div>\n<div class=\"testimonial  wd-carousel-item\">\n\t<div class=\"testimonial-inner\">\n\t\t\n\t\t<div class=\"testimonial-content\">\n\t\t\t<div class=\"testimonial-rating\">\n\t\t\t\t<span class=\"star-rating\">\n\t\t\t\t\t<span style=\"width:100%\"><\/span>\n\t\t\t\t<\/span>\n\t\t\t<\/div>\n\n\t\t\tWir sind sehr, sehr zufrieden mit der Seriosit\u00e4t dieses Unternehmens, der ausgezeichneten Qualit\u00e4t des Produkts (besonders gut durchdachtes Design, Robustheit, einfache Bedienung, sehr bequeme Matratze, was bei dieser Art von Ausr\u00fcstung eher selten ist), der Sorgfalt sowohl bei der Verpackung als auch bei der Montage. Das Preis-Leistungs-Verh\u00e4ltnis ist bemerkenswert: Es gibt kaum etwas Besseres. Wir sind nach \u00fcber einem Monat Nutzung immer noch sehr begeistert von unserem Kauf. Wir w\u00fcrden dieses Schrankbett ohne zu z\u00f6gern weiterempfehlen. Dank an <strong>luxul<\/strong>.\n\t\t\t<footer>\n\t\t\t\tCathy Garro\n\t\t\t\t\t\t\t<\/footer>\n\t\t<\/div>\n\t<\/div>\n<\/div>\n<div class=\"testimonial  wd-carousel-item\">\n\t<div class=\"testimonial-inner\">\n\t\t\n\t\t<div class=\"testimonial-content\">\n\t\t\t<div class=\"testimonial-rating\">\n\t\t\t\t<span class=\"star-rating\">\n\t\t\t\t\t<span style=\"width:100%\"><\/span>\n\t\t\t\t<\/span>\n\t\t\t<\/div>\n\n\t\t\tHeute habe ich ein horizontales Schrankbett aufgestellt. Ein gutes Qualit\u00e4tsprodukt, das im Vergleich zur Konkurrenz nicht teuer ist, und ein <strong>toller<\/strong> Aufbauservice.\nVielen Dank an Sie <strong>luxul<\/strong>.\n\t\t\t<footer>\n\t\t\t\tAhmed Guillot\n\t\t\t\t\t\t\t<\/footer>\n\t\t<\/div>\n\t<\/div>\n<\/div>\n<div class=\"testimonial  wd-carousel-item\">\n\t<div class=\"testimonial-inner\">\n\t\t\n\t\t<div class=\"testimonial-content\">\n\t\t\t<div class=\"testimonial-rating\">\n\t\t\t\t<span class=\"star-rating\">\n\t\t\t\t\t<span style=\"width:100%\"><\/span>\n\t\t\t\t<\/span>\n\t\t\t<\/div>\n\n\t\t\tSehr guter Kundenservice, sehr hochwertige M\u00f6bel, sehr empfehlenswert.\n\t\t\t<footer>\n\t\t\t\tAbdulkadir Guillot\n\t\t\t\t\t\t\t<\/footer>\n\t\t<\/div>\n\t<\/div>\n<\/div>\n<div class=\"testimonial  wd-carousel-item\">\n\t<div class=\"testimonial-inner\">\n\t\t\n\t\t<div class=\"testimonial-content\">\n\t\t\t<div class=\"testimonial-rating\">\n\t\t\t\t<span class=\"star-rating\">\n\t\t\t\t\t<span style=\"width:100%\"><\/span>\n\t\t\t\t<\/span>\n\t\t\t<\/div>\n\n\t\t\tIhre Preise sind g\u00fcnstig und Ihre Klappm\u00f6bel sind robust und \u00e4sthetisch ansprechend.\n\t\t\t<footer>\n\t\t\t\tMarin PADURET\n\t\t\t\t\t\t\t<\/footer>\n\t\t<\/div>\n\t<\/div>\n<\/div>\n\t\t\t\t\t\t\t\t\t\t\t<\/div>\n\t\t\t\t\t\t\t\t\t<\/div>\n\n\t\t\t\t\t\t\t\t\t\t\t\t\t\t\t\t\t<div class=\"wd-nav-arrows wd-pos-sep wd-hover-1 wd-icon-1\">\n\t\t\t<div class=\"wd-btn-arrow wd-prev wd-disabled\">\n\t\t\t\t<div class=\"wd-arrow-inner\"><\/div>\n\t\t\t<\/div>\n\t\t\t<div class=\"wd-btn-arrow wd-next\">\n\t\t\t\t<div class=\"wd-arrow-inner\"><\/div>\n\t\t\t<\/div>\n\t\t<\/div>\n\t\t\t\t\t\t\t\n\t\t\t\t\t<\/div>\n\n\t\t\t\t\t\t\t<div class=\"wd-nav-pagin-wrap text-center wd-style-shape wd-hide-md-sm wd-hide-sm\">\n\t\t\t<ul class=\"wd-nav-pagin\"><\/ul>\n\t\t<\/div>\n\t\t\t\t\t\t\t\t\t\t\t\t\t\t<\/div>\n\t\t\n\t\t<div id=\"wd-5fa5b84842572\" class=\"title-wrapper wd-wpb wd-set-mb reset-last-child  wd-rs-5fa5b84842572 wd-title-color-alt wd-title-style-default text-center vc_custom_1604696145950 wd-underline-colored\">\n\t\t\t\n\t\t\t<div class=\"liner-continer\">\n\t\t\t\t<h4 class=\"woodmart-title-container title  wd-font-weight- wd-fontsize-xxxl\" >Mehr Meinungen?<\/h4>\n\t\t\t\t\t\t\t<\/div>\n\t\t\t\n\t\t\t\n\t\t\t\n\t\t<\/div>\n\t\t\n\t\t[vc_column_text css=\"\" text_larger=\"no\" woodmart_inline=\"no\"]\r\n<p style=\"text-align: center; font-size: 16px;\">Hier geht es lang <a href=\"https:\/\/luxul.lu\/de\/kundenmeinungen\/\" target=\"_blank\" rel=\"noopener\">\n  <strong>hier!<\/strong>\n<\/a> Lesen Sie weiter die Meinungen unserer Kunden...<\/p>\r\n[\/vc_column_text][\/vc_column][\/vc_row][vc_row full_width=\"stretch_row\" css=\".vc_custom_1605015041230{padding-bottom: 8vh !important;}\" mobile_bg_img_hidden=\"no\" tablet_bg_img_hidden=\"no\" woodmart_parallax=\"0\" woodmart_gradient_switch=\"no\" row_reverse_mobile=\"0\" row_reverse_tablet=\"0\" woodmart_disable_overflow=\"0\"][vc_column mobile_bg_img_hidden=\"no\" tablet_bg_img_hidden=\"no\" woodmart_parallax=\"0\" woodmart_sticky_column=\"false\" parallax_scroll=\"no\" mobile_reset_margin=\"no\" tablet_reset_margin=\"no\"]\n\t\t<div id=\"wd-624a120560414\" class=\"title-wrapper wd-wpb wd-set-mb reset-last-child  wd-rs-624a120560414 wd-title-color-default wd-title-style-default text-center vc_custom_1649021452204 wd-width-enabled wd-underline-colored\" style=\"--wd-max-width: 60%;\">\n\t\t\t\t\t\t\t\n\t\t\t\t<div class=\"title-subtitle  subtitle-color-default font-alt subtitle-style-default wd-font-weight-400 wd-fontsize-xs\">VERTRAUEN SIE UNS<\/div>\n\t\t\t\n\t\t\t<div class=\"liner-continer\">\n\t\t\t\t<h2 class=\"woodmart-title-container title  wd-font-weight-700 wd-fontsize-l\" >Warum sollten Sie sich f\u00fcr luxul entscheiden?<\/h2>\n\t\t\t\t\t\t\t<\/div>\n\t\t\t\n\t\t\t\n\t\t\t\n\t\t<\/div>\n\t\t\n\t\t[\/vc_column][vc_column css=\".vc_custom_1606486148742{border-right-width: 1px !important;padding-top: 20px !important;padding-right: 10% !important;padding-bottom: 20px !important;padding-left: 10% !important;border-right-color: rgba(129,129,129,0.2) !important;border-right-style: solid !important;}\" offset=\"vc_col-lg-4 vc_col-md-4\" mobile_bg_img_hidden=\"no\" tablet_bg_img_hidden=\"no\" woodmart_parallax=\"0\" woodmart_sticky_column=\"false\" parallax_scroll=\"no\" mobile_reset_margin=\"no\" tablet_reset_margin=\"no\"]\t\t\t<div class=\"info-box-wrapper\">\n\t\t\t\t<div id=\"wd-624a120fed79a\" class=\" wd-rs-624a120fed79a wd-info-box wd-wpb text-left box-icon-align-left box-style- color-scheme- wd-bg-none wd-items-top vc_custom_1649021463967\">\n\t\t\t\t\t\t\t\t\t\t\t<div class=\"box-icon-wrapper  box-with-text text-size-large box-icon-simple\">\n\t\t\t\t\t\t\t<div class=\"info-box-icon\">\n\n\t\t\t\t\t\t\t\t\t\t\t\t\t\t\t01.\t\t\t\t\t\t\t\n\t\t\t\t\t\t\t<\/div>\n\t\t\t\t\t\t<\/div>\n\t\t\t\t\t\t\t\t\t\t<div class=\"info-box-content\">\n\t\t\t\t\t\t<h4 class=\"info-box-title title box-title-style-default wd-fontsize-m\"><strong>QUALIT\u00c4T<\/strong><\/h4>\t\t\t\t\t\t<div class=\"info-box-inner reset-last-child\"><p><strong>luxul<\/strong> verwendet Materialien und Mechanismen von<strong>h\u00f6chster Qualit\u00e4t<\/strong>, um unseren Kunden das <strong>beste Erlebnis<\/strong> zu garantieren.<\/p>\n<\/div>\n\n\t\t\t\t\t\t\t\t\t\t\t<\/div>\n\n\t\t\t\t\t\n\t\t\t\t\t\t\t\t\t<\/div>\n\t\t\t<\/div>\n\t\t[\/vc_column][vc_column css=\".vc_custom_1606486158905{border-right-width: 1px !important;padding-top: 20px !important;padding-right: 10% !important;padding-bottom: 20px !important;padding-left: 10% !important;border-right-color: rgba(129,129,129,0.2) !important;border-right-style: solid !important;}\" offset=\"vc_col-lg-4 vc_col-md-4\" mobile_bg_img_hidden=\"no\" tablet_bg_img_hidden=\"no\" woodmart_parallax=\"0\" woodmart_sticky_column=\"false\" parallax_scroll=\"no\" mobile_reset_margin=\"no\" tablet_reset_margin=\"no\"]\t\t\t<div class=\"info-box-wrapper\">\n\t\t\t\t<div id=\"wd-624a121a491cb\" class=\" wd-rs-624a121a491cb wd-info-box wd-wpb text-left box-icon-align-left box-style- color-scheme- wd-bg-none wd-items-top vc_custom_1649021470331\">\n\t\t\t\t\t\t\t\t\t\t\t<div class=\"box-icon-wrapper  box-with-text text-size-large box-icon-simple\">\n\t\t\t\t\t\t\t<div class=\"info-box-icon\">\n\n\t\t\t\t\t\t\t\t\t\t\t\t\t\t\t02.\t\t\t\t\t\t\t\n\t\t\t\t\t\t\t<\/div>\n\t\t\t\t\t\t<\/div>\n\t\t\t\t\t\t\t\t\t\t<div class=\"info-box-content\">\n\t\t\t\t\t\t<h4 class=\"info-box-title title box-title-style-default wd-fontsize-m\"><strong>PREIS<\/strong><\/h4>\t\t\t\t\t\t<div class=\"info-box-inner reset-last-child\"><p><strong>luxul<\/strong> stellt Ihnen erstklassige Modelle zu <strong>sehr g\u00fcnstigen <\/strong>und <strong>vorteilhaften<\/strong> <strong>Preisen <\/strong>zur Verf\u00fcgung.<\/p>\n<\/div>\n\n\t\t\t\t\t\t\t\t\t\t\t<\/div>\n\n\t\t\t\t\t\n\t\t\t\t\t\t\t\t\t<\/div>\n\t\t\t<\/div>\n\t\t[\/vc_column][vc_column offset=\"vc_col-lg-4 vc_col-md-4\" mobile_bg_img_hidden=\"no\" tablet_bg_img_hidden=\"no\" woodmart_parallax=\"0\" woodmart_sticky_column=\"false\" parallax_scroll=\"no\" mobile_reset_margin=\"no\" tablet_reset_margin=\"no\" css=\".vc_custom_1606486073400{padding-top: 20px !important;padding-right: 10% !important;padding-bottom: 20px !important;padding-left: 10% !important;}\"]\t\t\t<div class=\"info-box-wrapper\">\n\t\t\t\t<div id=\"wd-5fc106e6c0af0\" class=\" wd-rs-5fc106e6c0af0 wd-info-box wd-wpb text-left box-icon-align-left box-style- color-scheme- wd-bg-none wd-items-top vc_custom_1606485742316\">\n\t\t\t\t\t\t\t\t\t\t\t<div class=\"box-icon-wrapper  box-with-text text-size-large box-icon-simple\">\n\t\t\t\t\t\t\t<div class=\"info-box-icon\">\n\n\t\t\t\t\t\t\t\t\t\t\t\t\t\t\t03.\t\t\t\t\t\t\t\n\t\t\t\t\t\t\t<\/div>\n\t\t\t\t\t\t<\/div>\n\t\t\t\t\t\t\t\t\t\t<div class=\"info-box-content\">\n\t\t\t\t\t\t<h4 class=\"info-box-title title box-title-style-default wd-fontsize-m\"><strong>SERVICE<\/strong><\/h4>\t\t\t\t\t\t<div class=\"info-box-inner reset-last-child\"><p>Unser Kundenserviceteam steht Ihnen <strong>jederzeit<\/strong> zur Verf\u00fcgung.<\/p>\n<\/div>\n\n\t\t\t\t\t\t\t\t\t\t\t<\/div>\n\n\t\t\t\t\t\n\t\t\t\t\t\t\t\t\t<\/div>\n\t\t\t<\/div>\n\t\t[\/vc_column][\/vc_row]<\/div><\/strong><\/p>\r\n<p>[\/vc_column_text][\/vc_column][\/vc_row]<\/p><\/div>","protected":false},"excerpt":{"rendered":"<p>[vc_row full_width=&#8220;stretch_row&#8220; css=&#8220;.vc_custom_1609411701617{background-color: rgba(237,247,250,0.42) !important;*background-color: rgb(237,247,250) !important;}&#8220; mobile_bg_img_hidden=&#8220;no&#8220; tablet_bg_img_hidden=&#8220;no&#8220; woodmart_parallax=&#8220;0&#8243; woodmart_gradient_switch=&#8220;no&#8220; row_reverse_mobile=&#8220;0&#8243; row_reverse_tablet=&#8220;0&#8243; woodmart_disable_overflow=&#8220;0&#8243;][vc_column][vc_column_text][\/vc_column_text][\/vc_column][\/vc_row][vc_row css=&#8220;.vc_custom_1609411667000{margin-top: -50px !important;}&#8220; mobile_bg_img_hidden=&#8220;no&#8220; tablet_bg_img_hidden=&#8220;no&#8220; woodmart_parallax=&#8220;0&#8243;<\/p>\n","protected":false},"author":1,"featured_media":0,"parent":0,"menu_order":0,"comment_status":"closed","ping_status":"closed","template":"","meta":{"footnotes":""},"class_list":["post-18804","page","type-page","status-publish","hentry"],"_links":{"self":[{"href":"https:\/\/luxbed.lu\/de\/wp-json\/wp\/v2\/pages\/18804","targetHints":{"allow":["GET"]}}],"collection":[{"href":"https:\/\/luxbed.lu\/de\/wp-json\/wp\/v2\/pages"}],"about":[{"href":"https:\/\/luxbed.lu\/de\/wp-json\/wp\/v2\/types\/page"}],"author":[{"embeddable":true,"href":"https:\/\/luxbed.lu\/de\/wp-json\/wp\/v2\/users\/1"}],"replies":[{"embeddable":true,"href":"https:\/\/luxbed.lu\/de\/wp-json\/wp\/v2\/comments?post=18804"}],"version-history":[{"count":1,"href":"https:\/\/luxbed.lu\/de\/wp-json\/wp\/v2\/pages\/18804\/revisions"}],"predecessor-version":[{"id":19408,"href":"https:\/\/luxbed.lu\/de\/wp-json\/wp\/v2\/pages\/18804\/revisions\/19408"}],"wp:attachment":[{"href":"https:\/\/luxbed.lu\/de\/wp-json\/wp\/v2\/media?parent=18804"}],"curies":[{"name":"wp","href":"https:\/\/api.w.org\/{rel}","templated":true}]}}