{"id":18511,"date":"2020-10-26T16:08:01","date_gmt":"2023-12-11T14:36:47","guid":{"rendered":"https:\/\/luxul.lu\/vertikaler-saeulenschrank-mit-schubladen\/"},"modified":"2024-08-15T18:00:47","modified_gmt":"2024-08-15T16:00:47","slug":"vertikaler-saeulenschrank-mit-schubladen","status":"publish","type":"product","link":"https:\/\/luxbed.lu\/de\/vertikaler-saeulenschrank-mit-schubladen\/","title":{"rendered":"Vertikaler S\u00e4ulenschrank mit Schubladen"},"content":{"rendered":"<ul>\n<li>Die T\u00fcren der vertikalen Schr\u00e4nke sind mit der linken und rechten Seite kompatibel und k\u00f6nnen leicht ausgetauscht werden.<\/li>\n<li>Mit den zus\u00e4tzlichen Set-Modulen k\u00f6nnen Sie die Kombinationen f\u00fcr Ihren Raum zusammenstellen.<\/li>\n<li>Unsere M\u00f6bel sind so konzipiert, dass sie sich sehr leicht aufstellen lassen.<\/li>\n<li>Die Farben der T\u00fcr und der Schubladen k\u00f6nnen individuell angepasst werden.<\/li>\n<\/ul>\n<h5>Abmessungen :<\/h5>\n<p><strong>Breite:<\/strong> 50 cm  <strong>Tiefe:<\/strong> 51 cm  <strong>H\u00f6he:<\/strong> 199 cm<\/p>\n","protected":false},"excerpt":{"rendered":"<p>Im Inneren des vertikalen S\u00e4ulenschranks befinden sich 2 Einlegeb\u00f6den und ein Kleiderschrank mit einer Fl\u00fcgelt\u00fcr und im unteren Teil 2 Schubladen.<\/p>\n","protected":false},"featured_media":17011,"comment_status":"open","ping_status":"closed","template":"","meta":[],"product_brand":[],"product_cat":[399,395],"product_tag":[],"class_list":{"0":"post-18511","1":"product","2":"type-product","3":"status-publish","4":"has-post-thumbnail","6":"product_cat-aufbewahrungsmobel","7":"product_cat-zubehor","9":"first","10":"instock","11":"taxable","12":"shipping-taxable","13":"purchasable","14":"product-type-simple"},"_links":{"self":[{"href":"https:\/\/luxbed.lu\/de\/wp-json\/wp\/v2\/product\/18511","targetHints":{"allow":["GET"]}}],"collection":[{"href":"https:\/\/luxbed.lu\/de\/wp-json\/wp\/v2\/product"}],"about":[{"href":"https:\/\/luxbed.lu\/de\/wp-json\/wp\/v2\/types\/product"}],"replies":[{"embeddable":true,"href":"https:\/\/luxbed.lu\/de\/wp-json\/wp\/v2\/comments?post=18511"}],"wp:featuredmedia":[{"embeddable":true,"href":"https:\/\/luxbed.lu\/de\/wp-json\/wp\/v2\/media\/17011"}],"wp:attachment":[{"href":"https:\/\/luxbed.lu\/de\/wp-json\/wp\/v2\/media?parent=18511"}],"wp:term":[{"taxonomy":"product_brand","embeddable":true,"href":"https:\/\/luxbed.lu\/de\/wp-json\/wp\/v2\/product_brand?post=18511"},{"taxonomy":"product_cat","embeddable":true,"href":"https:\/\/luxbed.lu\/de\/wp-json\/wp\/v2\/product_cat?post=18511"},{"taxonomy":"product_tag","embeddable":true,"href":"https:\/\/luxbed.lu\/de\/wp-json\/wp\/v2\/product_tag?post=18511"}],"curies":[{"name":"wp","href":"https:\/\/api.w.org\/{rel}","templated":true}]}}