{"id":18514,"date":"2020-10-26T15:10:33","date_gmt":"2023-12-11T14:36:47","guid":{"rendered":"https:\/\/luxul.lu\/vertikaler-saeulenschrank-2-fluegeltueren\/"},"modified":"2025-01-21T09:47:33","modified_gmt":"2025-01-21T08:47:33","slug":"vertikaler-saeulenschrank-2-fluegeltueren","status":"publish","type":"product","link":"https:\/\/luxbed.lu\/de\/vertikaler-saeulenschrank-2-fluegeltueren\/","title":{"rendered":"Vertikaler S\u00e4ulenschrank 2 Fl\u00fcgelt\u00fcren"},"content":{"rendered":"<p>Die T\u00fcren der vertikalen Schr\u00e4nke sind mit der linken und rechten Seite kompatibel und k\u00f6nnen leicht ausgetauscht werden.<br \/>\nMit den zus\u00e4tzlichen Set-Modulen k\u00f6nnen Sie Kombinationen f\u00fcr Ihren Raum schaffen.<br \/>\nUnsere M\u00f6bel sind f\u00fcr eine sehr einfache Montage konzipiert.<br \/>\nDie Farben der T\u00fcren und Schubladen k\u00f6nnen individuell angepasst werden.<\/p>\n<h5>Abmessungen<\/h5>\n<p><strong>Breite<\/strong>: 50 cm<br \/>\n<strong>Tiefe:<\/strong> 51 cm<br \/>\n<strong>H\u00f6he:<\/strong> 199 cm<\/p>\n","protected":false},"excerpt":{"rendered":"<p>Im Inneren des vertikalen S\u00e4ulenschranks mit 2 Fl\u00fcgelt\u00fcren befinden sich oben 3 Regalb\u00f6den und unten eine Garderobe.<\/p>\n","protected":false},"featured_media":17008,"comment_status":"open","ping_status":"closed","template":"","meta":[],"product_brand":[],"product_cat":[399,395],"product_tag":[],"class_list":{"0":"post-18514","1":"product","2":"type-product","3":"status-publish","4":"has-post-thumbnail","6":"product_cat-aufbewahrungsmobel","7":"product_cat-zubehor","9":"first","10":"instock","11":"taxable","12":"shipping-taxable","13":"purchasable","14":"product-type-simple"},"_links":{"self":[{"href":"https:\/\/luxbed.lu\/de\/wp-json\/wp\/v2\/product\/18514","targetHints":{"allow":["GET"]}}],"collection":[{"href":"https:\/\/luxbed.lu\/de\/wp-json\/wp\/v2\/product"}],"about":[{"href":"https:\/\/luxbed.lu\/de\/wp-json\/wp\/v2\/types\/product"}],"replies":[{"embeddable":true,"href":"https:\/\/luxbed.lu\/de\/wp-json\/wp\/v2\/comments?post=18514"}],"wp:featuredmedia":[{"embeddable":true,"href":"https:\/\/luxbed.lu\/de\/wp-json\/wp\/v2\/media\/17008"}],"wp:attachment":[{"href":"https:\/\/luxbed.lu\/de\/wp-json\/wp\/v2\/media?parent=18514"}],"wp:term":[{"taxonomy":"product_brand","embeddable":true,"href":"https:\/\/luxbed.lu\/de\/wp-json\/wp\/v2\/product_brand?post=18514"},{"taxonomy":"product_cat","embeddable":true,"href":"https:\/\/luxbed.lu\/de\/wp-json\/wp\/v2\/product_cat?post=18514"},{"taxonomy":"product_tag","embeddable":true,"href":"https:\/\/luxbed.lu\/de\/wp-json\/wp\/v2\/product_tag?post=18514"}],"curies":[{"name":"wp","href":"https:\/\/api.w.org\/{rel}","templated":true}]}}