{"id":18518,"date":"2020-10-27T15:02:35","date_gmt":"2023-12-11T14:36:47","guid":{"rendered":"https:\/\/luxul.lu\/skandinavisches-2-sitzer-sofa-mit-abnehmbaren-armlehnen\/"},"modified":"2023-12-11T15:36:47","modified_gmt":"2023-12-11T14:36:47","slug":"skandinavisches-2-sitzer-sofa-mit-abnehmbaren-armlehnen","status":"publish","type":"product","link":"https:\/\/luxbed.lu\/de\/skandinavisches-2-sitzer-sofa-mit-abnehmbaren-armlehnen\/","title":{"rendered":"Skandinavisches 2-Sitzer-Sofa mit abnehmbaren Armlehnen"},"content":{"rendered":"","protected":false},"excerpt":{"rendered":"<p>Verleihen Sie Ihrem Zuhause einen modernen und ruhigen Touch mit unserem skandinavischen 2-Sitzer-Sofa. Ein hochwertiges M\u00f6belst\u00fcck, das Ihre Bed\u00fcrfnisse erf\u00fcllen wird.<\/p>\n","protected":false},"featured_media":17095,"comment_status":"open","ping_status":"closed","template":"","meta":[],"product_brand":[],"product_cat":[405,395],"product_tag":[],"class_list":{"0":"post-18518","1":"product","2":"type-product","3":"status-publish","4":"has-post-thumbnail","6":"product_cat-sofas","7":"product_cat-zubehor","9":"first","10":"instock","11":"taxable","12":"shipping-taxable","13":"purchasable","14":"product-type-simple"},"_links":{"self":[{"href":"https:\/\/luxbed.lu\/de\/wp-json\/wp\/v2\/product\/18518","targetHints":{"allow":["GET"]}}],"collection":[{"href":"https:\/\/luxbed.lu\/de\/wp-json\/wp\/v2\/product"}],"about":[{"href":"https:\/\/luxbed.lu\/de\/wp-json\/wp\/v2\/types\/product"}],"replies":[{"embeddable":true,"href":"https:\/\/luxbed.lu\/de\/wp-json\/wp\/v2\/comments?post=18518"}],"wp:featuredmedia":[{"embeddable":true,"href":"https:\/\/luxbed.lu\/de\/wp-json\/wp\/v2\/media\/17095"}],"wp:attachment":[{"href":"https:\/\/luxbed.lu\/de\/wp-json\/wp\/v2\/media?parent=18518"}],"wp:term":[{"taxonomy":"product_brand","embeddable":true,"href":"https:\/\/luxbed.lu\/de\/wp-json\/wp\/v2\/product_brand?post=18518"},{"taxonomy":"product_cat","embeddable":true,"href":"https:\/\/luxbed.lu\/de\/wp-json\/wp\/v2\/product_cat?post=18518"},{"taxonomy":"product_tag","embeddable":true,"href":"https:\/\/luxbed.lu\/de\/wp-json\/wp\/v2\/product_tag?post=18518"}],"curies":[{"name":"wp","href":"https:\/\/api.w.org\/{rel}","templated":true}]}}