{"id":18534,"date":"2020-10-28T10:45:04","date_gmt":"2023-12-11T14:36:58","guid":{"rendered":"https:\/\/luxul.lu\/3-tueriger-schrank-mit-kleiderschrank-und-2-schubladen-unten\/"},"modified":"2024-08-15T18:02:17","modified_gmt":"2024-08-15T16:02:17","slug":"3-tueriger-schrank-mit-kleiderschrank-und-2-schubladen-unten","status":"publish","type":"product","link":"https:\/\/luxbed.lu\/de\/3-tueriger-schrank-mit-kleiderschrank-und-2-schubladen-unten\/","title":{"rendered":"3-t\u00fcriger Schrank mit Kleiderschrank und 2 Schubladen unten"},"content":{"rendered":"","protected":false},"excerpt":{"rendered":"<p>Der dreit\u00fcrige Kleiderschrank ist das ideale M\u00f6belst\u00fcck, um seinen Stauraum zu vergr\u00f6\u00dfern und gleichzeitig ein Design zu erhalten.<\/p>\n","protected":false},"featured_media":17111,"comment_status":"open","ping_status":"closed","template":"","meta":[],"product_brand":[],"product_cat":[399,395],"product_tag":[],"class_list":{"0":"post-18534","1":"product","2":"type-product","3":"status-publish","4":"has-post-thumbnail","6":"product_cat-aufbewahrungsmobel","7":"product_cat-zubehor","9":"first","10":"instock","11":"taxable","12":"shipping-taxable","13":"purchasable","14":"product-type-simple"},"_links":{"self":[{"href":"https:\/\/luxbed.lu\/de\/wp-json\/wp\/v2\/product\/18534","targetHints":{"allow":["GET"]}}],"collection":[{"href":"https:\/\/luxbed.lu\/de\/wp-json\/wp\/v2\/product"}],"about":[{"href":"https:\/\/luxbed.lu\/de\/wp-json\/wp\/v2\/types\/product"}],"replies":[{"embeddable":true,"href":"https:\/\/luxbed.lu\/de\/wp-json\/wp\/v2\/comments?post=18534"}],"wp:featuredmedia":[{"embeddable":true,"href":"https:\/\/luxbed.lu\/de\/wp-json\/wp\/v2\/media\/17111"}],"wp:attachment":[{"href":"https:\/\/luxbed.lu\/de\/wp-json\/wp\/v2\/media?parent=18534"}],"wp:term":[{"taxonomy":"product_brand","embeddable":true,"href":"https:\/\/luxbed.lu\/de\/wp-json\/wp\/v2\/product_brand?post=18534"},{"taxonomy":"product_cat","embeddable":true,"href":"https:\/\/luxbed.lu\/de\/wp-json\/wp\/v2\/product_cat?post=18534"},{"taxonomy":"product_tag","embeddable":true,"href":"https:\/\/luxbed.lu\/de\/wp-json\/wp\/v2\/product_tag?post=18534"}],"curies":[{"name":"wp","href":"https:\/\/api.w.org\/{rel}","templated":true}]}}