{"id":18535,"date":"2020-10-28T11:03:24","date_gmt":"2023-12-11T14:36:58","guid":{"rendered":"https:\/\/luxul.lu\/buecherregal-mit-stauraum-mit-4-tueren\/"},"modified":"2024-08-15T17:54:39","modified_gmt":"2024-08-15T15:54:39","slug":"buecherregal-mit-stauraum-mit-4-tueren","status":"publish","type":"product","link":"https:\/\/luxbed.lu\/de\/buecherregal-mit-stauraum-mit-4-tueren\/","title":{"rendered":"B\u00fccherregal mit Stauraum mit 4 T\u00fcren"},"content":{"rendered":"","protected":false},"excerpt":{"rendered":"<p>Entdecken Sie unser h\u00fcbsches B\u00fccherregal mit Stauraum, um Ihre Wohnung einzurichten.<\/p>\n","protected":false},"featured_media":17127,"comment_status":"open","ping_status":"closed","template":"","meta":[],"product_brand":[],"product_cat":[399,395],"product_tag":[],"class_list":{"0":"post-18535","1":"product","2":"type-product","3":"status-publish","4":"has-post-thumbnail","6":"product_cat-aufbewahrungsmobel","7":"product_cat-zubehor","9":"first","10":"instock","11":"taxable","12":"shipping-taxable","13":"purchasable","14":"product-type-simple"},"_links":{"self":[{"href":"https:\/\/luxbed.lu\/de\/wp-json\/wp\/v2\/product\/18535","targetHints":{"allow":["GET"]}}],"collection":[{"href":"https:\/\/luxbed.lu\/de\/wp-json\/wp\/v2\/product"}],"about":[{"href":"https:\/\/luxbed.lu\/de\/wp-json\/wp\/v2\/types\/product"}],"replies":[{"embeddable":true,"href":"https:\/\/luxbed.lu\/de\/wp-json\/wp\/v2\/comments?post=18535"}],"wp:featuredmedia":[{"embeddable":true,"href":"https:\/\/luxbed.lu\/de\/wp-json\/wp\/v2\/media\/17127"}],"wp:attachment":[{"href":"https:\/\/luxbed.lu\/de\/wp-json\/wp\/v2\/media?parent=18535"}],"wp:term":[{"taxonomy":"product_brand","embeddable":true,"href":"https:\/\/luxbed.lu\/de\/wp-json\/wp\/v2\/product_brand?post=18535"},{"taxonomy":"product_cat","embeddable":true,"href":"https:\/\/luxbed.lu\/de\/wp-json\/wp\/v2\/product_cat?post=18535"},{"taxonomy":"product_tag","embeddable":true,"href":"https:\/\/luxbed.lu\/de\/wp-json\/wp\/v2\/product_tag?post=18535"}],"curies":[{"name":"wp","href":"https:\/\/api.w.org\/{rel}","templated":true}]}}