{"id":18545,"date":"2020-10-28T11:16:16","date_gmt":"2023-12-11T14:37:02","guid":{"rendered":"https:\/\/luxul.lu\/buecherregal-mit-einer-tuer-darunter\/"},"modified":"2025-01-21T09:48:22","modified_gmt":"2025-01-21T08:48:22","slug":"buecherregal-mit-einer-tuer-darunter","status":"publish","type":"product","link":"https:\/\/luxbed.lu\/de\/buecherregal-mit-einer-tuer-darunter\/","title":{"rendered":"B\u00fccherregal mit einer T\u00fcr darunter"},"content":{"rendered":"","protected":false},"excerpt":{"rendered":"<p>Nehmen Sie den Stauraum eines B\u00fccherregals und f\u00fcgen Sie eine T\u00fcr ein, um Ihre Stauraumkapazit\u00e4t zu erh\u00f6hen.<\/p>\n","protected":false},"featured_media":17141,"comment_status":"open","ping_status":"closed","template":"","meta":[],"product_brand":[],"product_cat":[399,395],"product_tag":[],"class_list":{"0":"post-18545","1":"product","2":"type-product","3":"status-publish","4":"has-post-thumbnail","6":"product_cat-aufbewahrungsmobel","7":"product_cat-zubehor","9":"first","10":"instock","11":"taxable","12":"shipping-taxable","13":"purchasable","14":"product-type-simple"},"_links":{"self":[{"href":"https:\/\/luxbed.lu\/de\/wp-json\/wp\/v2\/product\/18545","targetHints":{"allow":["GET"]}}],"collection":[{"href":"https:\/\/luxbed.lu\/de\/wp-json\/wp\/v2\/product"}],"about":[{"href":"https:\/\/luxbed.lu\/de\/wp-json\/wp\/v2\/types\/product"}],"replies":[{"embeddable":true,"href":"https:\/\/luxbed.lu\/de\/wp-json\/wp\/v2\/comments?post=18545"}],"wp:featuredmedia":[{"embeddable":true,"href":"https:\/\/luxbed.lu\/de\/wp-json\/wp\/v2\/media\/17141"}],"wp:attachment":[{"href":"https:\/\/luxbed.lu\/de\/wp-json\/wp\/v2\/media?parent=18545"}],"wp:term":[{"taxonomy":"product_brand","embeddable":true,"href":"https:\/\/luxbed.lu\/de\/wp-json\/wp\/v2\/product_brand?post=18545"},{"taxonomy":"product_cat","embeddable":true,"href":"https:\/\/luxbed.lu\/de\/wp-json\/wp\/v2\/product_cat?post=18545"},{"taxonomy":"product_tag","embeddable":true,"href":"https:\/\/luxbed.lu\/de\/wp-json\/wp\/v2\/product_tag?post=18545"}],"curies":[{"name":"wp","href":"https:\/\/api.w.org\/{rel}","templated":true}]}}