{"id":18553,"date":"2020-10-27T17:02:47","date_gmt":"2023-12-11T14:37:09","guid":{"rendered":"https:\/\/luxul.lu\/beleuchtung-led-lampe-usb-anschluss-touch\/"},"modified":"2023-12-11T15:37:09","modified_gmt":"2023-12-11T14:37:09","slug":"beleuchtung-led-lampe-usb-anschluss-touch","status":"publish","type":"product","link":"https:\/\/luxbed.lu\/de\/beleuchtung-led-lampe-usb-anschluss-touch\/","title":{"rendered":"Beleuchtung LED-Lampe USB-Anschluss Touch"},"content":{"rendered":"<p>Ber\u00fchrungssensitive LED-Lampe, die wei\u00dfes Licht in drei verschiedenen St\u00e4rken ausstrahlt.<\/p>\n","protected":false},"excerpt":{"rendered":"<p>Genie\u00dfen Sie eine LED-Lampenbeleuchtung f\u00fcr Ihren Wohnbereich.<\/p>\n","protected":false},"featured_media":17145,"comment_status":"open","ping_status":"closed","template":"","meta":[],"product_brand":[],"product_cat":[399,395],"product_tag":[],"class_list":{"0":"post-18553","1":"product","2":"type-product","3":"status-publish","4":"has-post-thumbnail","6":"product_cat-aufbewahrungsmobel","7":"product_cat-zubehor","9":"first","10":"instock","11":"taxable","12":"shipping-taxable","13":"purchasable","14":"product-type-simple"},"_links":{"self":[{"href":"https:\/\/luxbed.lu\/de\/wp-json\/wp\/v2\/product\/18553","targetHints":{"allow":["GET"]}}],"collection":[{"href":"https:\/\/luxbed.lu\/de\/wp-json\/wp\/v2\/product"}],"about":[{"href":"https:\/\/luxbed.lu\/de\/wp-json\/wp\/v2\/types\/product"}],"replies":[{"embeddable":true,"href":"https:\/\/luxbed.lu\/de\/wp-json\/wp\/v2\/comments?post=18553"}],"wp:featuredmedia":[{"embeddable":true,"href":"https:\/\/luxbed.lu\/de\/wp-json\/wp\/v2\/media\/17145"}],"wp:attachment":[{"href":"https:\/\/luxbed.lu\/de\/wp-json\/wp\/v2\/media?parent=18553"}],"wp:term":[{"taxonomy":"product_brand","embeddable":true,"href":"https:\/\/luxbed.lu\/de\/wp-json\/wp\/v2\/product_brand?post=18553"},{"taxonomy":"product_cat","embeddable":true,"href":"https:\/\/luxbed.lu\/de\/wp-json\/wp\/v2\/product_cat?post=18553"},{"taxonomy":"product_tag","embeddable":true,"href":"https:\/\/luxbed.lu\/de\/wp-json\/wp\/v2\/product_tag?post=18553"}],"curies":[{"name":"wp","href":"https:\/\/api.w.org\/{rel}","templated":true}]}}