{"id":18698,"date":"2021-09-24T09:13:37","date_gmt":"2024-01-08T10:14:47","guid":{"rendered":"https:\/\/luxul.lu\/horizontales-schrankbett-2-plaetze-schrank-uebermoebel\/"},"modified":"2025-01-21T09:26:32","modified_gmt":"2025-01-21T08:26:32","slug":"horizontales-schrankbett-2-plaetze-schrank-uebermoebel","status":"publish","type":"product","link":"https:\/\/luxbed.lu\/de\/horizontales-schrankbett-2-plaetze-schrank-uebermoebel\/","title":{"rendered":"Horizontales Schrankbett 2 Pl\u00e4tze Schrank \u00dcberm\u00f6bel"},"content":{"rendered":"<div class=\"wpb-content-wrapper\"><p>[vc_row][vc_column][vc_column_text text_larger=&#8220;no&#8220;]<\/p>\n<h2>Das Doppelbett, um seinen Raum zu optimieren<\/h2>\n<p>  Das horizontale Schrankbett \u00fcber dem Bett ist ein horizontaler Schrank mit Fl\u00fcgelt\u00fcren f\u00fcr 2 Personen, der sich Ihren Bed\u00fcrfnissen anpasst. Im Inneren des horizontalen \u00dcberm\u00f6belschranks mit 2 Fl\u00fcgelt\u00fcren befinden sich mehrere Einlegeb\u00f6den, sodass Sie die Kombinationen f\u00fcr Ihren Raum erstellen k\u00f6nnen. M\u00f6chten Sie ein <strong>elegantes Wohnzimmer<\/strong> einrichten, um einen sch\u00f6nen Wohnraum zu genie\u00dfen und nachts bequem in einem hochwertigen Bett zu schlafen? Oder w\u00fcnschen Sie sich einen praktischen, leicht umbaubaren <strong>Arbeitsplatz<\/strong>, an dem Sie in Ruhe arbeiten oder lernen k\u00f6nnen? Dann ist dieses M\u00f6belst\u00fcck mit <a href=\"https:\/\/luxul.lu\/avantages-du-lit-escamotable\/\" target=\"_blank\" rel=\"noopener\">seinen vielen Vorteilen<\/a> genau das Richtige f\u00fcr Sie![\/vc_column_text][\/vc_column][\/vc_row][vc_row][vc_column width=&#8220;1\/2&#8243;][vc_column_text text_larger=&#8220;no&#8220;]<\/p>\n<h2>Unz\u00e4hlige Optionen<\/h2>\n<p>  Unsere Schrankbetten sind mit einer Vielzahl von Optionen ausgestattet, um Ihnen ein Maximum an Individualit\u00e4t zu bieten.&lt;<\/p>\n<ul>\n<li style=\"list-style-type: none;\">\n<ul>\n<li>Zus\u00e4tzliche Aufbewahrungsm\u00f6bel (horizontaler Schrank mit Fl\u00fcgelt\u00fcren, mehrere Regale und dreit\u00fcriger Schrank mit Garderobe)<\/li>\n<li>Ein klassisches 2- oder 3-Sitzer-Sofa mit Aufbewahrungsbox<\/li>\n<li>Ein skandinavisches Sofa und Hocker mit abnehmbaren Armlehnen<\/li>\n<li>Verschiedenes Zubeh\u00f6r (taktile LED-Lampe, Paar Doppel-USB-Anschluss)<\/li>\n<\/ul>\n<\/li>\n<\/ul>\n<p>  Wie Sie sehen, k\u00f6nnen Sie einen individuellen multifunktionalen Raum schaffen und gleichzeitig Platz sparen.[\/vc_column_text][\/vc_column][vc_column width=&#8220;1\/2&#8243;][vc_column_text text_larger=&#8220;no&#8220; woodmart_inline=&#8220;no&#8220;]<\/p>\n<h3>Ein einziges Bett f\u00fcr einen einzigen Bedarf<\/h3>\n<p>  Die Personalisierung geht noch weiter, denn Sie k\u00f6nnen auch die Farben Ihres Schrankbettes und die Optionen w\u00e4hlen. Je nach Ihren Bed\u00fcrfnissen und W\u00fcnschen k\u00f6nnen Sie zwischen einer Basisliegefl\u00e4che von 140 cm x 190 cm oder einer Liegefl\u00e4che von 160 cm x 200 cm w\u00e4hlen. Unsere Formged\u00e4chtnismatratzen sorgen f\u00fcr einen komfortablen und erholsamen Schlaf.  <\/p>\n<h5>Abmessungen :<\/h5>\n<p><strong>Breite:<\/strong> 205 cm  <strong>H\u00f6he:<\/strong> 209 cm mit horizontalem Schrank mit Fl\u00fcgelt\u00fcren \u00fcber dem Bett (Option) \/ 154.5 cm ohne Schrank  <strong>Tiefe des offenen Bettes:<\/strong> 155 cm F\u00fcr eine Liegefl\u00e4che von 140 cm x 190 cm Maximale H\u00f6he der Matratze: 25 cm[\/vc_column_text][\/vc_column][\/vc_row]<\/p>\n<\/div>","protected":false},"excerpt":{"rendered":"<p><strong>Das horizontale Schrankbett \u00fcber dem Bett ein horizontaler Schrank mit Fl\u00fcgelt\u00fcren f\u00fcr 2 Personen<\/strong> gestaltet Ihren Raum! Wenn Sie nur wenig Platz haben oder sich einfach ein multifunktionales M\u00f6belst\u00fcck w\u00fcnschen, ist dieses elegante Bett mit einer bequemen Liegefl\u00e4che von 140 cm x 190 cm die <strong>ideale L\u00f6sung, um Ihren Platz optimal auszunutzen<\/strong>.<\/p>\n","protected":false},"featured_media":16904,"comment_status":"open","ping_status":"closed","template":"","meta":[],"product_brand":[],"product_cat":[474,472,473],"product_tag":[],"class_list":{"0":"post-18698","1":"product","2":"type-product","3":"status-publish","4":"has-post-thumbnail","6":"product_cat-horizontales-schrankbett","7":"product_cat-schrankbett","8":"product_cat-schrankbett-mit-sofa","10":"first","11":"instock","12":"sale","13":"taxable","14":"shipping-taxable","15":"purchasable","16":"product-type-simple"},"_links":{"self":[{"href":"https:\/\/luxbed.lu\/de\/wp-json\/wp\/v2\/product\/18698","targetHints":{"allow":["GET"]}}],"collection":[{"href":"https:\/\/luxbed.lu\/de\/wp-json\/wp\/v2\/product"}],"about":[{"href":"https:\/\/luxbed.lu\/de\/wp-json\/wp\/v2\/types\/product"}],"replies":[{"embeddable":true,"href":"https:\/\/luxbed.lu\/de\/wp-json\/wp\/v2\/comments?post=18698"}],"wp:featuredmedia":[{"embeddable":true,"href":"https:\/\/luxbed.lu\/de\/wp-json\/wp\/v2\/media\/16904"}],"wp:attachment":[{"href":"https:\/\/luxbed.lu\/de\/wp-json\/wp\/v2\/media?parent=18698"}],"wp:term":[{"taxonomy":"product_brand","embeddable":true,"href":"https:\/\/luxbed.lu\/de\/wp-json\/wp\/v2\/product_brand?post=18698"},{"taxonomy":"product_cat","embeddable":true,"href":"https:\/\/luxbed.lu\/de\/wp-json\/wp\/v2\/product_cat?post=18698"},{"taxonomy":"product_tag","embeddable":true,"href":"https:\/\/luxbed.lu\/de\/wp-json\/wp\/v2\/product_tag?post=18698"}],"curies":[{"name":"wp","href":"https:\/\/api.w.org\/{rel}","templated":true}]}}