{"id":18700,"date":"2021-09-28T17:15:30","date_gmt":"2024-01-08T10:14:50","guid":{"rendered":"https:\/\/luxul.lu\/schrankbett-vertikal-1-platz\/"},"modified":"2025-01-21T09:48:17","modified_gmt":"2025-01-21T08:48:17","slug":"schrankbett-vertikal-1-platz","status":"publish","type":"product","link":"https:\/\/luxbed.lu\/de\/schrankbett-vertikal-1-platz\/","title":{"rendered":"Schrankbett vertikal 1 Platz"},"content":{"rendered":"<div class=\"wpb-content-wrapper\"><p>[vc_row][vc_column][vc_column_text text_larger=&#8220;no&#8220;]<\/p>\n<h2>Das vertikale Schrankbett f\u00fcr 1 Person: ein modernes Bett<\/h2>\n<p>Vertikales Schrankbett mit integriertem Sofa Smart 1 Person. F\u00fcr eine Liegefl\u00e4che von 90 cm x 190 cm.<\/p>\n<p>Mit einem Regal an der Vorderseite (optional), Schreibtisch an der Vorderseite \u00fcber die gesamte Breite (optional) und vertikalen Stauraums\u00e4ulen auf jeder Seite (optional). Mit einem Federmechanismus ausgestattet ist er praktisch und leicht zu handhaben.<\/p>\n<p>Geschlossen nimmt das Schrankbett mit einer Tiefe von 41 cm den Platz eines Schrankes ein. Dies erm\u00f6glicht die Verwendung einer Matratze mit einer maximalen Dicke von 25 cm, w\u00e4hrend die Bettdecke und das Kissen im Inneren bleiben.[\/vc_column_text][\/vc_column][\/vc_row][vc_row][vc_column][vc_row_inner][vc_column_inner width=&#8220;1\/2&#8243;][vc_column_text text_larger=&#8220;no&#8220; woodmart_inline=&#8220;no&#8220;]<\/p>\n<h3><span style=\"font-weight: 400;\">Ein Bett von hoher Qualit\u00e4t<\/span><\/h3>\n<p><span style=\"font-weight: 400;\"><strong>Das hochwertige vertikale Schrankbett f\u00fcr 1 Person<\/strong> ist aus sorgf\u00e4ltig ausgew\u00e4hlten Materialien gefertigt, um Ihnen einen unvergleichlichen Komfort und eine einfache Handhabung zu bieten. Ein Schrankbett zu besitzen bedeutet, dass Sie Ihren Platz optimieren und gleichzeitig ein modernes, hochwertiges M\u00f6belst\u00fcck genie\u00dfen k\u00f6nnen. Mit einer ausreichenden Deckenh\u00f6he (das Bett hat eine H\u00f6he von 209 cm) k\u00f6nnen Sie ein praktisches vertikales Schrankbett f\u00fcr 1 Person genie\u00dfen.<\/span><\/p>\n<h3><span style=\"font-weight: 400;\">Komfort an erster Stelle<\/span><\/h3>\n<p><span style=\"font-weight: 400;\">Aber f\u00fcr einen guten Schlaf braucht man ein qualitativ hochwertiges Bett. Bei unserem vertikalen Schrankbett f\u00fcr 1 Person wird der Komfort nicht zugunsten der Praktikabilit\u00e4t geopfert, ganz im Gegenteil. Mit einer <strong><a href=\"\/matelas-memoire-de-forme-star\/\">Visco Formged\u00e4chtnismatratze<\/a><\/strong> mit 5-Zonen-Taschenfedern passt sich Ihre Matratze Ihrer K\u00f6rperform an und garantiert Ihnen einen erholsamen Schlaf. Wenn Sie nicht viel Zeit haben, um Ihr Bett aufzur\u00e4umen, machen Sie sich keine Sorgen! Bettdecken und Kissen werden mit einem Gurt im Inneren gehalten, sodass Sie Ihr M\u00f6belst\u00fcck schnell und effizient aufr\u00e4umen k\u00f6nnen. Waschbarer Bezug mit Rei\u00dfverschluss, Matratzenst\u00e4rke 23 cm, geeignet f\u00fcr Schrankbetten, sind erh\u00e4ltlich.<\/span><\/p>\n<h3><span style=\"font-weight: 400;\">Vollst\u00e4ndig anpassbar<\/span><\/h3>\n<p><span style=\"font-weight: 400;\"><strong>Das vertikale Schrankbett f\u00fcr 1 Person<\/strong> ist in erster Linie ein modernes und elegantes Design. Um einen optimierten und designorientierten Lebensraum zu schaffen, stellen wir Ihnen eine Palette von Farben zur Verf\u00fcgung, damit Sie die \u00c4sthetik schaffen k\u00f6nnen, die Sie sich w\u00fcnschen.<\/span><\/p>\n<p><strong>Sie k\u00f6nnen auch verschiedene Optionen hinzuf\u00fcgen:<\/strong><\/p>\n<ul>\n<li><a href=\"https:\/\/luxbed.lu\/de\/zubehoer\/\">Zus\u00e4tzlicher Stauraum<\/a><\/li>\n<li><a href=\"\/eclairage-lampe-led-connexion-usb-tactile\/\">LED-Lampe USB-Anschluss Touch<\/a><\/li>\n<li><a href=\"\/paire-de-double-connexion-usb\/\">Ein Paar Doppel-USB-Anschl\u00fcsse<\/a><\/li>\n<\/ul>\n<p>[\/vc_column_text][\/vc_column_inner][vc_column_inner width=&#8220;1\/2&#8243;][vc_single_image image=&#8220;16845&#8243; img_size=&#8220;large&#8220; parallax_scroll=&#8220;no&#8220;][vc_column_text text_larger=&#8220;no&#8220;]<\/p>\n<h4>Abmessungen :<\/h4>\n<p><strong>Breite:<\/strong> 105 cm<br \/>\n<strong>H\u00f6he:<\/strong> 209 cm<br \/>\n<strong>Tiefe offenes Bett:<\/strong> 210 cm<br \/>\n<strong>F\u00fcr eine Liegefl\u00e4che:<\/strong> 90 cm x 190 cm<br \/>\n<strong>Maximale H\u00f6he der Matratze:<\/strong> 25 cm[\/vc_column_text][\/vc_column_inner][\/vc_row_inner][\/vc_column][\/vc_row]<\/p>\n<\/div>","protected":false},"excerpt":{"rendered":"<p>Das vertikale Schrankbett f\u00fcr 1 Person ist die ideale platzsparende L\u00f6sung f\u00fcr kleine R\u00e4ume. Schick und elegant, auch das Design kommt nicht zu kurz! Ver\u00e4ndern Sie ganz einfach das Aussehen und die Nutzung Ihres Raumes mit <strong>dem vertikalen Schrankbett f\u00fcr 1 Person<\/strong>. Ein geniales M\u00f6belst\u00fcck, das tags\u00fcber mit Ihrer Wand verschmilzt und nachts ein weiches Bett enth\u00fcllt, in dem Sie hervorragend schlafen k\u00f6nnen. Mit einer Liegefl\u00e4che von 90 cm x 190 cm ist es die ideale platzsparende L\u00f6sung.<\/p>\n","protected":false},"featured_media":16833,"comment_status":"open","ping_status":"closed","template":"","meta":[],"product_brand":[],"product_cat":[472,476],"product_tag":[],"class_list":{"0":"post-18700","1":"product","2":"type-product","3":"status-publish","4":"has-post-thumbnail","6":"product_cat-schrankbett","7":"product_cat-vertikales-schrankbett","9":"first","10":"instock","11":"sale","12":"sold-individually","13":"taxable","14":"shipping-taxable","15":"purchasable","16":"product-type-simple"},"_links":{"self":[{"href":"https:\/\/luxbed.lu\/de\/wp-json\/wp\/v2\/product\/18700","targetHints":{"allow":["GET"]}}],"collection":[{"href":"https:\/\/luxbed.lu\/de\/wp-json\/wp\/v2\/product"}],"about":[{"href":"https:\/\/luxbed.lu\/de\/wp-json\/wp\/v2\/types\/product"}],"replies":[{"embeddable":true,"href":"https:\/\/luxbed.lu\/de\/wp-json\/wp\/v2\/comments?post=18700"}],"wp:featuredmedia":[{"embeddable":true,"href":"https:\/\/luxbed.lu\/de\/wp-json\/wp\/v2\/media\/16833"}],"wp:attachment":[{"href":"https:\/\/luxbed.lu\/de\/wp-json\/wp\/v2\/media?parent=18700"}],"wp:term":[{"taxonomy":"product_brand","embeddable":true,"href":"https:\/\/luxbed.lu\/de\/wp-json\/wp\/v2\/product_brand?post=18700"},{"taxonomy":"product_cat","embeddable":true,"href":"https:\/\/luxbed.lu\/de\/wp-json\/wp\/v2\/product_cat?post=18700"},{"taxonomy":"product_tag","embeddable":true,"href":"https:\/\/luxbed.lu\/de\/wp-json\/wp\/v2\/product_tag?post=18700"}],"curies":[{"name":"wp","href":"https:\/\/api.w.org\/{rel}","templated":true}]}}