{"id":18701,"date":"2021-09-29T15:40:22","date_gmt":"2024-01-08T10:14:50","guid":{"rendered":"https:\/\/luxul.lu\/schrankbett-horizontal-1-platz\/"},"modified":"2025-01-21T09:48:26","modified_gmt":"2025-01-21T08:48:26","slug":"schrankbett-horizontal-1-platz","status":"publish","type":"product","link":"https:\/\/luxbed.lu\/de\/schrankbett-horizontal-1-platz\/","title":{"rendered":"Schrankbett horizontal 1 Platz"},"content":{"rendered":"<div class=\"wpb-content-wrapper\"><p>[vc_row][vc_column][vc_column_text text_larger=&#8220;no&#8220;]<\/p>\n<h2>Das horizontale Schrankbett: das Bett f\u00fcr kleine R\u00e4ume<\/h2>\n<p>Das horizontale Klappbett ist ideal f\u00fcr ein G\u00e4stezimmer, ein Kinder-\/Jugendzimmer oder ein Studentenzimmer und eignet sich f\u00fcr den <strong>einmaligen oder t\u00e4glichen Gebrauch<\/strong>. Wenn Sie nur f\u00fcr ein paar Tage ein Bett brauchen (z. B. um einen Verwandten einzuladen), f\u00fcgt es sich perfekt in den Raum ein, indem es in die Wand eingelassen wird. Mit einem einfach zu bedienenden Federmechanismus k\u00f6nnen Sie von einem Schlafzimmer in einen Raum mit einem Schrank oder einem Schreibtisch wechseln.[\/vc_column_text][\/vc_column][\/vc_row][vc_row][vc_column width=&#8220;1\/2&#8243;][vc_column_text text_larger=&#8220;no&#8220;]<\/p>\n<h2>Gestalten Sie den Raum Ihrer Tr\u00e4ume.<\/h2>\n<p>Mit dem<strong>horizontalen Schrankbett<\/strong>, das auch mit einem Schreibtisch erh\u00e4ltlich ist, k\u00f6nnen Sie aus einem Raum <strong>einen multifunktionalen<\/strong> Raum machen. Nachts Schlafzimmer, tags\u00fcber B\u00fcro oder anderes &#8211; es liegt an Ihnen, zu entscheiden und die M\u00f6glichkeiten, die Ihnen dieses geniale M\u00f6belst\u00fcck bietet, voll auszusch\u00f6pfen. Sie k\u00f6nnen das Schrankbett einzeln oder mit verschiedenen Zusatzoptionen kaufen:<\/p>\n<ul>\n<li>LED-Lampe mit USB-Anschluss<\/li>\n<li>Doppeltes USB-Anschlusspaar<\/li>\n<li>Bibliothek<\/li>\n<li>3-t\u00fcriger Schrank mit Kleiderschrank und 2 Schubladen unten<\/li>\n<li>Mehrere Regale<\/li>\n<\/ul>\n<p>Eine Palette von Farben steht Ihnen f\u00fcr eine <strong>einzigartige \u00c4sthetik<\/strong> zur Verf\u00fcgung. Der Bettschrank ist das vielseitige, schicke und elegante M\u00f6belst\u00fcck schlechthin. Wir stellen Ihnen zahlreiche Optionen zur Verf\u00fcgung, damit Sie das Beste aus Ihrer Erfahrung machen k\u00f6nnen.<\/p>\n<h2>Ein Bett von h\u00f6chster Qualit\u00e4t<\/h2>\n<p>Wir achten darauf, dass unsere M\u00f6bel aus erstklassigen <strong>Materialien<\/strong> hergestellt werden. Ihre Sicherheit steht an erster Stelle. Deshalb stellen wir sicher, dass unsere Mechanismen getestet und zugelassen werden, um<strong> Sicherheit und Zuverl\u00e4ssigkeit<\/strong> zu gew\u00e4hrleisten. Sie sind auch wetterfest, ein wichtiges Element f\u00fcr den t\u00e4glichen Gebrauch des M\u00f6belst\u00fccks.<\/p>\n<p>Hochwertige Bettw\u00e4sche wird Ihnen ebenfalls zur Verf\u00fcgung gestellt. Hochwertige Matratzen begleiten Ihre N\u00e4chte und die Bettdecken und Kopfkissen werden im Inneren durch einen G\u00fcrtel gehalten, um das Verstauen zu erleichtern. <a href=\"https:\/\/luxul.lu\/avis-clients\/\" target=\"_blank\" rel=\"noopener\">Unsere Kunden haben unsere M\u00f6bel getestet und<\/a> f\u00fcr gut befunden![\/vc_column_text][\/vc_column][vc_column width=&#8220;1\/2&#8243;][vc_single_image image=&#8220;9374&#8243; img_size=&#8220;full&#8220; parallax_scroll=&#8220;no&#8220;][vc_column_text text_larger=&#8220;no&#8220;]<\/p>\n<h5>Abmessungen :<\/h5>\n<p><strong>Breite:<\/strong> 205 cm<\/p>\n<p><strong>H\u00f6he:<\/strong> 113 cm<\/p>\n<p><strong>Tiefe ge\u00f6ffnetes Bett:<\/strong> 115 cm<\/p>\n<p><strong>F\u00fcr eine Liegefl\u00e4che von 90 cm x 190 cm<\/strong><\/p>\n<p><strong>Maximale H\u00f6he der Matratze:<\/strong> 25 cm[\/vc_column_text][\/vc_column][\/vc_row]<\/p>\n<\/div>","protected":false},"excerpt":{"rendered":"<p><strong>Der Schrankbett Horizontal 1-Sitzer<\/strong> ist das Nonplusultra unter den <strong>platzsparenden M\u00f6beln<\/strong>. Mit einer Liegefl\u00e4che von 90 cm x 190 cm haben Sie eine kompakte Liegefl\u00e4che, die sich perfekt in Ihre Einrichtung einf\u00fcgt. Ein elegantes und modernes M\u00f6belst\u00fcck f\u00fcr eine garantierte Raumoptimierung, das all Ihren Bed\u00fcrfnissen gerecht wird.<\/p>\n","protected":false},"featured_media":16592,"comment_status":"open","ping_status":"closed","template":"","meta":[],"product_brand":[],"product_cat":[474,472],"product_tag":[],"class_list":{"0":"post-18701","1":"product","2":"type-product","3":"status-publish","4":"has-post-thumbnail","6":"product_cat-horizontales-schrankbett","7":"product_cat-schrankbett","9":"first","10":"instock","11":"sale","12":"taxable","13":"shipping-taxable","14":"purchasable","15":"product-type-simple"},"_links":{"self":[{"href":"https:\/\/luxbed.lu\/de\/wp-json\/wp\/v2\/product\/18701","targetHints":{"allow":["GET"]}}],"collection":[{"href":"https:\/\/luxbed.lu\/de\/wp-json\/wp\/v2\/product"}],"about":[{"href":"https:\/\/luxbed.lu\/de\/wp-json\/wp\/v2\/types\/product"}],"replies":[{"embeddable":true,"href":"https:\/\/luxbed.lu\/de\/wp-json\/wp\/v2\/comments?post=18701"}],"wp:featuredmedia":[{"embeddable":true,"href":"https:\/\/luxbed.lu\/de\/wp-json\/wp\/v2\/media\/16592"}],"wp:attachment":[{"href":"https:\/\/luxbed.lu\/de\/wp-json\/wp\/v2\/media?parent=18701"}],"wp:term":[{"taxonomy":"product_brand","embeddable":true,"href":"https:\/\/luxbed.lu\/de\/wp-json\/wp\/v2\/product_brand?post=18701"},{"taxonomy":"product_cat","embeddable":true,"href":"https:\/\/luxbed.lu\/de\/wp-json\/wp\/v2\/product_cat?post=18701"},{"taxonomy":"product_tag","embeddable":true,"href":"https:\/\/luxbed.lu\/de\/wp-json\/wp\/v2\/product_tag?post=18701"}],"curies":[{"name":"wp","href":"https:\/\/api.w.org\/{rel}","templated":true}]}}