{"id":18702,"date":"2021-09-29T09:55:45","date_gmt":"2024-01-08T10:14:54","guid":{"rendered":"https:\/\/luxul.lu\/schrankbett-vertikales-schrankbett-2-plaetze\/"},"modified":"2024-04-19T17:40:47","modified_gmt":"2024-04-19T15:40:47","slug":"schrankbett-vertikales-schrankbett-2-plaetze","status":"publish","type":"product","link":"https:\/\/luxbed.lu\/de\/schrankbett-vertikales-schrankbett-2-plaetze\/","title":{"rendered":"Schrankbett vertikales Schrankbett 2 Pl\u00e4tze"},"content":{"rendered":"<div class=\"wpb-content-wrapper\"><p>[vc_row][vc_column][vc_column_text text_larger=&#8220;no&#8220;]<\/p>\n<h2>Das vertikale Schrankbett f\u00fcr 2 Personen: Optimieren Sie Ihren Raum<\/h2>\n<ul>\n<li>Vertikales Schrankbett Smart 2 Personen<\/li>\n<li>F\u00fcr eine Liegefl\u00e4che von 140 cm x 190 cm<\/li>\n<\/ul>\n<p>Mit einem Regal an der Vorderseite (optional), Schreibtisch an der Vorderseite \u00fcber die gesamte Breite (optional) und vertikalen Aufbewahrungss\u00e4ulen an jeder Seite (optional), gro\u00dfer Aufbewahrungsschrank mit Spiegel an der Vorderseite (optional)<br \/>\nVielf\u00e4ltige Kombinationsm\u00f6glichkeiten mit unseren verschiedenen Aufbewahrungsmodulen<br \/>\nMit einem Federmechanismus ausgestattet ist er praktisch und leicht zu handhaben.<\/p>\n<h5 style=\"color: red;\"><u><br \/>\n  <b>ACHTUNG <\/b><br \/>\n<\/u>: Bei den Liegefl\u00e4chen 150x200cm und 160x200cm ist es nicht m\u00f6glich, den Arbeitstisch zu haben.<\/h5>\n<p>Geschlossen nimmt das Schrankbett mit einer Tiefe von 41 cm den Platz eines Schrankes ein. Dies erm\u00f6glicht die Verwendung einer Matratze mit einer maximalen Dicke von 25 cm, w\u00e4hrend die Bettdecke und das Kissen im Inneren bleiben.[\/vc_column_text][\/vc_column][\/vc_row][vc_row][vc_column width=&#8220;1\/2&#8243;][vc_column_text text_larger=&#8220;no&#8220;]Das vertikale Schrankbett Smart f\u00fcr 2 Personen ist in erster Linie ein modernes und elegantes Design. Um einen optimierten und designorientierten Lebensraum zu schaffen, stellen wir Ihnen eine Palette von Farben zur Verf\u00fcgung, damit Sie die \u00c4sthetik schaffen k\u00f6nnen, die Sie sich w\u00fcnschen.<\/p>\n<p><strong>Sie k\u00f6nnen auch verschiedene Optionen hinzuf\u00fcgen:<\/strong><\/p>\n<ul>\n<li><a href=\"https:\/\/luxul.lu\/de\/skandinavisches-2-sitzer-sofa-mit-abnehmbaren-armlehnen\/\" target=\"_blank\" rel=\"noopener\">2-Sitzer-Sofa<\/a> oder <a href=\"https:\/\/luxul.lu\/de\/skandinavisches-3-sitzer-ecksofa-mit-abnehmbaren-armlehnen\/\" target=\"_blank\" rel=\"noopener\">3-Sitzer-Ecksofa<\/a><\/li>\n<li><a href=\"https:\/\/luxul.lu\/de\/beleuchtung-led-lampe-usb-anschluss-touch\/\" target=\"_blank\" rel=\"noopener\">LED-Lampe USB-Anschluss Touch<\/a><\/li>\n<li><a href=\"https:\/\/luxul.lu\/de\/doppeltes-usb-anschlusspaar\/\" target=\"_blank\" rel=\"noopener\">Ein Paar Doppel-USB-Anschl\u00fcsse<\/a><\/li>\n<\/ul>\n<p>Das Schrankbett hat noch viele<a href=\"https:\/\/luxul.lu\/choses-a-savoir-sur-le-lit-escamotable\/\" target=\"_blank\" rel=\"noopener\"> Geheimnisse<\/a> zu enth\u00fcllen!<\/p>\n<h3>Komfort an erster Stelle<\/h3>\n<p>Aber f\u00fcr einen guten Schlaf braucht man ein qualitativ hochwertiges Bett. Bei unserem vertikalen Schrankbett f\u00fcr 1 Person wird der Komfort nicht zugunsten der Praktikabilit\u00e4t geopfert, ganz im Gegenteil. Mit einer <strong><br \/>\n  <a href=\"https:\/\/luxul.lu\/?post_type=product&#038;p=7198\" target=\"_blank\" rel=\"noopener\">Visco-Matratze mit Formged\u00e4chtnis<\/a><br \/>\n<\/strong> mit 5-Zonen-Taschenfedern passt sich Ihre Matratze Ihrer K\u00f6rperform an und garantiert Ihnen so einen erholsamen Schlaf. Wenn Sie nicht viel Zeit haben, um Ihr Bett aufzur\u00e4umen, machen Sie sich keine Sorgen! Bettdecken und Kissen werden mit einem Gurt im Inneren gehalten, sodass Sie Ihr M\u00f6belst\u00fcck schnell und effizient aufr\u00e4umen k\u00f6nnen. Waschbarer Bezug mit Rei\u00dfverschluss, Matratzenst\u00e4rke 23 cm, geeignet f\u00fcr Schrankbetten, sind erh\u00e4ltlich.<\/p>\n<h3>Gestalten Sie Ihren Raum<\/h3>\n<p>Das Schrankbett f\u00fcr 2 Personen ist die 2-in-1-L\u00f6sung f\u00fcr die Inneneinrichtung. Sie haben einen gro\u00dfen Kleiderschrank und ein bequemes Bett &#8211; alles in einem M\u00f6belst\u00fcck! Sie ist ideal, um<strong> einen komfortablen und vielseitigen Wohnraum<\/strong> zu schaffen, und erf\u00fcllt die Anforderungen an die<strong>Optimierung kleiner R\u00e4ume<\/strong>. Tags\u00fcber Wohnraum und nachts Schlafzimmer, profitieren Sie von einem zweisitzigen Schlafplatz allein, zu zweit oder mit Freunden. Egal, wie Sie es nutzen, dieses M\u00f6belst\u00fcck wird sich perfekt anpassen.<\/p>\n<h3>Das Schrankbett: ein individuell gestaltbares Design-M\u00f6belst\u00fcck<\/h3>\n<p>Die Eleganz des 2-Sitzer-Klappbetts macht es zu einem<strong> au\u00dfergew\u00f6hnlichen Designobjekt<\/strong>. Modern, schick und elegant &#8211; dieses M\u00f6belst\u00fcck wird frischen Wind in Ihre Wohnung bringen. Unsere Anpassungsoptionen erm\u00f6glichen es Ihnen, den Raum Ihrer Tr\u00e4ume zu gestalten. Verschiedene Farbt\u00f6ne sind erh\u00e4ltlich, damit Sie Ihr M\u00f6belst\u00fcck nach Belieben gestalten k\u00f6nnen:<\/p>\n<p><strong>Helle T\u00f6ne :<\/strong><\/p>\n<ul>\n<li>Helles Taupe<\/li>\n<li>Helles Holz<\/li>\n<li>Wei\u00df<\/li>\n<\/ul>\n<p><strong>Dunkle T\u00f6ne :<\/strong><\/p>\n<ul>\n<li>Anthrazitgrau<\/li>\n<li>Dunkles Taupe<\/li>\n<li>Dunkles Holz<\/li>\n<li>Cappuccino<\/li>\n<li>Schwarz<\/li>\n<\/ul>\n<p>Zus\u00e4tzliche Optionen sind ebenfalls verf\u00fcgbar. Aufbewahrungsm\u00f6bel, LED-Lampen und sogar ein Schreibtisch, um einen Arbeitsbereich zu schaffen. Personalisierung ist das Stichwort.[\/vc_column_text][\/vc_column][vc_column width=&#8220;1\/2&#8243;][vc_single_image image=&#8220;16328&#8243; img_size=&#8220;large&#8220; parallax_scroll=&#8220;no&#8220;][vc_column_text text_larger=&#8220;no&#8220;]<\/p>\n<h3>Der Komfort eines traditionellen Bettes<\/h3>\n<p>Ein bequemes Bett ist die Grundlage f\u00fcr einen <strong>erholsamen Schlaf<\/strong>. Unsere Matratzen mit Formged\u00e4chtnis sorgen f\u00fcr <strong>eine h\u00f6here Schlafqualit\u00e4t<\/strong>. Ihre Morphologie findet garantiert einen Schuh, der zu ihrem Fu\u00df passt. Das vertikale Schrankbett f\u00fcr 2 Personen mit Federmechanismus ist einfach und bequem zu handhaben und<strong>ideal f\u00fcr den t\u00e4glichen Gebrauch<\/strong>. Sie m\u00fcssen nicht viel Aufwand betreiben, um Ihr Bett ein- und auszupacken. Hochwertige Mechanismen sorgen f\u00fcr einen nat\u00fcrlichen \u00dcbergang zwischen den beiden Modi dieses M\u00f6belst\u00fccks.<\/p>\n<h5>Abmessungen :<\/h5>\n<p><strong>Breite:<\/strong> 155 cm<\/p>\n<p><strong>H\u00f6he:<\/strong> 209 cm<\/p>\n<p><strong>Tiefe offenes Bett:<\/strong> 210 cm<\/p>\n<p><strong>F\u00fcr eine Liegefl\u00e4che: <\/strong> 140 cm x 190 cm<\/p>\n<p>Maximale H\u00f6he der Matratze: 25 cm[\/vc_column_text][\/vc_column][\/vc_row]<\/p>\n<\/div>","protected":false},"excerpt":{"rendered":"<p><strong>Das Schrankbett f\u00fcr 2 Personen<\/strong> ist platzsparend, bequem, zuverl\u00e4ssig und robust. Tags\u00fcber praktischer Stauraum und nachts eine Liegefl\u00e4che von 140 cm X 190 cm &#8211; das ist ein praktisches M\u00f6belst\u00fcck mit elegantem Design und <a href=\"https:\/\/luxul.lu\/avantages-du-lit-escamotable\/\">vielen Vorteilen<\/a>. Das Nonplusultra f\u00fcr die Einrichtung und Dekoration kleiner R\u00e4ume.<\/p>\n","protected":false},"featured_media":16776,"comment_status":"open","ping_status":"closed","template":"","meta":[],"product_brand":[],"product_cat":[472,476],"product_tag":[],"class_list":{"0":"post-18702","1":"product","2":"type-product","3":"status-publish","4":"has-post-thumbnail","6":"product_cat-schrankbett","7":"product_cat-vertikales-schrankbett","9":"first","10":"instock","11":"sale","12":"taxable","13":"shipping-taxable","14":"purchasable","15":"product-type-simple"},"_links":{"self":[{"href":"https:\/\/luxbed.lu\/de\/wp-json\/wp\/v2\/product\/18702","targetHints":{"allow":["GET"]}}],"collection":[{"href":"https:\/\/luxbed.lu\/de\/wp-json\/wp\/v2\/product"}],"about":[{"href":"https:\/\/luxbed.lu\/de\/wp-json\/wp\/v2\/types\/product"}],"replies":[{"embeddable":true,"href":"https:\/\/luxbed.lu\/de\/wp-json\/wp\/v2\/comments?post=18702"}],"wp:featuredmedia":[{"embeddable":true,"href":"https:\/\/luxbed.lu\/de\/wp-json\/wp\/v2\/media\/16776"}],"wp:attachment":[{"href":"https:\/\/luxbed.lu\/de\/wp-json\/wp\/v2\/media?parent=18702"}],"wp:term":[{"taxonomy":"product_brand","embeddable":true,"href":"https:\/\/luxbed.lu\/de\/wp-json\/wp\/v2\/product_brand?post=18702"},{"taxonomy":"product_cat","embeddable":true,"href":"https:\/\/luxbed.lu\/de\/wp-json\/wp\/v2\/product_cat?post=18702"},{"taxonomy":"product_tag","embeddable":true,"href":"https:\/\/luxbed.lu\/de\/wp-json\/wp\/v2\/product_tag?post=18702"}],"curies":[{"name":"wp","href":"https:\/\/api.w.org\/{rel}","templated":true}]}}