{"id":18703,"date":"2021-09-29T16:04:15","date_gmt":"2024-01-08T10:14:55","guid":{"rendered":"https:\/\/luxul.lu\/horizontales-schrankbett-2-sitzer\/"},"modified":"2025-01-21T09:48:24","modified_gmt":"2025-01-21T08:48:24","slug":"horizontales-schrankbett-2-sitzer","status":"publish","type":"product","link":"https:\/\/luxbed.lu\/de\/horizontales-schrankbett-2-sitzer\/","title":{"rendered":"Horizontales Schrankbett 2-Sitzer"},"content":{"rendered":"<div class=\"wpb-content-wrapper\"><p>[vc_row][vc_column][vc_column_text text_larger=&#8220;no&#8220;]<\/p>\n<h2>Das Doppelbett, um seinen Raum zu optimieren<\/h2>\n<p>Das horizontale Schrankbett f\u00fcr 2 Personen passt sich Ihren Bed\u00fcrfnissen an. Mit seinen zahlreichen Optionen k\u00f6nnen Sie den ultimativen <strong>Multifunktionsraum<\/strong> schaffen. M\u00f6chten Sie tags\u00fcber einfach mehr Platz schaffen und nachts ein gem\u00fctliches Nest f\u00fcr ein oder zwei Personen haben? M\u00f6chten Sie ein <strong>elegantes Wohnzimmer<\/strong> einrichten, um einen sch\u00f6nen Wohnraum zu genie\u00dfen und nachts bequem in einem hochwertigen Bett zu schlafen? Oder w\u00fcnschen Sie sich einen praktischen, leicht umbaubaren <strong>Arbeitsplatz<\/strong>, an dem Sie in Ruhe arbeiten oder lernen k\u00f6nnen? Dann ist dieses M\u00f6belst\u00fcck mit <a href=\"https:\/\/luxul.lu\/avantages-du-lit-escamotable\/\" target=\"_blank\" rel=\"noopener\">seinen vielen Vorteilen<\/a> genau das Richtige f\u00fcr Sie![\/vc_column_text][\/vc_column][\/vc_row][vc_row][vc_column width=&#8220;1\/2&#8243;][vc_column_text text_larger=&#8220;no&#8220;]<\/p>\n<h2>Unz\u00e4hlige Optionen<\/h2>\n<p>Unsere Schrankbetten sind mit vielen Optionen ausgestattet, um Ihnen ein H\u00f6chstma\u00df an Individualit\u00e4t zu bieten.<\/p>\n<ul>\n<li style=\"list-style-type: none;\">\n<ul>\n<li>Zus\u00e4tzliche Aufbewahrungsm\u00f6bel (horizontaler Schrank mit Fl\u00fcgelt\u00fcren, mehrere Regale und dreit\u00fcriger Schrank mit Garderobe)<\/li>\n<li>Ein klassisches 2- oder 3-Sitzer-Sofa mit Aufbewahrungsbox<\/li>\n<li>Ein skandinavisches Sofa und Hocker mit abnehmbaren Armlehnen<\/li>\n<li>Verschiedenes Zubeh\u00f6r (taktile LED-Lampe, Paar Doppel-USB-Anschluss)<\/li>\n<\/ul>\n<\/li>\n<\/ul>\n<p>Wie Sie sehen, k\u00f6nnen Sie einen individuellen Multifunktionsraum schaffen und sich gleichzeitig eine gewisse Platzersparnis sichern.[\/vc_column_text][vc_column_text text_larger=&#8220;no&#8220; woodmart_inline=&#8220;no&#8220;]<\/p>\n<h3>Ein einziges Bett f\u00fcr einen einzigen Bedarf<\/h3>\n<p>Die Individualisierung geht noch weiter, denn Sie k\u00f6nnen auch die Farben f\u00fcr Ihr Schrankbett und die Optionen ausw\u00e4hlen. Je nach Ihren Bed\u00fcrfnissen und W\u00fcnschen k\u00f6nnen Sie zwischen einer Basisliegefl\u00e4che von 140 cm x 190 cm und einer Liegefl\u00e4che von 160 cm x 190 cm w\u00e4hlen. Unsere Formged\u00e4chtnismatratzen werden Ihnen ebenfalls einen komfortablen und erholsamen Schlaf garantieren, lassen Sie sich verf\u00fchren![\/vc_column_text][\/vc_column][vc_column width=&#8220;1\/2&#8243;][vc_column_text text_larger=&#8220;no&#8220; woodmart_inline=&#8220;no&#8220;]<\/p>\n<h4>Abmessungen: F\u00fcr eine Liegefl\u00e4che von 140 cm x 190 cm<\/h4>\n<p><strong>Breite:<\/strong> 205 cm<\/p>\n<p><strong>H\u00f6he:<\/strong> 209 cm mit horizontalem Schrank mit Fl\u00fcgelt\u00fcren \u00fcber dem Bett (optional) \/ 154.5 cm ohne Schrank<\/p>\n<p><strong>Tiefe ge\u00f6ffnetes Bett:<\/strong> 155 cm<\/p>\n<p>F\u00fcr eine Liegefl\u00e4che von 140 cm x 190 cm Maximale H\u00f6he der Matratze: 25 cm[\/vc_column_text][vc_column_text text_larger=&#8220;no&#8220; woodmart_inline=&#8220;no&#8220;]<\/p>\n<h4>Abmessungen: F\u00fcr eine Liegefl\u00e4che von 160 cm x 200 cm<\/h4>\n<p><strong>Breite:<\/strong> 215 cm<\/p>\n<p><strong>H\u00f6he:<\/strong> 174,5 cm ohne Schrank!<\/p>\n<p><strong>Tiefe ge\u00f6ffnetes Bett:<\/strong> 175 cm<\/p>\n<p>F\u00fcr eine Liegefl\u00e4che von 160 cm x 200 cm Maximale H\u00f6he der Matratze: 25 cm[\/vc_column_text][\/vc_column][\/vc_row]<\/p>\n<\/div>","protected":false},"excerpt":{"rendered":"<p><strong>Das horizontale Schrankbett f\u00fcr 2 Personen<\/strong> gestaltet Ihren Raum! Wenn Sie nur wenig Platz haben oder sich einfach ein multifunktionales M\u00f6belst\u00fcck w\u00fcnschen, ist dieses elegante Bett mit einer bequemen Liegefl\u00e4che von 140 cm x 190 cm die <strong>ideale L\u00f6sung, um Ihren Platz optimal auszunutzen<\/strong>.<\/p>\n","protected":false},"featured_media":17269,"comment_status":"open","ping_status":"closed","template":"","meta":[],"product_brand":[],"product_cat":[474,472,473],"product_tag":[],"class_list":{"0":"post-18703","1":"product","2":"type-product","3":"status-publish","4":"has-post-thumbnail","6":"product_cat-horizontales-schrankbett","7":"product_cat-schrankbett","8":"product_cat-schrankbett-mit-sofa","10":"first","11":"instock","12":"sale","13":"taxable","14":"shipping-taxable","15":"purchasable","16":"product-type-simple"},"_links":{"self":[{"href":"https:\/\/luxbed.lu\/de\/wp-json\/wp\/v2\/product\/18703","targetHints":{"allow":["GET"]}}],"collection":[{"href":"https:\/\/luxbed.lu\/de\/wp-json\/wp\/v2\/product"}],"about":[{"href":"https:\/\/luxbed.lu\/de\/wp-json\/wp\/v2\/types\/product"}],"replies":[{"embeddable":true,"href":"https:\/\/luxbed.lu\/de\/wp-json\/wp\/v2\/comments?post=18703"}],"wp:featuredmedia":[{"embeddable":true,"href":"https:\/\/luxbed.lu\/de\/wp-json\/wp\/v2\/media\/17269"}],"wp:attachment":[{"href":"https:\/\/luxbed.lu\/de\/wp-json\/wp\/v2\/media?parent=18703"}],"wp:term":[{"taxonomy":"product_brand","embeddable":true,"href":"https:\/\/luxbed.lu\/de\/wp-json\/wp\/v2\/product_brand?post=18703"},{"taxonomy":"product_cat","embeddable":true,"href":"https:\/\/luxbed.lu\/de\/wp-json\/wp\/v2\/product_cat?post=18703"},{"taxonomy":"product_tag","embeddable":true,"href":"https:\/\/luxbed.lu\/de\/wp-json\/wp\/v2\/product_tag?post=18703"}],"curies":[{"name":"wp","href":"https:\/\/api.w.org\/{rel}","templated":true}]}}