{"id":18704,"date":"2021-09-29T10:55:48","date_gmt":"2024-01-08T10:15:00","guid":{"rendered":"https:\/\/luxul.lu\/schrankbett-vertikales-schrankbett-2-plaetze-smart\/"},"modified":"2025-01-21T09:17:36","modified_gmt":"2025-01-21T08:17:36","slug":"schrankbett-vertikales-schrankbett-2-plaetze-smart","status":"publish","type":"product","link":"https:\/\/luxbed.lu\/de\/schrankbett-vertikales-schrankbett-2-plaetze-smart\/","title":{"rendered":"Schrankbett vertikales Schrankbett 2 Pl\u00e4tze Smart"},"content":{"rendered":"<div class=\"wpb-content-wrapper\"><p>[vc_row][vc_column][vc_column_text text_larger=&#8220;no&#8220;]<\/p>\n<h2>Vertikales Schrankbett mit Sofa: Sparen Sie Platz.<\/h2>\n<p>  Die St\u00e4rke eines traditionellen Schrankbettes ist seine F\u00e4higkeit, den<strong>Raum zu optimieren<\/strong>. Tags\u00fcber Schrank und nachts Bett, dieses M\u00f6belst\u00fcck ist<strong> einfallsreich und modern<\/strong> und die platzsparende L\u00f6sung par excellence. In Verbindung mit einem 2-Sitzer-Sofa k\u00f6nnen Sie Ihren Raum in ein <strong>Multifunktionszimmer<\/strong> verwandeln: tags\u00fcber Wohnzimmer, nachts Schlafzimmer. Mit einer Liegefl\u00e4che von 140 cm X 190 cm genie\u00dfen Sie ein gem\u00fctliches Bett f\u00fcr eine oder zwei Personen. Sie entscheiden, welches Gesicht Ihr Raum haben soll.  <\/p>\n<h2>Ein Wohnzimmer in Ihrem Schlafzimmer mit dem vertikalen Schrankbett.<\/h2>\n<p>  Unsere M\u00f6bel werden aus <strong>Materialien von h\u00f6chster Qualit\u00e4t<\/strong> hergestellt und wir achten darauf, dass unsere Mechanismen <strong>maximale Sicherheit<\/strong> gew\u00e4hrleisten. Mit einem Federmechanismus ist unser Schrankbett leicht zu handhaben und widerstandsf\u00e4hig gegen Abnutzung. <a href=\"https:\/\/luxul.lu\/avis-clients\/\" target=\"_blank\" rel=\"noopener\">Unsere Kunden<\/a> k\u00f6nnen dies <a href=\"https:\/\/luxul.lu\/avis-clients\/\" target=\"_blank\" rel=\"noopener\">best\u00e4tigen<\/a>.  <\/p>\n<h2>Personalisierung und Komfort<\/h2>\n<p>  Wie alle unsere Modelle ist auch der Schrank des vertikalen Schrankbetts Smart f\u00fcr 2 Personen <strong>vollst\u00e4ndig anpassbar<\/strong>. W\u00e4hlen Sie die Farben aus einer Farbpalette und nutzen Sie zus\u00e4tzliche Optionen, um Ihr Zuhause nach Ihren W\u00fcnschen zu gestalten. Sie k\u00f6nnen zus\u00e4tzliche Aufbewahrungsm\u00f6glichkeiten hinzuf\u00fcgen: mehrere Regale, B\u00fccherregale, einen dreit\u00fcrigen Schrank mit Garderobe und zwei Schubladen unten sowie weiteres Zubeh\u00f6r. Unser klassisches 2-Sitzer-Sofa ist in den Farben Anthrazitgrau, Braun und Beige erh\u00e4ltlich. Wir sorgen daf\u00fcr, dass Sie sich Ihren Traumraum schaffen k\u00f6nnen und bieten Ihnen daher eine gro\u00dfe Auswahl an hochwertigen M\u00f6beln f\u00fcr Ihr Schrankbett. Mit unseren Memory-Foam-Matratzen k\u00f6nnen Sie sicher sein, dass Sie einen <strong>angenehmen Schlaf<\/strong> genie\u00dfen. Unser vertikales Schrankbett steht herk\u00f6mmlichen Betten in nichts nach.[\/vc_column_text][\/vc_column][vc_column width=&#8220;1\/2&#8243;][vc_column_text text_larger=&#8220;no&#8220;]<\/p>\n<h5>Abmessungen des Schrankbetts Vertikales Schrankbett 2 Pl\u00e4tze :<\/h5>\n<p><strong>Breite:<\/strong> 155 cm  <strong>H\u00f6he:<\/strong> 209 cm  <strong>Tiefe des offenen Bettes:<\/strong> 206 cm  <strong>F\u00fcr eine Liegefl\u00e4che von 140 cm x 190<\/strong><strong>cmMaximale<\/strong> <strong>H\u00f6he<\/strong> der<strong>Matratze:<\/strong> 25 cm  <\/p>\n<h5>Abmessungen des klassischen 2-Sitzer-Sofas :<\/h5>\n<p><strong>Gesamtbreite:<\/strong> 170 cm  <strong>Tiefe:<\/strong> 70 cm  <strong>H\u00f6he bis zur Armlehne:<\/strong> 75 cm  <strong>H\u00f6he der Sitzfl\u00e4che:<\/strong> 37 cm[\/vc_column_text][\/vc_column][\/vc_row]<\/p>\n<\/div>","protected":false},"excerpt":{"rendered":"<p><strong>Das vertikale 2-Sitzer Schrankbett Smart<\/strong> ist die L\u00f6sung, um aus Ihrem Schlafzimmer tags\u00fcber ein elegantes Designer-Wohnzimmer zu machen. Mit einer komfortablen Liegefl\u00e4che von 140 cm x 190 cm und einem 2-Sitzer-Sofa (optional) , laden Sie Ihre G\u00e4ste ein oder genie\u00dfen Sie einen hochwertigen Wohnraum.<\/p>\n","protected":false},"featured_media":16863,"comment_status":"open","ping_status":"closed","template":"","meta":[],"product_brand":[],"product_cat":[472,473,476],"product_tag":[],"class_list":{"0":"post-18704","1":"product","2":"type-product","3":"status-publish","4":"has-post-thumbnail","6":"product_cat-schrankbett","7":"product_cat-schrankbett-mit-sofa","8":"product_cat-vertikales-schrankbett","10":"first","11":"instock","12":"sale","13":"taxable","14":"shipping-taxable","15":"purchasable","16":"product-type-simple"},"_links":{"self":[{"href":"https:\/\/luxbed.lu\/de\/wp-json\/wp\/v2\/product\/18704","targetHints":{"allow":["GET"]}}],"collection":[{"href":"https:\/\/luxbed.lu\/de\/wp-json\/wp\/v2\/product"}],"about":[{"href":"https:\/\/luxbed.lu\/de\/wp-json\/wp\/v2\/types\/product"}],"replies":[{"embeddable":true,"href":"https:\/\/luxbed.lu\/de\/wp-json\/wp\/v2\/comments?post=18704"}],"wp:featuredmedia":[{"embeddable":true,"href":"https:\/\/luxbed.lu\/de\/wp-json\/wp\/v2\/media\/16863"}],"wp:attachment":[{"href":"https:\/\/luxbed.lu\/de\/wp-json\/wp\/v2\/media?parent=18704"}],"wp:term":[{"taxonomy":"product_brand","embeddable":true,"href":"https:\/\/luxbed.lu\/de\/wp-json\/wp\/v2\/product_brand?post=18704"},{"taxonomy":"product_cat","embeddable":true,"href":"https:\/\/luxbed.lu\/de\/wp-json\/wp\/v2\/product_cat?post=18704"},{"taxonomy":"product_tag","embeddable":true,"href":"https:\/\/luxbed.lu\/de\/wp-json\/wp\/v2\/product_tag?post=18704"}],"curies":[{"name":"wp","href":"https:\/\/api.w.org\/{rel}","templated":true}]}}