{"id":18705,"date":"2021-09-29T16:16:34","date_gmt":"2024-01-08T10:15:00","guid":{"rendered":"https:\/\/luxul.lu\/optimales-horizontales-schrankbett-mit-moebliertem-schrank\/"},"modified":"2025-01-21T09:48:17","modified_gmt":"2025-01-21T08:48:17","slug":"optimales-horizontales-schrankbett-mit-moebliertem-schrank","status":"publish","type":"product","link":"https:\/\/luxbed.lu\/de\/optimales-horizontales-schrankbett-mit-moebliertem-schrank\/","title":{"rendered":"Optimales horizontales Schrankbett mit m\u00f6bliertem Schrank"},"content":{"rendered":"<div class=\"wpb-content-wrapper\"><p>[vc_row][vc_column][vc_column_text text_larger=&#8220;no&#8220;]<\/p>\n<h2>Vielf\u00e4ltige Aufbewahrungsm\u00f6glichkeiten<\/h2>\n<p><span style=\"font-weight: 400;\">Dieses <strong>ausziehbare Schrankbett<\/strong> bietet viel Stauraum, um Ihren Platz optimal zu nutzen. Mehrere Ablagef\u00e4cher sind in den horizontal installierten oberen Teil integriert. Das Oberteil auf M\u00f6bel verf\u00fcgt \u00fcber 4 Fl\u00fcgelt\u00fcren, mehrere Einlegeb\u00f6den im Schrankinneren und 4 offene Ablagef\u00e4cher darunter.<\/span>[\/vc_column_text][\/vc_column][\/vc_row][vc_row][vc_column width=&#8220;1\/2&#8243;][vc_column_text text_larger=&#8220;no&#8220;]<\/p>\n<h2>Der ultimative Platzsparer<\/h2>\n<p>Wie Sie sehen, ist dieses multifunktionale <strong>M\u00f6belst\u00fcck<\/strong> die perfekte L\u00f6sung, um einen kleinen Raum einzurichten. Horizontal aufgestellt nimmt das Bett nicht viel Platz im Raum ein und passt sich perfekt an jede Nutzungsfrequenz (t\u00e4glich oder einmalig) an. Mit seinem Federmechanismus ist er einfach und bequem zu handhaben. Die Kissen und Steppdecken werden von einem Gurt im Inneren gehalten und lassen sich so leichter verstauen.<\/p>\n<p>Das Schrankbett ist ein M\u00f6belst\u00fcck, das immer wieder als praktisch angepriesen wird. Es eignet sich perfekt f\u00fcr Kinder-\/Jugendzimmer, wenn Sie allein leben und Platz sparen m\u00fcssen oder einfach als G\u00e4stezimmer.<\/p>\n<h2>Das optimale horizontale Schrankbett: komfortabel, zuverl\u00e4ssig und individuell anpassbar<\/h2>\n<p>Das optimale horizontale Schrankbett ist <strong>genauso komfortabel wie ein herk\u00f6mmliches Bett<\/strong>. Mit hochwertiger Bettw\u00e4sche ist Ihnen ein hervorragender Schlaf garantiert. Mit unseren Memory-Foam-Matratzen findet Ihre K\u00f6rperform sicher den richtigen Schuh.<\/p>\n<p><span style=\"font-weight: 400;\">Um unseren Kunden optimale Sicherheit zu bieten, verwenden wir nur die besten Mechanismen in unseren Modellen. Diese werden w\u00e4hrend der Produktionsphase getestet und genehmigt und  <\/span><a href=\"https:\/\/luxul.lu\/avis-clients\/\" target=\"_blank\" rel=\"noopener\">unsere Kunden sind sehr zufrieden<\/a><span style=\"font-weight: 400;\"> mit der Qualit\u00e4t unserer M\u00f6bel.<\/span><\/p>\n<p><span style=\"font-weight: 400;\">Sie k\u00f6nnen Ihr M\u00f6belst\u00fcck individuell gestalten, indem Sie nicht nur die Farbe der Front, sondern auch zus\u00e4tzliche Ablagef\u00e4cher w\u00e4hlen. <\/span> <span style=\"font-weight: 400;\">und andere Accessoires, die Sie sich w\u00fcnschen :<\/span><\/p>\n<ul>\n<li>Ein Schreibtisch, um sich einen kleinen Arbeitsbereich einzurichten<\/li>\n<li>Vertikaler S\u00e4ulenschrank<\/li>\n<li>Mehrere Regale<\/li>\n<li>Bibliotheken<\/li>\n<\/ul>\n<p><span style=\"font-weight: 400;\">Und weitere Zusatzoptionen, um von einem ganz individuellen M\u00f6belst\u00fcck zu profitieren, das Pragmatismus und \u00c4sthetik in Ihr Zuhause bringt.<\/span><b><\/b>[\/vc_column_text][\/vc_column][vc_column width=&#8220;1\/2&#8243;][vc_single_image image=&#8220;16650&#8243; img_size=&#8220;full&#8220; parallax_scroll=&#8220;no&#8220;][vc_column_text text_larger=&#8220;no&#8220;]<\/p>\n<h4><strong>Abmessungen :<\/strong><\/h4>\n<p><span style=\"font-weight: 400;\"><strong>Breite:<\/strong> 205 cm<\/span><\/p>\n<p><span style=\"font-weight: 400;\"><strong>H\u00f6he:<\/strong> 209 cm<\/span><\/p>\n<p><span style=\"font-weight: 400;\"><strong>Tiefe offenes Bett:<\/strong> 113.5 cm<\/span><\/p>\n<p><strong>F\u00fcr eine Liegefl\u00e4che von 90 cm x 190 cm<\/strong><\/p>\n<p><span style=\"font-weight: 400;\"><strong>Maximale H\u00f6he der Matratze:<\/strong> 25 cm<\/span><\/p>\n<p><b>Der obere Teil (der Schrank auf einem horizontalen M\u00f6belst\u00fcck) ist im urspr\u00fcnglichen Preis enthalten.<\/b>[\/vc_column_text][\/vc_column][\/vc_row]<\/p>\n<\/div>","protected":false},"excerpt":{"rendered":"<p><strong>Der Schrankbett Optimale horizontale 1-Sitzer<\/strong> mit <strong>Einbauschrank<\/strong> bietet Ihnen eine <strong>un\u00fcbertroffene<\/strong> Option zur <strong>Raumoptimierung<\/strong>. Mit einer Liegefl\u00e4che von 90 cm x 190 cm und viel Stauraum ist es das perfekte M\u00f6belst\u00fcck, um einen kleinen Raum einzurichten. Sie k\u00f6nnen Funktionalit\u00e4t und \u00c4sthetik miteinander verbinden, um Ihren Wohnraum effektiv einzurichten.<\/p>\n","protected":false},"featured_media":16633,"comment_status":"open","ping_status":"closed","template":"","meta":[],"product_brand":[],"product_cat":[474,472],"product_tag":[],"class_list":{"0":"post-18705","1":"product","2":"type-product","3":"status-publish","4":"has-post-thumbnail","6":"product_cat-horizontales-schrankbett","7":"product_cat-schrankbett","9":"first","10":"instock","11":"sale","12":"taxable","13":"shipping-taxable","14":"purchasable","15":"product-type-simple"},"_links":{"self":[{"href":"https:\/\/luxbed.lu\/de\/wp-json\/wp\/v2\/product\/18705","targetHints":{"allow":["GET"]}}],"collection":[{"href":"https:\/\/luxbed.lu\/de\/wp-json\/wp\/v2\/product"}],"about":[{"href":"https:\/\/luxbed.lu\/de\/wp-json\/wp\/v2\/types\/product"}],"replies":[{"embeddable":true,"href":"https:\/\/luxbed.lu\/de\/wp-json\/wp\/v2\/comments?post=18705"}],"wp:featuredmedia":[{"embeddable":true,"href":"https:\/\/luxbed.lu\/de\/wp-json\/wp\/v2\/media\/16633"}],"wp:attachment":[{"href":"https:\/\/luxbed.lu\/de\/wp-json\/wp\/v2\/media?parent=18705"}],"wp:term":[{"taxonomy":"product_brand","embeddable":true,"href":"https:\/\/luxbed.lu\/de\/wp-json\/wp\/v2\/product_brand?post=18705"},{"taxonomy":"product_cat","embeddable":true,"href":"https:\/\/luxbed.lu\/de\/wp-json\/wp\/v2\/product_cat?post=18705"},{"taxonomy":"product_tag","embeddable":true,"href":"https:\/\/luxbed.lu\/de\/wp-json\/wp\/v2\/product_tag?post=18705"}],"curies":[{"name":"wp","href":"https:\/\/api.w.org\/{rel}","templated":true}]}}