{"id":18706,"date":"2021-09-29T11:07:33","date_gmt":"2024-01-08T10:15:06","guid":{"rendered":"https:\/\/luxul.lu\/schrankbett-vertikales-schrankbett-xl-2-plaetze\/"},"modified":"2025-01-21T09:21:56","modified_gmt":"2025-01-21T08:21:56","slug":"schrankbett-vertikales-schrankbett-xl-2-plaetze","status":"publish","type":"product","link":"https:\/\/luxbed.lu\/de\/schrankbett-vertikales-schrankbett-xl-2-plaetze\/","title":{"rendered":"Schrankbett vertikales Schrankbett XL 2 Pl\u00e4tze"},"content":{"rendered":"<div class=\"wpb-content-wrapper\"><p>[vc_row][vc_column][vc_column_text text_larger=&#8220;no&#8220;]<\/p>\n<h2>Das vertikale Schrankbett XL: ein einzigartiges Bett f\u00fcr ein einzigartiges St\u00fcck<\/h2>\n<p>  Die gro\u00dfe St\u00e4rke des Schrankbetts ist die individuelle Gestaltung Ihrer Einrichtung. Auch wenn Sie nur wenig Platz haben, machen Sie aus Ihrem Raum tags\u00fcber ein modernes, schickes Wohnzimmer und nachts ein gem\u00fctliches Schlafzimmer. Mit zus\u00e4tzlichen Optionen gestalten Sie ein Einzelst\u00fcck, das ganz Ihren Bed\u00fcrfnissen entspricht. Vertikale S\u00e4ulen, mehrere Regale oder ein B\u00fccherregal k\u00f6nnen hinzugef\u00fcgt werden, damit Sie die gew\u00fcnschten M\u00f6belkombinationen schaffen k\u00f6nnen.[\/vc_column_text][\/vc_column][\/vc_row][vc_row][vc_column width=&#8220;1\/2&#8243;][vc_column_text text_larger=&#8220;no&#8220;]<\/p>\n<h2>Eleganz in Ihrem Wohn- und Schlafzimmer<\/h2>\n<p>  Das Schrankbett kann mit verschiedenen Farben personalisiert werden, die wir Ihnen anbieten: Dunkle Farbt\u00f6ne :  <\/p>\n<ul>\n<li>Cappuccino<\/li>\n<li>Dunkles Taupe<\/li>\n<li>Schwarz<\/li>\n<li>Anthrazitgrau<\/li>\n<li>Dunkles Holz<\/li>\n<\/ul>\n<p>  Helle Farbt\u00f6ne :  <\/p>\n<ul>\n<li>Helles Holz<\/li>\n<li>Wei\u00df<\/li>\n<li>Helles Taupe<\/li>\n<\/ul>\n<h3>Ein 3-Sitzer- oder 2-Sitzer-Sofa<\/h3>\n<p>  Um das perfekte Wohnzimmer zu schaffen, in dem Sie Ihre Lieben einladen oder einen gem\u00fctlichen Lese- oder Fernsehnachmittag genie\u00dfen k\u00f6nnen, bieten wir Ihnen verschiedene hochwertige Sofamodelle an, die Ihren Bed\u00fcrfnissen entsprechen. \u00dcbernehmen Sie die nordeurop\u00e4ische Eleganz mit einem skandinavischen 3-Sitzer-Sofa. Ob mit oder ohne Ecken, dieses hochwertige Sofa wird sich perfekt an das Design Ihrer Einrichtung anpassen. Praktisch sind die abnehmbaren Armlehnen und der skandinavische Hocker, die Ihnen zus\u00e4tzliche Zweckm\u00e4\u00dfigkeit verleihen. Sie k\u00f6nnen sich aber auch f\u00fcr ein klassisches 2- oder 3-Sitzer-Sofa mit einem Bettkasten entscheiden. Alle unsere Modelle sind in Braun, Beige und Anthrazitgrau erh\u00e4ltlich, damit Sie die \u00c4sthetik Ihres Raumes optimal anpassen k\u00f6nnen. Die R\u00fcckenlehne der Sofas l\u00e4sst sich leicht zusammenklappen, sodass das Bett effektiv abgesenkt werden kann.[\/vc_column_text][\/vc_column][vc_column width=&#8220;1\/2&#8243;][vc_column_text text_larger=&#8220;no&#8220;]<\/p>\n<h3>Schlafen Sie sicher<\/h3>\n<p>  Mit einem getesteten und bew\u00e4hrten Federmechanismus garantiert unser ausziehbares Bett Sicherheit und Benutzerfreundlichkeit f\u00fcr den t\u00e4glichen oder einmaligen Gebrauch. Die Sicherheit unserer Kunden steht an erster Stelle und deshalb bauen wir nur die besten und langlebigsten Mechanismen in unsere Modelle ein. Sie k\u00f6nnen auf einer hochwertigen Memory-Foam-Matratze schlafen, die Ihrem K\u00f6rper einen erholsamen Schlaf garantiert. Das Schrankbett wird Sie immer wieder \u00fcberraschen und hat noch <a href=\"https:\/\/luxul.lu\/avantages-du-lit-escamotable\/\" target=\"_blank\" rel=\"noopener\">viele weitere Vorteile<\/a>!  <\/p>\n<h5>Abmessungen des Schrankbetts Vertikales Schrankbett XL 2-Sitzer :<\/h5>\n<p><strong>Breite:<\/strong> 175 cm <strong>H\u00f6he:<\/strong> 219 cm.  <strong>Tiefe des offenen Bettes:<\/strong> 216 cm F\u00fcr eine Liegefl\u00e4che von 160 cm x 200 cm.  <strong>Maximale H\u00f6he der Matratze:<\/strong> 25 cm[\/vc_column_text][\/vc_column][\/vc_row]<\/p>\n<\/div>","protected":false},"excerpt":{"rendered":"<p><strong>Der Schrank Schrankbett vertikal XL f\u00fcr 2 Personen<\/strong> ist die Eleganz eines hochwertigen M\u00f6belst\u00fccks mit dem Pragmatismus eines platzsparenden M\u00f6belst\u00fccks. Mit einer Liegefl\u00e4che von 160 cm x 200 cm genie\u00dfen Sie ein hochwertiges Bett, das praktisch, strapazierf\u00e4hig und modern ist.<\/p>\n","protected":false},"featured_media":16851,"comment_status":"open","ping_status":"closed","template":"","meta":[],"product_brand":[],"product_cat":[472,473,476],"product_tag":[],"class_list":{"0":"post-18706","1":"product","2":"type-product","3":"status-publish","4":"has-post-thumbnail","6":"product_cat-schrankbett","7":"product_cat-schrankbett-mit-sofa","8":"product_cat-vertikales-schrankbett","10":"first","11":"instock","12":"sale","13":"taxable","14":"shipping-taxable","15":"purchasable","16":"product-type-simple"},"_links":{"self":[{"href":"https:\/\/luxbed.lu\/de\/wp-json\/wp\/v2\/product\/18706","targetHints":{"allow":["GET"]}}],"collection":[{"href":"https:\/\/luxbed.lu\/de\/wp-json\/wp\/v2\/product"}],"about":[{"href":"https:\/\/luxbed.lu\/de\/wp-json\/wp\/v2\/types\/product"}],"replies":[{"embeddable":true,"href":"https:\/\/luxbed.lu\/de\/wp-json\/wp\/v2\/comments?post=18706"}],"wp:featuredmedia":[{"embeddable":true,"href":"https:\/\/luxbed.lu\/de\/wp-json\/wp\/v2\/media\/16851"}],"wp:attachment":[{"href":"https:\/\/luxbed.lu\/de\/wp-json\/wp\/v2\/media?parent=18706"}],"wp:term":[{"taxonomy":"product_brand","embeddable":true,"href":"https:\/\/luxbed.lu\/de\/wp-json\/wp\/v2\/product_brand?post=18706"},{"taxonomy":"product_cat","embeddable":true,"href":"https:\/\/luxbed.lu\/de\/wp-json\/wp\/v2\/product_cat?post=18706"},{"taxonomy":"product_tag","embeddable":true,"href":"https:\/\/luxbed.lu\/de\/wp-json\/wp\/v2\/product_tag?post=18706"}],"curies":[{"name":"wp","href":"https:\/\/api.w.org\/{rel}","templated":true}]}}