{"id":18707,"date":"2021-09-29T17:13:27","date_gmt":"2024-01-08T10:15:07","guid":{"rendered":"https:\/\/luxul.lu\/optimales-horizontales-etagen-schrankbett\/"},"modified":"2025-01-21T09:48:14","modified_gmt":"2025-01-21T08:48:14","slug":"optimales-horizontales-etagen-schrankbett","status":"publish","type":"product","link":"https:\/\/luxbed.lu\/de\/optimales-horizontales-etagen-schrankbett\/","title":{"rendered":"Optimales horizontales Etagen-Schrankbett"},"content":{"rendered":"<div class=\"wpb-content-wrapper\"><p>[vc_row][vc_column][vc_column_text text_larger=&#8220;no&#8220;]<\/p>\n<h2>Das Schrankbett mit Etagenbett f\u00fcr mehr Platz<\/h2>\n<p><strong>Der Etagenbettschrank<\/strong> bietet Ihnen zwei bequeme Schlafpl\u00e4tze 90 cm x 190 cm. Dieses geniale M\u00f6belst\u00fcck wird es Ihnen erm\u00f6glichen, den Ihnen zur Verf\u00fcgung stehenden Platz optimal zu nutzen, sei es f\u00fcr eine Wohngemeinschaft, ein G\u00e4stezimmer oder \u00c4hnliches. Dieses einfach zu bedienende Schrankbett ist<strong> praktisch und leicht zu handhaben<\/strong> f\u00fcr den t\u00e4glichen oder einmaligen Gebrauch.[\/vc_column_text][\/vc_column][\/vc_row][vc_row][vc_column width=&#8220;1\/2&#8243;][vc_column_text text_larger=&#8220;no&#8220;]<\/p>\n<h3>Ein praktisches, bequemes und sicheres M\u00f6belst\u00fcck<\/h3>\n<p>Wenn Sie einen vollen Terminkalender haben oder einfach keine Lust haben, viel Zeit mit dem Aufr\u00e4umen Ihres Zimmers zu verbringen, ist dieses M\u00f6belst\u00fcck genau das Richtige f\u00fcr Sie. Denn das Bett muss nicht vor jedem Gebrauch gemacht werden, sondern Bettlaken, Decke und Kissen bleiben an Ort und Stelle.<\/p>\n<p>Unsere hochwertigen Matratzen bieten Ihnen den Schlafkomfort, der f\u00fcr die Aufrechterhaltung eines gesunden Lebensgleichgewichts unerl\u00e4sslich ist. Der obere Schlafplatz ist mit einer Leiter leicht erreichbar und das Bett l\u00e4sst sich mit einem einfachen Handgriff \u00f6ffnen und umklappen.<\/p>\n<p>Wie bei allen unseren Schrankbetten steht <strong>Sicherheit<\/strong> an erster Stelle. Aber wenn es um das Schrankbett als Etagenbett geht, ist die Sicherung des oberen Schlafplatzes noch wichtiger. Deshalb wird dieser von zwei klappbaren Seitengel\u00e4ndern eingerahmt, um die Gefahr eines Sturzes zu vermeiden. Wenn Kinder oder Jugendliche es benutzen, brauchen Sie <strong>keine Angst zu haben, dass sie sicher sind<\/strong>. Unsere Betten sind Spitzenmodelle, die aus hochwertigen Materialien gefertigt werden, und <a href=\"https:\/\/luxul.lu\/avis-clients\/\" target=\"_blank\" rel=\"noopener\">unsere Kunden haben ihre Freude<\/a> daran.<\/p>\n<p>Au\u00dferdem stehen Ihnen zahlreiche Anpassungsoptionen zur Verf\u00fcgung, um eine einzigartige Gestaltung Ihrer Inneneinrichtung zu gew\u00e4hrleisten. Verschiedene Farben, hell und dunkel, aber auch zus\u00e4tzliche Aufbewahrungsm\u00f6bel und Accessoires werden Ihnen zur Verf\u00fcgung gestellt, damit <strong>Sie den Raum gestalten k\u00f6nnen, der Ihren Bed\u00fcrfnissen entspricht<\/strong>.[\/vc_column_text][vc_column_text text_larger=&#8220;no&#8220; woodmart_inline=&#8220;no&#8220;]<strong>Abmessungen:<\/strong><\/p>\n<p>F\u00fcr eine Liegefl\u00e4che von 90 cm x 190 cm,<\/p>\n<p>Maximale H\u00f6he der Matratze: 25 cm[\/vc_column_text][\/vc_column][vc_column width=&#8220;1\/2&#8243;][vc_single_image image=&#8220;16685&#8243; img_size=&#8220;large&#8220; parallax_scroll=&#8220;no&#8220;][\/vc_column][\/vc_row]<\/p>\n<\/div>","protected":false},"excerpt":{"rendered":"<p>Mit dem <strong>horizontalen Schrankbett<\/strong> k\u00f6nnen Sie sicher sein, dass Sie einen multifunktionalen und gem\u00fctlichen Wohnraum f\u00fcr Gro\u00df und Klein haben. Ideal f\u00fcr ein Kinder-\/Jugendzimmer, eine Wohngemeinschaft oder ein G\u00e4stezimmer &#8211; <strong>dieses hochwertige M\u00f6belst\u00fcck<\/strong> ist das Beste, was es an platzsparender Inneneinrichtung gibt.<\/p>\n","protected":false},"featured_media":16671,"comment_status":"open","ping_status":"closed","template":"","meta":[],"product_brand":[],"product_cat":[475,472],"product_tag":[],"class_list":{"0":"post-18707","1":"product","2":"type-product","3":"status-publish","4":"has-post-thumbnail","6":"product_cat-etagen-schrankbett","7":"product_cat-schrankbett","9":"first","10":"instock","11":"sale","12":"taxable","13":"shipping-taxable","14":"purchasable","15":"product-type-simple"},"_links":{"self":[{"href":"https:\/\/luxbed.lu\/de\/wp-json\/wp\/v2\/product\/18707","targetHints":{"allow":["GET"]}}],"collection":[{"href":"https:\/\/luxbed.lu\/de\/wp-json\/wp\/v2\/product"}],"about":[{"href":"https:\/\/luxbed.lu\/de\/wp-json\/wp\/v2\/types\/product"}],"replies":[{"embeddable":true,"href":"https:\/\/luxbed.lu\/de\/wp-json\/wp\/v2\/comments?post=18707"}],"wp:featuredmedia":[{"embeddable":true,"href":"https:\/\/luxbed.lu\/de\/wp-json\/wp\/v2\/media\/16671"}],"wp:attachment":[{"href":"https:\/\/luxbed.lu\/de\/wp-json\/wp\/v2\/media?parent=18707"}],"wp:term":[{"taxonomy":"product_brand","embeddable":true,"href":"https:\/\/luxbed.lu\/de\/wp-json\/wp\/v2\/product_brand?post=18707"},{"taxonomy":"product_cat","embeddable":true,"href":"https:\/\/luxbed.lu\/de\/wp-json\/wp\/v2\/product_cat?post=18707"},{"taxonomy":"product_tag","embeddable":true,"href":"https:\/\/luxbed.lu\/de\/wp-json\/wp\/v2\/product_tag?post=18707"}],"curies":[{"name":"wp","href":"https:\/\/api.w.org\/{rel}","templated":true}]}}