{"id":18588,"date":"2021-09-29T16:04:15","date_gmt":"2023-12-11T14:37:24","guid":{"rendered":"https:\/\/luxul.lu\/horizontaal-2-persoons-opklapbed\/"},"modified":"2025-01-21T09:48:24","modified_gmt":"2025-01-21T08:48:24","slug":"horizontaal-2-persoons-opklapbed","status":"publish","type":"product","link":"https:\/\/luxbed.lu\/nl\/horizontaal-2-persoons-opklapbed\/","title":{"rendered":"Horizontaal 2-persoons opklapbed"},"content":{"rendered":"<div class=\"wpb-content-wrapper\"><p>[vc_row][vc_column][vc_column_text text_larger=&#8221;no&#8221;]<\/p>\n<h2>Het 2-zitsbed om je kamer te optimaliseren<\/h2>\n<p>Het horizontale Opklapbed voor 2 personen past zich aan je behoeften aan. Met de vele opties kun je de <strong>ultieme multifunctionele kamer<\/strong> cre\u00ebren. Wil je overdag ruimte vrijmaken en &#8217;s nachts een knus nestje voor \u00e9\u00e9n of twee personen? Wil je een <strong>elegante woonkamer<\/strong> cre\u00ebren zodat je kunt genieten van een prachtige leefruimte terwijl je &#8217;s nachts comfortabel slaapt in een kwaliteitsbed? Of wil je een praktische <strong>werkruimte<\/strong> die je gemakkelijk kunt veranderen zodat je rustig kunt werken of studeren? Dan is dit meubelstuk met <a href=\"https:\/\/luxul.lu\/avantages-du-lit-escamotable\/\" target=\"_blank\" rel=\"noopener\">zijn vele voordelen<\/a> echt iets voor jou![\/vc_column_text][\/vc_column][\/vc_row][vc_row][vc_column width=&#8221;1\/2&#8243;][vc_column_text text_larger=&#8221;no&#8221;]<\/p>\n<h2>Talloze opties<\/h2>\n<p>Onze opklapbedden worden geleverd met een groot aantal opties voor maximale aanpassing.<\/p>\n<ul>\n<li style=\"list-style-type: none;\">\n<ul>\n<li>Extra opbergmeubels (horizontale kast met draaideuren, meerdere legplanken en 3-deurs kledingkast met hangruimte)<\/li>\n<li>Een klassieke 2- of 3-zitsbank met opbergbox<\/li>\n<li>Een Scandinavische bank en poef met afneembare armleuningen<\/li>\n<li>Diverse accessoires (LED touch lamp, paar dubbele USB-aansluitingen)<\/li>\n<\/ul>\n<\/li>\n<\/ul>\n<p>Zoals je kunt zien, kun je een persoonlijke multifunctionele ruimte cre\u00ebren en tegelijkertijd ruimte besparen.[\/vc_column_text][vc_column_text text_larger=&#8221;no&#8221; woodmart_inline=&#8221;no&#8221;]<\/p>\n<h3>Een eenpersoonsbed voor \u00e9\u00e9n persoon<\/h3>\n<p>Dat is nog niet alles, want je kunt ook kleuren en opties voor je kastbed kiezen. Je kunt kiezen tussen een basisbed van 140 cm x 190 cm of een bed van 160 cm x 190 cm, afhankelijk van je behoeften en wensen. Onze traagschuimmatrassen geven je ook een comfortabele en rustgevende nachtrust, dus probeer ze eens![\/vc_column_text][\/vc_column][vc_column width=&#8221;1\/2&#8243;][vc_column_text text_larger=&#8221;no&#8221; woodmart_inline=&#8221;no&#8221;]<\/p>\n<h4>Afmetingen : Voor bed van 140 cm x 190 cm<\/h4>\n<p><strong>Breedte:<\/strong> 205 cm<\/p>\n<p><strong>Hoogte:<\/strong> 209 cm met een horizontale kledingkast met draaideuren boven het bed (optioneel) \/ 154,5 cm zonder kledingkast<\/p>\n<p><strong>Diepte open bed:<\/strong> 155 cm<\/p>\n<p>Voor een bed van 140 cm x 190 cm maximale matrashoogte: 25 cm[\/vc_column_text][vc_column_text text_larger=&#8221;no&#8221; woodmart_inline=&#8221;no&#8221;]<\/p>\n<h4>Afmetingen : Voor bed van 160 cm x 200 cm<\/h4>\n<p><strong>Breedte:<\/strong> 215 cm<\/p>\n<p><strong>Hoogte:<\/strong> 174,5 cm zonder kast!<\/p>\n<p><strong>Diepte open bed:<\/strong> 175 cm<\/p>\n<p>Voor een bed van 160 cm x 200 cm maximale matrashoogte: 25 cm[\/vc_column_text][\/vc_column][\/vc_row]<\/p>\n<\/div>","protected":false},"excerpt":{"rendered":"<p><strong>Het horizontale Opklapbed voor 2 personen<\/strong> is de perfecte ruimtebespaarder! Als je maar een kleine ruimte hebt of gewoon een multifunctioneel meubelstuk wilt, is dit elegante bed met een comfortabel bed van 140 cm x 190 cm de <strong>ideale oplossing om je ruimte optimaal<\/strong> te benutten.<\/p>\n","protected":false},"featured_media":17268,"comment_status":"open","ping_status":"closed","template":"","meta":[],"product_brand":[],"product_cat":[442,438,440],"product_tag":[],"class_list":{"0":"post-18588","1":"product","2":"type-product","3":"status-publish","4":"has-post-thumbnail","6":"product_cat-horizontaal-opklapbed","7":"product_cat-opklapbed","8":"product_cat-uitschuifbaar-bed-met-bank","10":"first","11":"instock","12":"sale","13":"taxable","14":"shipping-taxable","15":"purchasable","16":"product-type-simple"},"_links":{"self":[{"href":"https:\/\/luxbed.lu\/nl\/wp-json\/wp\/v2\/product\/18588","targetHints":{"allow":["GET"]}}],"collection":[{"href":"https:\/\/luxbed.lu\/nl\/wp-json\/wp\/v2\/product"}],"about":[{"href":"https:\/\/luxbed.lu\/nl\/wp-json\/wp\/v2\/types\/product"}],"replies":[{"embeddable":true,"href":"https:\/\/luxbed.lu\/nl\/wp-json\/wp\/v2\/comments?post=18588"}],"wp:featuredmedia":[{"embeddable":true,"href":"https:\/\/luxbed.lu\/nl\/wp-json\/wp\/v2\/media\/17268"}],"wp:attachment":[{"href":"https:\/\/luxbed.lu\/nl\/wp-json\/wp\/v2\/media?parent=18588"}],"wp:term":[{"taxonomy":"product_brand","embeddable":true,"href":"https:\/\/luxbed.lu\/nl\/wp-json\/wp\/v2\/product_brand?post=18588"},{"taxonomy":"product_cat","embeddable":true,"href":"https:\/\/luxbed.lu\/nl\/wp-json\/wp\/v2\/product_cat?post=18588"},{"taxonomy":"product_tag","embeddable":true,"href":"https:\/\/luxbed.lu\/nl\/wp-json\/wp\/v2\/product_tag?post=18588"}],"curies":[{"name":"wp","href":"https:\/\/api.w.org\/{rel}","templated":true}]}}